{"id":22426,"date":"2024-07-04T16:18:07","date_gmt":"2024-07-04T14:18:07","guid":{"rendered":"https:\/\/five2oneestate.com\/jobb-paa-five2one\/"},"modified":"2025-11-24T11:10:00","modified_gmt":"2025-11-24T10:10:00","slug":"jobb-paa-five2one","status":"publish","type":"page","link":"https:\/\/five2oneestate.com\/sv\/jobb-paa-five2one\/","title":{"rendered":"Jobb p\u00e5 Five2one"},"content":{"rendered":"\t\t<div data-elementor-type=\"wp-page\" data-elementor-id=\"22426\" class=\"elementor elementor-22426 elementor-20806\" data-elementor-post-type=\"page\">\n\t\t\t\t\t\t<section class=\"elementor-section elementor-top-section elementor-element elementor-element-7a34aa11 elementor-section-content-space-between elementor-section-boxed elementor-section-height-default elementor-section-height-default\" data-id=\"7a34aa11\" data-element_type=\"section\" data-e-type=\"section\" data-settings=\"{&quot;background_background&quot;:&quot;classic&quot;}\">\n\t\t\t\t\t\t<div class=\"elementor-container elementor-column-gap-no\">\n\t\t\t\t\t<div class=\"elementor-column elementor-col-100 elementor-top-column elementor-element elementor-element-464730bb\" data-id=\"464730bb\" data-element_type=\"column\" data-e-type=\"column\">\n\t\t\t<div class=\"elementor-widget-wrap elementor-element-populated\">\n\t\t\t\t\t\t<div class=\"elementor-element elementor-element-75de28b elementor-widget elementor-widget-heading\" data-id=\"75de28b\" data-element_type=\"widget\" data-e-type=\"widget\" data-widget_type=\"heading.default\">\n\t\t\t\t<div class=\"elementor-widget-container\">\n\t\t\t\t\t<h3 class=\"elementor-heading-title elementor-size-default\">Bli en del av Five2ones framg\u00e5ngssaga<\/h3>\t\t\t\t<\/div>\n\t\t\t\t<\/div>\n\t\t\t\t<div class=\"elementor-element elementor-element-4074fc4 elementor-widget elementor-widget-text-editor\" data-id=\"4074fc4\" data-element_type=\"widget\" data-e-type=\"widget\" data-widget_type=\"text-editor.default\">\n\t\t\t\t<div class=\"elementor-widget-container\">\n\t\t\t\t\t\t\t\t\t<p style=\"text-align: center;\">\u00c4r du redo att vara med p\u00e5 en sp\u00e4nnande resa inom fastighetsbranschen? Five2one letar efter nya talanger till v\u00e5rt v\u00e4xande team! <\/p>\t\t\t\t\t\t\t\t<\/div>\n\t\t\t\t<\/div>\n\t\t\t\t\t<\/div>\n\t\t<\/div>\n\t\t\t\t\t<\/div>\n\t\t<\/section>\n\t\t\t\t<section class=\"elementor-section elementor-top-section elementor-element elementor-element-bf873be elementor-section-full_width elementor-section-height-default elementor-section-height-default\" data-id=\"bf873be\" data-element_type=\"section\" data-e-type=\"section\" data-settings=\"{&quot;background_background&quot;:&quot;classic&quot;}\">\n\t\t\t\t\t\t<div class=\"elementor-container elementor-column-gap-default\">\n\t\t\t\t\t<div class=\"elementor-column elementor-col-100 elementor-top-column elementor-element elementor-element-35774a6\" data-id=\"35774a6\" data-element_type=\"column\" data-e-type=\"column\">\n\t\t\t<div class=\"elementor-widget-wrap\">\n\t\t\t\t\t\t\t<\/div>\n\t\t<\/div>\n\t\t\t\t\t<\/div>\n\t\t<\/section>\n\t\t\t\t<section class=\"elementor-section elementor-top-section elementor-element elementor-element-0bfd554 elementor-section-boxed elementor-section-height-default elementor-section-height-default\" data-id=\"0bfd554\" data-element_type=\"section\" data-e-type=\"section\">\n\t\t\t\t\t\t<div class=\"elementor-container elementor-column-gap-default\">\n\t\t\t\t\t<div class=\"elementor-column elementor-col-100 elementor-top-column elementor-element elementor-element-8ef9196\" data-id=\"8ef9196\" data-element_type=\"column\" data-e-type=\"column\">\n\t\t\t<div class=\"elementor-widget-wrap elementor-element-populated\">\n\t\t\t\t\t\t<div class=\"elementor-element elementor-element-ffb73bc elementor-widget elementor-widget-heading\" data-id=\"ffb73bc\" data-element_type=\"widget\" data-e-type=\"widget\" data-widget_type=\"heading.default\">\n\t\t\t\t<div class=\"elementor-widget-container\">\n\t\t\t\t\t<h3 class=\"elementor-heading-title elementor-size-default\">Lediga jobb p\u00e5 Five2one<\/h3>\t\t\t\t<\/div>\n\t\t\t\t<\/div>\n\t\t\t\t<div class=\"elementor-element elementor-element-20b14a5 elementor-widget elementor-widget-text-editor\" data-id=\"20b14a5\" data-element_type=\"widget\" data-e-type=\"widget\" data-widget_type=\"text-editor.default\">\n\t\t\t\t<div class=\"elementor-widget-container\">\n\t\t\t\t\t\t\t\t\t<p style=\"text-align: center;\">\u00c4r du redo att ta ditt n\u00e4sta karri\u00e4rsteg i ett snabbt v\u00e4xande f\u00f6retag? D\u00e5 kan Five2one vara r\u00e4tt plats f\u00f6r dig. <\/p><p style=\"text-align: center;\">Utforska v\u00e5ra lediga tj\u00e4nster nedan och f\u00f6lj med p\u00e5 v\u00e5r sp\u00e4nnande resa till toppen av fastighetsmarknaden p\u00e5 Costa del Sol.<\/p>\t\t\t\t\t\t\t\t<\/div>\n\t\t\t\t<\/div>\n\t\t\t\t\t<\/div>\n\t\t<\/div>\n\t\t\t\t\t<\/div>\n\t\t<\/section>\n\t\t\t\t<section class=\"elementor-section elementor-top-section elementor-element elementor-element-3ab203f elementor-section-boxed elementor-section-height-default elementor-section-height-default\" data-id=\"3ab203f\" data-element_type=\"section\" data-e-type=\"section\">\n\t\t\t\t\t\t<div class=\"elementor-container elementor-column-gap-default\">\n\t\t\t\t\t<div class=\"elementor-column elementor-col-25 elementor-top-column elementor-element elementor-element-e7776d6\" data-id=\"e7776d6\" data-element_type=\"column\" data-e-type=\"column\">\n\t\t\t<div class=\"elementor-widget-wrap\">\n\t\t\t\t\t\t\t<\/div>\n\t\t<\/div>\n\t\t\t\t<div class=\"elementor-column elementor-col-25 elementor-top-column elementor-element elementor-element-83f8dbe\" data-id=\"83f8dbe\" data-element_type=\"column\" data-e-type=\"column\">\n\t\t\t<div class=\"elementor-widget-wrap elementor-element-populated\">\n\t\t\t\t\t\t<div class=\"elementor-element elementor-element-1a7293a elementor-widget elementor-widget-image\" data-id=\"1a7293a\" data-element_type=\"widget\" data-e-type=\"widget\" data-widget_type=\"image.default\">\n\t\t\t\t<div class=\"elementor-widget-container\">\n\t\t\t\t\t\t\t\t\t\t\t\t\t\t\t<img fetchpriority=\"high\" decoding=\"async\" width=\"1024\" height=\"547\" src=\"https:\/\/five2oneestate.com\/wp-content\/uploads\/2024\/12\/servicekoordinator-1024x547.jpg\" class=\"attachment-large size-large wp-image-22431\" alt=\"\" srcset=\"https:\/\/five2oneestate.com\/wp-content\/uploads\/2024\/12\/servicekoordinator-1024x547.jpg 1024w, https:\/\/five2oneestate.com\/wp-content\/uploads\/2024\/12\/servicekoordinator-300x160.jpg 300w, https:\/\/five2oneestate.com\/wp-content\/uploads\/2024\/12\/servicekoordinator-768x410.jpg 768w, https:\/\/five2oneestate.com\/wp-content\/uploads\/2024\/12\/servicekoordinator-1536x820.jpg 1536w, https:\/\/five2oneestate.com\/wp-content\/uploads\/2024\/12\/servicekoordinator-1123x600.jpg 1123w, https:\/\/five2oneestate.com\/wp-content\/uploads\/2024\/12\/servicekoordinator-496x265.jpg 496w, https:\/\/five2oneestate.com\/wp-content\/uploads\/2024\/12\/servicekoordinator.jpg 1771w\" sizes=\"(max-width: 1024px) 100vw, 1024px\" \/>\t\t\t\t\t\t\t\t\t\t\t\t\t\t\t<\/div>\n\t\t\t\t<\/div>\n\t\t\t\t<div class=\"elementor-element elementor-element-993e8b6 elementor-widget elementor-widget-text-editor\" data-id=\"993e8b6\" data-element_type=\"widget\" data-e-type=\"widget\" data-widget_type=\"text-editor.default\">\n\t\t\t\t<div class=\"elementor-widget-container\">\n\t\t\t\t\t\t\t\t\t<p style=\"text-align: center;\"><strong>Servicekoordinator p\u00e5 Five2one<\/strong><\/p>\t\t\t\t\t\t\t\t<\/div>\n\t\t\t\t<\/div>\n\t\t\t\t<div class=\"elementor-element elementor-element-47444fd elementor-widget elementor-widget-text-editor\" data-id=\"47444fd\" data-element_type=\"widget\" data-e-type=\"widget\" data-widget_type=\"text-editor.default\">\n\t\t\t\t<div class=\"elementor-widget-container\">\n\t\t\t\t\t\t\t\t\t<p>Om du \u00e4r en probleml\u00f6sare med ett skarpt \u00f6ga f\u00f6r detaljer och \u00e4lskar att samordna och skapa n\u00f6jda kunder genom bra service, d\u00e5 kan detta vara jobbet f\u00f6r dig.<\/p>\t\t\t\t\t\t\t\t<\/div>\n\t\t\t\t<\/div>\n\t\t\t\t<div class=\"elementor-element elementor-element-c06c35a elementor-align-center elementor-widget elementor-widget-button\" data-id=\"c06c35a\" data-element_type=\"widget\" data-e-type=\"widget\" data-widget_type=\"button.default\">\n\t\t\t\t<div class=\"elementor-widget-container\">\n\t\t\t\t\t\t\t\t\t<div class=\"elementor-button-wrapper\">\n\t\t\t\t\t<a class=\"elementor-button elementor-button-link elementor-size-sm\" href=\"https:\/\/five2oneestate.com\/job-hos-five2one\/bliv-servicekoordinator-hos-five2one\/\">\n\t\t\t\t\t\t<span class=\"elementor-button-content-wrapper\">\n\t\t\t\t\t\t\t\t\t<span class=\"elementor-button-text\">L\u00e4s mer och ans\u00f6k h\u00e4r<\/span>\n\t\t\t\t\t<\/span>\n\t\t\t\t\t<\/a>\n\t\t\t\t<\/div>\n\t\t\t\t\t\t\t\t<\/div>\n\t\t\t\t<\/div>\n\t\t\t\t\t<\/div>\n\t\t<\/div>\n\t\t\t\t<div class=\"elementor-column elementor-col-25 elementor-top-column elementor-element elementor-element-6af5007\" data-id=\"6af5007\" data-element_type=\"column\" data-e-type=\"column\">\n\t\t\t<div class=\"elementor-widget-wrap elementor-element-populated\">\n\t\t\t\t\t\t<div class=\"elementor-element elementor-element-42b1489 elementor-widget elementor-widget-image\" data-id=\"42b1489\" data-element_type=\"widget\" data-e-type=\"widget\" data-widget_type=\"image.default\">\n\t\t\t\t<div class=\"elementor-widget-container\">\n\t\t\t\t\t\t\t\t\t\t\t\t\t\t\t<img decoding=\"async\" width=\"1024\" height=\"547\" src=\"https:\/\/five2oneestate.com\/wp-content\/uploads\/2024\/07\/JOB2-1024x547.jpg\" class=\"attachment-large size-large wp-image-22427\" alt=\"\" srcset=\"https:\/\/five2oneestate.com\/wp-content\/uploads\/2024\/07\/JOB2-1024x547.jpg 1024w, https:\/\/five2oneestate.com\/wp-content\/uploads\/2024\/07\/JOB2-300x160.jpg 300w, https:\/\/five2oneestate.com\/wp-content\/uploads\/2024\/07\/JOB2-768x410.jpg 768w, https:\/\/five2oneestate.com\/wp-content\/uploads\/2024\/07\/JOB2-1536x820.jpg 1536w, https:\/\/five2oneestate.com\/wp-content\/uploads\/2024\/07\/JOB2-1123x600.jpg 1123w, https:\/\/five2oneestate.com\/wp-content\/uploads\/2024\/07\/JOB2-496x265.jpg 496w, https:\/\/five2oneestate.com\/wp-content\/uploads\/2024\/07\/JOB2.jpg 1771w\" sizes=\"(max-width: 1024px) 100vw, 1024px\" \/>\t\t\t\t\t\t\t\t\t\t\t\t\t\t\t<\/div>\n\t\t\t\t<\/div>\n\t\t\t\t<div class=\"elementor-element elementor-element-4f3d8ec elementor-widget elementor-widget-text-editor\" data-id=\"4f3d8ec\" data-element_type=\"widget\" data-e-type=\"widget\" data-widget_type=\"text-editor.default\">\n\t\t\t\t<div class=\"elementor-widget-container\">\n\t\t\t\t\t\t\t\t\t<p style=\"text-align: center;\"><strong>Fastighetsm\u00e4klare p\u00e5 Five2one<\/strong><\/p>\t\t\t\t\t\t\t\t<\/div>\n\t\t\t\t<\/div>\n\t\t\t\t<div class=\"elementor-element elementor-element-765b46f elementor-widget elementor-widget-text-editor\" data-id=\"765b46f\" data-element_type=\"widget\" data-e-type=\"widget\" data-widget_type=\"text-editor.default\">\n\t\t\t\t<div class=\"elementor-widget-container\">\n\t\t\t\t\t\t\t\t\t<p>Om du brinner f\u00f6r fastigheter och dr\u00f6mmer om att hj\u00e4lpa skandinaver att f\u00f6rverkliga sin dr\u00f6m om att \u00e4ga ett semesterhus i Spanien, har du chansen nu.<\/p>\t\t\t\t\t\t\t\t<\/div>\n\t\t\t\t<\/div>\n\t\t\t\t<div class=\"elementor-element elementor-element-dc2ecdc elementor-align-center elementor-widget elementor-widget-button\" data-id=\"dc2ecdc\" data-element_type=\"widget\" data-e-type=\"widget\" data-widget_type=\"button.default\">\n\t\t\t\t<div class=\"elementor-widget-container\">\n\t\t\t\t\t\t\t\t\t<div class=\"elementor-button-wrapper\">\n\t\t\t\t\t<a class=\"elementor-button elementor-button-link elementor-size-sm\" href=\"https:\/\/five2oneestate.com\/sv\/jobb-paa-five2one\/bli-bostadsfoermedlare-med-five2one\/\">\n\t\t\t\t\t\t<span class=\"elementor-button-content-wrapper\">\n\t\t\t\t\t\t\t\t\t<span class=\"elementor-button-text\">L\u00e4s mer och ans\u00f6k h\u00e4r<\/span>\n\t\t\t\t\t<\/span>\n\t\t\t\t\t<\/a>\n\t\t\t\t<\/div>\n\t\t\t\t\t\t\t\t<\/div>\n\t\t\t\t<\/div>\n\t\t\t\t\t<\/div>\n\t\t<\/div>\n\t\t\t\t<div class=\"elementor-column elementor-col-25 elementor-top-column elementor-element elementor-element-5b2836b\" data-id=\"5b2836b\" data-element_type=\"column\" data-e-type=\"column\">\n\t\t\t<div class=\"elementor-widget-wrap\">\n\t\t\t\t\t\t\t<\/div>\n\t\t<\/div>\n\t\t\t\t\t<\/div>\n\t\t<\/section>\n\t\t\t\t<section class=\"elementor-section elementor-top-section elementor-element elementor-element-80eebfd elementor-section-boxed elementor-section-height-default elementor-section-height-default\" data-id=\"80eebfd\" data-element_type=\"section\" data-e-type=\"section\">\n\t\t\t\t\t\t<div class=\"elementor-container elementor-column-gap-default\">\n\t\t\t\t\t<div class=\"elementor-column elementor-col-100 elementor-top-column elementor-element elementor-element-060ba39\" data-id=\"060ba39\" data-element_type=\"column\" data-e-type=\"column\">\n\t\t\t<div class=\"elementor-widget-wrap elementor-element-populated\">\n\t\t\t\t\t\t<div class=\"elementor-element elementor-element-7f9af0f elementor-widget elementor-widget-spacer\" data-id=\"7f9af0f\" data-element_type=\"widget\" data-e-type=\"widget\" data-widget_type=\"spacer.default\">\n\t\t\t\t<div class=\"elementor-widget-container\">\n\t\t\t\t\t\t\t<div class=\"elementor-spacer\">\n\t\t\t<div class=\"elementor-spacer-inner\"><\/div>\n\t\t<\/div>\n\t\t\t\t\t\t<\/div>\n\t\t\t\t<\/div>\n\t\t\t\t<div class=\"elementor-element elementor-element-12b9d9d elementor-widget elementor-widget-text-editor\" data-id=\"12b9d9d\" data-element_type=\"widget\" data-e-type=\"widget\" data-widget_type=\"text-editor.default\">\n\t\t\t\t<div class=\"elementor-widget-container\">\n\t\t\t\t\t\t\t\t\t<p style=\"text-align: center;\">Hittade du inte det jobb du s\u00f6kte? Vi har nya lediga jobb hela tiden.<br>Skicka g\u00e4rna en spontanans\u00f6kan till v\u00e5r Office Manager p\u00e5 <a style=\"background-color: #f8f8f8;\" href=\"mailto:info@five2oneestate.com\">info@five2oneestate.com<\/a> <\/p>\t\t\t\t\t\t\t\t<\/div>\n\t\t\t\t<\/div>\n\t\t\t\t\t<\/div>\n\t\t<\/div>\n\t\t\t\t\t<\/div>\n\t\t<\/section>\n\t\t\t\t<section class=\"elementor-section elementor-top-section elementor-element elementor-element-4a9bda7 elementor-section-boxed elementor-section-height-default elementor-section-height-default\" data-id=\"4a9bda7\" data-element_type=\"section\" data-e-type=\"section\">\n\t\t\t\t\t\t<div class=\"elementor-container elementor-column-gap-default\">\n\t\t\t\t\t<div class=\"elementor-column elementor-col-100 elementor-top-column elementor-element elementor-element-49ef1ba\" data-id=\"49ef1ba\" data-element_type=\"column\" data-e-type=\"column\">\n\t\t\t<div class=\"elementor-widget-wrap elementor-element-populated\">\n\t\t\t\t\t\t<div class=\"elementor-element elementor-element-4fb7636 elementor-widget elementor-widget-spacer\" data-id=\"4fb7636\" data-element_type=\"widget\" data-e-type=\"widget\" data-widget_type=\"spacer.default\">\n\t\t\t\t<div class=\"elementor-widget-container\">\n\t\t\t\t\t\t\t<div class=\"elementor-spacer\">\n\t\t\t<div class=\"elementor-spacer-inner\"><\/div>\n\t\t<\/div>\n\t\t\t\t\t\t<\/div>\n\t\t\t\t<\/div>\n\t\t\t\t\t<\/div>\n\t\t<\/div>\n\t\t\t\t\t<\/div>\n\t\t<\/section>\n\t\t\t\t<\/div>\n\t\t","protected":false},"excerpt":{"rendered":"<p>Bli en del av Five2ones framg\u00e5ngssaga \u00c4r du redo att vara med p\u00e5 en sp\u00e4nnande resa inom fastighetsbranschen? Five2one letar efter nya talanger till v\u00e5rt v\u00e4xande team! Lediga jobb p\u00e5 Five2one \u00c4r du redo att ta ditt n\u00e4sta karri\u00e4rsteg i ett snabbt v\u00e4xande f\u00f6retag? D\u00e5 kan Five2one vara r\u00e4tt plats f\u00f6r dig. Utforska v\u00e5ra lediga [&hellip;]<\/p>\n","protected":false},"author":9,"featured_media":0,"parent":0,"menu_order":0,"comment_status":"closed","ping_status":"closed","template":"elementor_header_footer","meta":{"content-type":"","footnotes":""},"class_list":["post-22426","page","type-page","status-publish","hentry"],"yoast_head":"<!-- This site is optimized with the Yoast SEO Premium plugin v22.3 (Yoast SEO v27.4) - https:\/\/yoast.com\/product\/yoast-seo-premium-wordpress\/ -->\n<title>Lediga jobb p\u00e5 Five2one<\/title>\n<meta name=\"description\" content=\"Utforska v\u00e5ra lediga tj\u00e4nster nedan och f\u00f6lj med p\u00e5 v\u00e5r sp\u00e4nnande resa till toppen av fastighetsmarknaden p\u00e5 Costa del Sol.\" \/>\n<meta name=\"robots\" content=\"index, follow, max-snippet:-1, max-image-preview:large, max-video-preview:-1\" \/>\n<link rel=\"canonical\" href=\"https:\/\/five2oneestate.com\/sv\/jobb-paa-five2one\/\" \/>\n<meta property=\"og:locale\" content=\"sv_SE\" \/>\n<meta property=\"og:type\" content=\"article\" \/>\n<meta property=\"og:title\" content=\"Jobb p\u00e5 Five2one\" \/>\n<meta property=\"og:description\" content=\"Utforska v\u00e5ra lediga tj\u00e4nster nedan och f\u00f6lj med p\u00e5 v\u00e5r sp\u00e4nnande resa till toppen av fastighetsmarknaden p\u00e5 Costa del Sol.\" \/>\n<meta property=\"og:url\" content=\"https:\/\/five2oneestate.com\/sv\/jobb-paa-five2one\/\" \/>\n<meta property=\"og:site_name\" content=\"Five2one Estate\" \/>\n<meta property=\"article:publisher\" content=\"https:\/\/www.facebook.com\/five2oneestate\" \/>\n<meta property=\"article:modified_time\" content=\"2025-11-24T10:10:00+00:00\" \/>\n<meta property=\"og:image\" content=\"https:\/\/five2oneestate.com\/wp-content\/uploads\/2024\/12\/servicekoordinator.jpg\" \/>\n\t<meta property=\"og:image:width\" content=\"1771\" \/>\n\t<meta property=\"og:image:height\" content=\"946\" \/>\n\t<meta property=\"og:image:type\" content=\"image\/jpeg\" \/>\n<meta name=\"twitter:card\" content=\"summary_large_image\" \/>\n<meta name=\"twitter:label1\" content=\"Est. reading time\" \/>\n\t<meta name=\"twitter:data1\" content=\"1 minut\" \/>\n<script type=\"application\/ld+json\" class=\"yoast-schema-graph\">{\"@context\":\"https:\\\/\\\/schema.org\",\"@graph\":[{\"@type\":\"WebPage\",\"@id\":\"https:\\\/\\\/five2oneestate.com\\\/sv\\\/jobb-paa-five2one\\\/\",\"url\":\"https:\\\/\\\/five2oneestate.com\\\/sv\\\/jobb-paa-five2one\\\/\",\"name\":\"Lediga jobb p\u00e5 Five2one\",\"isPartOf\":{\"@id\":\"https:\\\/\\\/five2oneestate.com\\\/sv\\\/#website\"},\"primaryImageOfPage\":{\"@id\":\"https:\\\/\\\/five2oneestate.com\\\/sv\\\/jobb-paa-five2one\\\/#primaryimage\"},\"image\":{\"@id\":\"https:\\\/\\\/five2oneestate.com\\\/sv\\\/jobb-paa-five2one\\\/#primaryimage\"},\"thumbnailUrl\":\"https:\\\/\\\/five2oneestate.com\\\/wp-content\\\/uploads\\\/2024\\\/12\\\/servicekoordinator-1024x547.jpg\",\"datePublished\":\"2024-07-04T14:18:07+00:00\",\"dateModified\":\"2025-11-24T10:10:00+00:00\",\"description\":\"Utforska v\u00e5ra lediga tj\u00e4nster nedan och f\u00f6lj med p\u00e5 v\u00e5r sp\u00e4nnande resa till toppen av fastighetsmarknaden p\u00e5 Costa del Sol.\",\"breadcrumb\":{\"@id\":\"https:\\\/\\\/five2oneestate.com\\\/sv\\\/jobb-paa-five2one\\\/#breadcrumb\"},\"inLanguage\":\"sv-SE\",\"potentialAction\":[{\"@type\":\"ReadAction\",\"target\":[\"https:\\\/\\\/five2oneestate.com\\\/sv\\\/jobb-paa-five2one\\\/\"]}]},{\"@type\":\"ImageObject\",\"inLanguage\":\"sv-SE\",\"@id\":\"https:\\\/\\\/five2oneestate.com\\\/sv\\\/jobb-paa-five2one\\\/#primaryimage\",\"url\":\"https:\\\/\\\/five2oneestate.com\\\/wp-content\\\/uploads\\\/2024\\\/12\\\/servicekoordinator-1024x547.jpg\",\"contentUrl\":\"https:\\\/\\\/five2oneestate.com\\\/wp-content\\\/uploads\\\/2024\\\/12\\\/servicekoordinator-1024x547.jpg\"},{\"@type\":\"BreadcrumbList\",\"@id\":\"https:\\\/\\\/five2oneestate.com\\\/sv\\\/jobb-paa-five2one\\\/#breadcrumb\",\"itemListElement\":[{\"@type\":\"ListItem\",\"position\":1,\"name\":\"Hjem\",\"item\":\"https:\\\/\\\/five2oneestate.com\\\/sv\\\/koep-lyxigt-semesterhus\\\/\"},{\"@type\":\"ListItem\",\"position\":2,\"name\":\"Jobb p\u00e5 Five2one\"}]},{\"@type\":\"WebSite\",\"@id\":\"https:\\\/\\\/five2oneestate.com\\\/sv\\\/#website\",\"url\":\"https:\\\/\\\/five2oneestate.com\\\/sv\\\/\",\"name\":\"Five2one Estate\",\"description\":\"Vi g\u00f8r dr\u00f8mme til virkelighed\",\"publisher\":{\"@id\":\"https:\\\/\\\/five2oneestate.com\\\/sv\\\/#organization\"},\"potentialAction\":[{\"@type\":\"SearchAction\",\"target\":{\"@type\":\"EntryPoint\",\"urlTemplate\":\"https:\\\/\\\/five2oneestate.com\\\/sv\\\/?s={search_term_string}\"},\"query-input\":{\"@type\":\"PropertyValueSpecification\",\"valueRequired\":true,\"valueName\":\"search_term_string\"}}],\"inLanguage\":\"sv-SE\"},{\"@type\":\"Organization\",\"@id\":\"https:\\\/\\\/five2oneestate.com\\\/sv\\\/#organization\",\"name\":\"Five2one Estate\",\"url\":\"https:\\\/\\\/five2oneestate.com\\\/sv\\\/\",\"logo\":{\"@type\":\"ImageObject\",\"inLanguage\":\"sv-SE\",\"@id\":\"https:\\\/\\\/five2oneestate.com\\\/sv\\\/#\\\/schema\\\/logo\\\/image\\\/\",\"url\":\"https:\\\/\\\/five2oneestate.com\\\/wp-content\\\/uploads\\\/2022\\\/10\\\/Skaermbillede-2022-10-27-kl.-11.10.45-1024x572.png\",\"contentUrl\":\"https:\\\/\\\/five2oneestate.com\\\/wp-content\\\/uploads\\\/2022\\\/10\\\/Skaermbillede-2022-10-27-kl.-11.10.45-1024x572.png\",\"width\":1024,\"height\":572,\"caption\":\"Five2one Estate\"},\"image\":{\"@id\":\"https:\\\/\\\/five2oneestate.com\\\/sv\\\/#\\\/schema\\\/logo\\\/image\\\/\"},\"sameAs\":[\"https:\\\/\\\/www.facebook.com\\\/five2oneestate\",\"https:\\\/\\\/www.linkedin.com\\\/company\\\/five2one-estate\",\"https:\\\/\\\/www.instagram.com\\\/five2one.estate\\\/\"]}]}<\/script>\n<!-- \/ Yoast SEO Premium plugin. -->","yoast_head_json":{"title":"Lediga jobb p\u00e5 Five2one","description":"Utforska v\u00e5ra lediga tj\u00e4nster nedan och f\u00f6lj med p\u00e5 v\u00e5r sp\u00e4nnande resa till toppen av fastighetsmarknaden p\u00e5 Costa del Sol.","robots":{"index":"index","follow":"follow","max-snippet":"max-snippet:-1","max-image-preview":"max-image-preview:large","max-video-preview":"max-video-preview:-1"},"canonical":"https:\/\/five2oneestate.com\/sv\/jobb-paa-five2one\/","og_locale":"sv_SE","og_type":"article","og_title":"Jobb p\u00e5 Five2one","og_description":"Utforska v\u00e5ra lediga tj\u00e4nster nedan och f\u00f6lj med p\u00e5 v\u00e5r sp\u00e4nnande resa till toppen av fastighetsmarknaden p\u00e5 Costa del Sol.","og_url":"https:\/\/five2oneestate.com\/sv\/jobb-paa-five2one\/","og_site_name":"Five2one Estate","article_publisher":"https:\/\/www.facebook.com\/five2oneestate","article_modified_time":"2025-11-24T10:10:00+00:00","og_image":[{"width":1771,"height":946,"url":"https:\/\/five2oneestate.com\/wp-content\/uploads\/2024\/12\/servicekoordinator.jpg","type":"image\/jpeg"}],"twitter_card":"summary_large_image","twitter_misc":{"Est. reading time":"1 minut"},"schema":{"@context":"https:\/\/schema.org","@graph":[{"@type":"WebPage","@id":"https:\/\/five2oneestate.com\/sv\/jobb-paa-five2one\/","url":"https:\/\/five2oneestate.com\/sv\/jobb-paa-five2one\/","name":"Lediga jobb p\u00e5 Five2one","isPartOf":{"@id":"https:\/\/five2oneestate.com\/sv\/#website"},"primaryImageOfPage":{"@id":"https:\/\/five2oneestate.com\/sv\/jobb-paa-five2one\/#primaryimage"},"image":{"@id":"https:\/\/five2oneestate.com\/sv\/jobb-paa-five2one\/#primaryimage"},"thumbnailUrl":"https:\/\/five2oneestate.com\/wp-content\/uploads\/2024\/12\/servicekoordinator-1024x547.jpg","datePublished":"2024-07-04T14:18:07+00:00","dateModified":"2025-11-24T10:10:00+00:00","description":"Utforska v\u00e5ra lediga tj\u00e4nster nedan och f\u00f6lj med p\u00e5 v\u00e5r sp\u00e4nnande resa till toppen av fastighetsmarknaden p\u00e5 Costa del Sol.","breadcrumb":{"@id":"https:\/\/five2oneestate.com\/sv\/jobb-paa-five2one\/#breadcrumb"},"inLanguage":"sv-SE","potentialAction":[{"@type":"ReadAction","target":["https:\/\/five2oneestate.com\/sv\/jobb-paa-five2one\/"]}]},{"@type":"ImageObject","inLanguage":"sv-SE","@id":"https:\/\/five2oneestate.com\/sv\/jobb-paa-five2one\/#primaryimage","url":"https:\/\/five2oneestate.com\/wp-content\/uploads\/2024\/12\/servicekoordinator-1024x547.jpg","contentUrl":"https:\/\/five2oneestate.com\/wp-content\/uploads\/2024\/12\/servicekoordinator-1024x547.jpg"},{"@type":"BreadcrumbList","@id":"https:\/\/five2oneestate.com\/sv\/jobb-paa-five2one\/#breadcrumb","itemListElement":[{"@type":"ListItem","position":1,"name":"Hjem","item":"https:\/\/five2oneestate.com\/sv\/koep-lyxigt-semesterhus\/"},{"@type":"ListItem","position":2,"name":"Jobb p\u00e5 Five2one"}]},{"@type":"WebSite","@id":"https:\/\/five2oneestate.com\/sv\/#website","url":"https:\/\/five2oneestate.com\/sv\/","name":"Five2one Estate","description":"Vi g\u00f8r dr\u00f8mme til virkelighed","publisher":{"@id":"https:\/\/five2oneestate.com\/sv\/#organization"},"potentialAction":[{"@type":"SearchAction","target":{"@type":"EntryPoint","urlTemplate":"https:\/\/five2oneestate.com\/sv\/?s={search_term_string}"},"query-input":{"@type":"PropertyValueSpecification","valueRequired":true,"valueName":"search_term_string"}}],"inLanguage":"sv-SE"},{"@type":"Organization","@id":"https:\/\/five2oneestate.com\/sv\/#organization","name":"Five2one Estate","url":"https:\/\/five2oneestate.com\/sv\/","logo":{"@type":"ImageObject","inLanguage":"sv-SE","@id":"https:\/\/five2oneestate.com\/sv\/#\/schema\/logo\/image\/","url":"https:\/\/five2oneestate.com\/wp-content\/uploads\/2022\/10\/Skaermbillede-2022-10-27-kl.-11.10.45-1024x572.png","contentUrl":"https:\/\/five2oneestate.com\/wp-content\/uploads\/2022\/10\/Skaermbillede-2022-10-27-kl.-11.10.45-1024x572.png","width":1024,"height":572,"caption":"Five2one Estate"},"image":{"@id":"https:\/\/five2oneestate.com\/sv\/#\/schema\/logo\/image\/"},"sameAs":["https:\/\/www.facebook.com\/five2oneestate","https:\/\/www.linkedin.com\/company\/five2one-estate","https:\/\/www.instagram.com\/five2one.estate\/"]}]}},"_links":{"self":[{"href":"https:\/\/five2oneestate.com\/sv\/wp-json\/wp\/v2\/pages\/22426","targetHints":{"allow":["GET"]}}],"collection":[{"href":"https:\/\/five2oneestate.com\/sv\/wp-json\/wp\/v2\/pages"}],"about":[{"href":"https:\/\/five2oneestate.com\/sv\/wp-json\/wp\/v2\/types\/page"}],"author":[{"embeddable":true,"href":"https:\/\/five2oneestate.com\/sv\/wp-json\/wp\/v2\/users\/9"}],"replies":[{"embeddable":true,"href":"https:\/\/five2oneestate.com\/sv\/wp-json\/wp\/v2\/comments?post=22426"}],"version-history":[{"count":0,"href":"https:\/\/five2oneestate.com\/sv\/wp-json\/wp\/v2\/pages\/22426\/revisions"}],"wp:attachment":[{"href":"https:\/\/five2oneestate.com\/sv\/wp-json\/wp\/v2\/media?parent=22426"}],"curies":[{"name":"wp","href":"https:\/\/api.w.org\/{rel}","templated":true}]}}