{"id":22417,"date":"2024-07-04T16:22:20","date_gmt":"2024-07-04T14:22:20","guid":{"rendered":"https:\/\/five2oneestate.com\/bli-bostadsfoermedlare-med-five2one\/"},"modified":"2025-11-24T11:09:55","modified_gmt":"2025-11-24T10:09:55","slug":"bli-bostadsfoermedlare-med-five2one","status":"publish","type":"page","link":"https:\/\/five2oneestate.com\/sv\/jobb-paa-five2one\/bli-bostadsfoermedlare-med-five2one\/","title":{"rendered":"Bli bostadsf\u00f6rmedlare med Five2one"},"content":{"rendered":"\t\t<div data-elementor-type=\"wp-page\" data-elementor-id=\"22417\" class=\"elementor elementor-22417 elementor-20817\" data-elementor-post-type=\"page\">\n\t\t\t\t\t\t<section class=\"elementor-section elementor-top-section elementor-element elementor-element-75946d2 elementor-section-content-space-between elementor-section-boxed elementor-section-height-default elementor-section-height-default\" data-id=\"75946d2\" data-element_type=\"section\" data-e-type=\"section\" data-settings=\"{&quot;background_background&quot;:&quot;classic&quot;}\">\n\t\t\t\t\t\t<div class=\"elementor-container elementor-column-gap-no\">\n\t\t\t\t\t<div class=\"elementor-column elementor-col-100 elementor-top-column elementor-element elementor-element-acdd56f\" data-id=\"acdd56f\" data-element_type=\"column\" data-e-type=\"column\">\n\t\t\t<div class=\"elementor-widget-wrap elementor-element-populated\">\n\t\t\t\t\t\t<div class=\"elementor-element elementor-element-3af6b5c elementor-widget elementor-widget-heading\" data-id=\"3af6b5c\" data-element_type=\"widget\" data-e-type=\"widget\" data-widget_type=\"heading.default\">\n\t\t\t\t<div class=\"elementor-widget-container\">\n\t\t\t\t\t<h3 class=\"elementor-heading-title elementor-size-default\">Bli bostadsf\u00f6rmedlare med Five2one<\/h3>\t\t\t\t<\/div>\n\t\t\t\t<\/div>\n\t\t\t\t<div class=\"elementor-element elementor-element-22d0140 elementor-widget elementor-widget-spacer\" data-id=\"22d0140\" data-element_type=\"widget\" data-e-type=\"widget\" data-widget_type=\"spacer.default\">\n\t\t\t\t<div class=\"elementor-widget-container\">\n\t\t\t\t\t\t\t<div class=\"elementor-spacer\">\n\t\t\t<div class=\"elementor-spacer-inner\"><\/div>\n\t\t<\/div>\n\t\t\t\t\t\t<\/div>\n\t\t\t\t<\/div>\n\t\t\t\t\t<\/div>\n\t\t<\/div>\n\t\t\t\t\t<\/div>\n\t\t<\/section>\n\t\t\t\t<section class=\"elementor-section elementor-top-section elementor-element elementor-element-45bdb69 elementor-section-boxed elementor-section-height-default elementor-section-height-default\" data-id=\"45bdb69\" data-element_type=\"section\" data-e-type=\"section\" data-settings=\"{&quot;background_background&quot;:&quot;classic&quot;}\">\n\t\t\t\t\t\t<div class=\"elementor-container elementor-column-gap-default\">\n\t\t\t\t\t<div class=\"elementor-column elementor-col-50 elementor-top-column elementor-element elementor-element-613f2f6\" data-id=\"613f2f6\" data-element_type=\"column\" data-e-type=\"column\">\n\t\t\t<div class=\"elementor-widget-wrap elementor-element-populated\">\n\t\t\t\t\t\t<div class=\"elementor-element elementor-element-ab07620 elementor-widget elementor-widget-text-editor\" data-id=\"ab07620\" data-element_type=\"widget\" data-e-type=\"widget\" data-widget_type=\"text-editor.default\">\n\t\t\t\t<div class=\"elementor-widget-container\">\n\t\t\t\t\t\t\t\t\t<p><span style=\"font-weight: 400;\">Five2one \u00e4r ett danskt f\u00f6retag som har haft stor framg\u00e5ng med ett fantastiskt koncept f\u00f6r delat boende p\u00e5 Costa del Sol. Five2one s\u00f6ker nu \u00e4nnu fler kollegor till teamet i Benalmadena. <\/span><\/p><p><span style=\"font-weight: 400;\">Om du brinner f\u00f6r fastigheter och dr\u00f6mmer om att hj\u00e4lpa skandinaver att f\u00f6rverkliga sin dr\u00f6m om att \u00e4ga ett semesterhus i Spanien, har du chansen nu.<\/span><\/p><p><strong>Vi erbjuder:<\/strong><\/p><ul><li style=\"font-weight: 400;\" aria-level=\"1\"><span style=\"font-weight: 400;\">Fast l\u00f6n som s\u00e4kerst\u00e4ller finansiell stabilitet.<\/span><\/li><li style=\"font-weight: 400;\" aria-level=\"1\"><span style=\"font-weight: 400;\">Rekrytering sker p\u00e5 spanska villkor<\/span><\/li><li style=\"font-weight: 400;\" aria-level=\"1\"><span style=\"font-weight: 400;\">Attraktivt incitamentsprogram som bel\u00f6nar din talang och ditt engagemang<\/span><\/li><li style=\"font-weight: 400;\" aria-level=\"1\"><span style=\"font-weight: 400;\">En arbetsplats som k\u00e4nnetecknas av professionella kollegor med en v\u00e4rdegrund som pr\u00e4glas av anst\u00e4ndighet och respekt f\u00f6r v\u00e5ra kunder och kollegor.<\/span><\/li><li style=\"font-weight: 400;\" aria-level=\"1\"><span style=\"font-weight: 400;\">En tj\u00e4nst i ett snabbt v\u00e4xande f\u00f6retag d\u00e4r du kommer att vara en viktig del av framg\u00e5ngen.<\/span><\/li><li style=\"font-weight: 400;\" aria-level=\"1\"><span style=\"font-weight: 400;\">En arbetsdag som s\u00e4llan \u00e4r den andra lik och d\u00e4r du har direkt kundansvar.<\/span><\/li><\/ul><p><strong>Ansvarsomr\u00e5den:<\/strong><\/p><ul><li style=\"font-weight: 400;\" aria-level=\"1\"><span style=\"font-weight: 400;\">Professionell r\u00e5dgivning till potentiella kunder av Five2one-konceptet och om den allm\u00e4nna fastighetsmarknaden i s\u00f6dra Spanien.<\/span><\/li><li style=\"font-weight: 400;\" aria-level=\"1\"><span style=\"font-weight: 400;\">Visar upp v\u00e5ra hem och presenterar konceptet.<\/span><\/li><li style=\"font-weight: 400;\" aria-level=\"1\"><span style=\"font-weight: 400;\">S\u00e4lja konceptet och tillhandah\u00e5lla bost\u00e4der till kunder som vill \u00e4ga sitt dr\u00f6mhem<\/span><\/li><\/ul><p><strong>Kvalifikationer:<\/strong><\/p><ul><li style=\"font-weight: 400;\" aria-level=\"1\"><span style=\"font-weight: 400;\">Tidigare erfarenhet av f\u00f6rs\u00e4ljning eller fastigheter \u00e4r en f\u00f6rdel, men inget krav.<\/span><\/li><li style=\"font-weight: 400;\" aria-level=\"1\"><span style=\"font-weight: 400;\">Flytande i b\u00e5de danska och engelska. Spanska \u00e4r en f\u00f6rdel. <\/span><\/li><li style=\"font-weight: 400;\" aria-level=\"1\"><span style=\"font-weight: 400;\">Passion f\u00f6r fastigheter och ett s\u00e4lj- och servicet\u00e4nkande.<\/span><\/li><li style=\"font-weight: 400;\" aria-level=\"1\"><span style=\"font-weight: 400;\">Sj\u00e4lvst\u00e4ndig, m\u00e5linriktad och resultatdriven.<\/span><\/li><li style=\"font-weight: 400;\" aria-level=\"1\"><span style=\"font-weight: 400;\">En bra kollega d\u00e4r trivsel och en rolig arbetsdag \u00e4r viktigt.<\/span><\/li><\/ul><p><strong>Varf\u00f6r ska du g\u00e5 med i Five2one?<\/strong><\/p><ul><li style=\"font-weight: 400;\" aria-level=\"1\"><span style=\"font-weight: 400;\">Five2one \u00e4r ett innovativt f\u00f6retag som revolutionerar \u00e4gandet av fritidshus.<\/span><\/li><li style=\"font-weight: 400;\" aria-level=\"1\"><span style=\"font-weight: 400;\">Du kommer att arbeta delvis p\u00e5 distans och delvis fr\u00e5n v\u00e5rt kontor i Benalmadena med ett team av engagerade och professionella kollegor.<\/span><\/li><li style=\"font-weight: 400;\" aria-level=\"1\"><span style=\"font-weight: 400;\">Bidrar till att g\u00f6ra lyxiga semesterbost\u00e4der tillg\u00e4ngliga f\u00f6r fler m\u00e4nniskor.<\/span><\/li><li style=\"font-weight: 400;\" aria-level=\"1\"><span style=\"font-weight: 400;\">M\u00f6jligheter till professionell och personlig utveckling i en dynamisk och expanderande organisation.<\/span><\/li><\/ul><p><span style=\"font-weight: 400;\">Om du har n\u00e5gra fr\u00e5gor om tj\u00e4nsten \u00e4r du v\u00e4lkommen att ringa Five2ones grundare Jakob Skram-Jensen p\u00e5 +45 521 79 521.<\/span><\/p><p><span style=\"font-weight: 400;\">Vi ser fram emot att f\u00e5 h\u00f6ra fr\u00e5n dig.<\/span><\/p>\t\t\t\t\t\t\t\t<\/div>\n\t\t\t\t<\/div>\n\t\t\t\t\t<\/div>\n\t\t<\/div>\n\t\t\t\t<div class=\"elementor-column elementor-col-50 elementor-top-column elementor-element elementor-element-a1b6705\" data-id=\"a1b6705\" data-element_type=\"column\" data-e-type=\"column\">\n\t\t\t<div class=\"elementor-widget-wrap elementor-element-populated\">\n\t\t\t\t\t\t<div class=\"elementor-element elementor-element-12ab771 elementor-widget elementor-widget-image\" data-id=\"12ab771\" data-element_type=\"widget\" data-e-type=\"widget\" data-widget_type=\"image.default\">\n\t\t\t\t<div class=\"elementor-widget-container\">\n\t\t\t\t\t\t\t\t\t\t\t\t\t\t\t<img fetchpriority=\"high\" decoding=\"async\" width=\"1024\" height=\"547\" src=\"https:\/\/five2oneestate.com\/wp-content\/uploads\/2024\/07\/JOB2-1024x547.jpg\" class=\"attachment-large size-large wp-image-22427\" alt=\"\" srcset=\"https:\/\/five2oneestate.com\/wp-content\/uploads\/2024\/07\/JOB2-1024x547.jpg 1024w, https:\/\/five2oneestate.com\/wp-content\/uploads\/2024\/07\/JOB2-300x160.jpg 300w, https:\/\/five2oneestate.com\/wp-content\/uploads\/2024\/07\/JOB2-768x410.jpg 768w, https:\/\/five2oneestate.com\/wp-content\/uploads\/2024\/07\/JOB2-1536x820.jpg 1536w, https:\/\/five2oneestate.com\/wp-content\/uploads\/2024\/07\/JOB2-1123x600.jpg 1123w, https:\/\/five2oneestate.com\/wp-content\/uploads\/2024\/07\/JOB2-496x265.jpg 496w, https:\/\/five2oneestate.com\/wp-content\/uploads\/2024\/07\/JOB2.jpg 1771w\" sizes=\"(max-width: 1024px) 100vw, 1024px\" \/>\t\t\t\t\t\t\t\t\t\t\t\t\t\t\t<\/div>\n\t\t\t\t<\/div>\n\t\t\t\t<div class=\"elementor-element elementor-element-2ba1fad elementor-widget elementor-widget-text-editor\" data-id=\"2ba1fad\" data-element_type=\"widget\" data-e-type=\"widget\" data-widget_type=\"text-editor.default\">\n\t\t\t\t<div class=\"elementor-widget-container\">\n\t\t\t\t\t\t\t\t\t<p><strong>Ans\u00f6kan:<\/strong><\/p><p><span style=\"font-weight: 400;\">Fyll i formul\u00e4ret nedan eller skicka ditt CV och en motiverad ans\u00f6kan till v\u00e5r Office Manager p\u00e5 <\/span><a href=\"mailto:info@five2oneestate.com\"><span style=\"font-weight: 400;\">info@five2oneestate.com<\/span><\/a><span style=\"font-weight: 400;\">. <\/span> <\/p>\t\t\t\t\t\t\t\t<\/div>\n\t\t\t\t<\/div>\n\t\t\t\t<div class=\"elementor-element elementor-element-df97b0a elementor-button-align-stretch elementor-widget elementor-widget-form\" data-id=\"df97b0a\" data-element_type=\"widget\" data-e-type=\"widget\" data-settings=\"{&quot;step_next_label&quot;:&quot;N\\u00e4sta N\\u00e4sta&quot;,&quot;step_previous_label&quot;:&quot;F\\u00f6reg\\u00e5ende&quot;,&quot;button_width&quot;:&quot;100&quot;,&quot;step_type&quot;:&quot;number_text&quot;,&quot;step_icon_shape&quot;:&quot;circle&quot;}\" data-widget_type=\"form.default\">\n\t\t\t\t<div class=\"elementor-widget-container\">\n\t\t\t\t\t\t\t<form class=\"elementor-form\" method=\"post\" name=\"S\u00f6k jobb som bostadsf\u00f6rmedlare\" aria-label=\"S\u00f6k jobb som bostadsf\u00f6rmedlare\">\n\t\t\t<input type=\"hidden\" name=\"post_id\" value=\"22417\"\/>\n\t\t\t<input type=\"hidden\" name=\"form_id\" value=\"df97b0a\"\/>\n\t\t\t<input type=\"hidden\" name=\"referer_title\" value=\"Five2one Estate\" \/>\n\n\t\t\t\n\t\t\t<div class=\"elementor-form-fields-wrapper elementor-labels-above\">\n\t\t\t\t\t\t\t\t<div class=\"elementor-field-type-text elementor-field-group elementor-column elementor-field-group-name elementor-col-100\">\n\t\t\t\t\t\t\t\t\t\t\t\t\t<input size=\"1\" type=\"text\" name=\"form_fields[name]\" id=\"form-field-name\" class=\"elementor-field elementor-size-sm  elementor-field-textual\" placeholder=\"Ditt namn\">\n\t\t\t\t\t\t\t\t\t\t\t<\/div>\n\t\t\t\t\t\t\t\t<div class=\"elementor-field-type-email elementor-field-group elementor-column elementor-field-group-email elementor-col-100 elementor-field-required\">\n\t\t\t\t\t\t\t\t\t\t\t\t\t<input size=\"1\" type=\"email\" name=\"form_fields[email]\" id=\"form-field-email\" class=\"elementor-field elementor-size-sm  elementor-field-textual\" placeholder=\"E-post\" required=\"required\">\n\t\t\t\t\t\t\t\t\t\t\t<\/div>\n\t\t\t\t\t\t\t\t<div class=\"elementor-field-type-textarea elementor-field-group elementor-column elementor-field-group-message elementor-col-100\">\n\t\t\t\t\t<textarea class=\"elementor-field-textual elementor-field  elementor-size-sm\" name=\"form_fields[message]\" id=\"form-field-message\" rows=\"4\" placeholder=\"L\u00e5t oss h\u00f6ra lite om dig\"><\/textarea>\t\t\t\t<\/div>\n\t\t\t\t\t\t\t\t<div class=\"elementor-field-type-upload elementor-field-group elementor-column elementor-field-group-field_c12d263 elementor-col-100\">\n\t\t\t\t\t\t\t\t\t\t\t\t<label for=\"form-field-field_c12d263\" class=\"elementor-field-label\">\n\t\t\t\t\t\t\t\tLadda upp ditt CV (.pdf)\t\t\t\t\t\t\t<\/label>\n\t\t\t\t\t\t\t\t<input type=\"file\" name=\"form_fields[field_c12d263][]\" id=\"form-field-field_c12d263\" class=\"elementor-field elementor-size-sm  elementor-upload-field\" multiple=\"multiple\" data-maxsize=\"2\" data-maxsize-message=\"This file exceeds the maximum allowed size.\">\n\n\t\t\t\t\t\t<\/div>\n\t\t\t\t\t\t\t\t<div class=\"elementor-field-group elementor-column elementor-field-type-submit elementor-col-100 e-form__buttons\">\n\t\t\t\t\t<button class=\"elementor-button elementor-size-sm\" type=\"submit\">\n\t\t\t\t\t\t<span class=\"elementor-button-content-wrapper\">\n\t\t\t\t\t\t\t\t\t\t\t\t\t\t\t\t\t\t\t\t\t\t<span class=\"elementor-button-text\">Ans\u00f6k till tj\u00e4nsten nu<\/span>\n\t\t\t\t\t\t\t\t\t\t\t\t\t<\/span>\n\t\t\t\t\t<\/button>\n\t\t\t\t<\/div>\n\t\t\t<\/div>\n\t\t<\/form>\n\t\t\t\t\t\t<\/div>\n\t\t\t\t<\/div>\n\t\t\t\t\t<\/div>\n\t\t<\/div>\n\t\t\t\t\t<\/div>\n\t\t<\/section>\n\t\t\t\t<section class=\"elementor-section elementor-top-section elementor-element elementor-element-fa09fa2 elementor-section-boxed elementor-section-height-default elementor-section-height-default\" data-id=\"fa09fa2\" data-element_type=\"section\" data-e-type=\"section\">\n\t\t\t\t\t\t<div class=\"elementor-container elementor-column-gap-default\">\n\t\t\t\t\t<div class=\"elementor-column elementor-col-100 elementor-top-column elementor-element elementor-element-6451843\" data-id=\"6451843\" data-element_type=\"column\" data-e-type=\"column\">\n\t\t\t<div class=\"elementor-widget-wrap elementor-element-populated\">\n\t\t\t\t\t\t<div class=\"elementor-element elementor-element-0312735 elementor-widget elementor-widget-spacer\" data-id=\"0312735\" data-element_type=\"widget\" data-e-type=\"widget\" data-widget_type=\"spacer.default\">\n\t\t\t\t<div class=\"elementor-widget-container\">\n\t\t\t\t\t\t\t<div class=\"elementor-spacer\">\n\t\t\t<div class=\"elementor-spacer-inner\"><\/div>\n\t\t<\/div>\n\t\t\t\t\t\t<\/div>\n\t\t\t\t<\/div>\n\t\t\t\t\t<\/div>\n\t\t<\/div>\n\t\t\t\t\t<\/div>\n\t\t<\/section>\n\t\t\t\t<\/div>\n\t\t","protected":false},"excerpt":{"rendered":"<p>Bli bostadsf\u00f6rmedlare med Five2one Five2one \u00e4r ett danskt f\u00f6retag som har haft stor framg\u00e5ng med ett fantastiskt koncept f\u00f6r delat boende p\u00e5 Costa del Sol. Five2one s\u00f6ker nu \u00e4nnu fler kollegor till teamet i Benalmadena. Om du brinner f\u00f6r fastigheter och dr\u00f6mmer om att hj\u00e4lpa skandinaver att f\u00f6rverkliga sin dr\u00f6m om att \u00e4ga ett semesterhus [&hellip;]<\/p>\n","protected":false},"author":9,"featured_media":0,"parent":22426,"menu_order":0,"comment_status":"closed","ping_status":"closed","template":"elementor_header_footer","meta":{"content-type":"","footnotes":""},"class_list":["post-22417","page","type-page","status-publish","hentry"],"yoast_head":"<!-- This site is optimized with the Yoast SEO Premium plugin v22.3 (Yoast SEO v27.4) - https:\/\/yoast.com\/product\/yoast-seo-premium-wordpress\/ -->\n<title>Bli bostadsf\u00f6rmedlare med Five2one - Five2one Estate<\/title>\n<meta name=\"robots\" content=\"index, follow, max-snippet:-1, max-image-preview:large, max-video-preview:-1\" \/>\n<link rel=\"canonical\" href=\"https:\/\/five2oneestate.com\/sv\/jobb-paa-five2one\/bli-bostadsfoermedlare-med-five2one\/\" \/>\n<meta property=\"og:locale\" content=\"sv_SE\" \/>\n<meta property=\"og:type\" content=\"article\" \/>\n<meta property=\"og:title\" content=\"Bli bostadsf\u00f6rmedlare med Five2one\" \/>\n<meta property=\"og:description\" content=\"Bli bostadsf\u00f6rmedlare med Five2one Five2one \u00e4r ett danskt f\u00f6retag som har haft stor framg\u00e5ng med ett fantastiskt koncept f\u00f6r delat boende p\u00e5 Costa del Sol. Five2one s\u00f6ker nu \u00e4nnu fler kollegor till teamet i Benalmadena. Om du brinner f\u00f6r fastigheter och dr\u00f6mmer om att hj\u00e4lpa skandinaver att f\u00f6rverkliga sin dr\u00f6m om att \u00e4ga ett semesterhus [&hellip;]\" \/>\n<meta property=\"og:url\" content=\"https:\/\/five2oneestate.com\/sv\/jobb-paa-five2one\/bli-bostadsfoermedlare-med-five2one\/\" \/>\n<meta property=\"og:site_name\" content=\"Five2one Estate\" \/>\n<meta property=\"article:publisher\" content=\"https:\/\/www.facebook.com\/five2oneestate\" \/>\n<meta property=\"article:modified_time\" content=\"2025-11-24T10:09:55+00:00\" \/>\n<meta property=\"og:image\" content=\"https:\/\/five2oneestate.com\/wp-content\/uploads\/2024\/07\/JOB2.jpg\" \/>\n\t<meta property=\"og:image:width\" content=\"1771\" \/>\n\t<meta property=\"og:image:height\" content=\"946\" \/>\n\t<meta property=\"og:image:type\" content=\"image\/jpeg\" \/>\n<meta name=\"twitter:card\" content=\"summary_large_image\" \/>\n<meta name=\"twitter:label1\" content=\"Est. reading time\" \/>\n\t<meta name=\"twitter:data1\" content=\"2 minuter\" \/>\n<script type=\"application\/ld+json\" class=\"yoast-schema-graph\">{\"@context\":\"https:\\\/\\\/schema.org\",\"@graph\":[{\"@type\":\"WebPage\",\"@id\":\"https:\\\/\\\/five2oneestate.com\\\/sv\\\/jobb-paa-five2one\\\/bli-bostadsfoermedlare-med-five2one\\\/\",\"url\":\"https:\\\/\\\/five2oneestate.com\\\/sv\\\/jobb-paa-five2one\\\/bli-bostadsfoermedlare-med-five2one\\\/\",\"name\":\"Bli bostadsf\u00f6rmedlare med Five2one - Five2one Estate\",\"isPartOf\":{\"@id\":\"https:\\\/\\\/five2oneestate.com\\\/sv\\\/#website\"},\"primaryImageOfPage\":{\"@id\":\"https:\\\/\\\/five2oneestate.com\\\/sv\\\/jobb-paa-five2one\\\/bli-bostadsfoermedlare-med-five2one\\\/#primaryimage\"},\"image\":{\"@id\":\"https:\\\/\\\/five2oneestate.com\\\/sv\\\/jobb-paa-five2one\\\/bli-bostadsfoermedlare-med-five2one\\\/#primaryimage\"},\"thumbnailUrl\":\"https:\\\/\\\/five2oneestate.com\\\/wp-content\\\/uploads\\\/2024\\\/07\\\/JOB2-1024x547.jpg\",\"datePublished\":\"2024-07-04T14:22:20+00:00\",\"dateModified\":\"2025-11-24T10:09:55+00:00\",\"breadcrumb\":{\"@id\":\"https:\\\/\\\/five2oneestate.com\\\/sv\\\/jobb-paa-five2one\\\/bli-bostadsfoermedlare-med-five2one\\\/#breadcrumb\"},\"inLanguage\":\"sv-SE\",\"potentialAction\":[{\"@type\":\"ReadAction\",\"target\":[\"https:\\\/\\\/five2oneestate.com\\\/sv\\\/jobb-paa-five2one\\\/bli-bostadsfoermedlare-med-five2one\\\/\"]}]},{\"@type\":\"ImageObject\",\"inLanguage\":\"sv-SE\",\"@id\":\"https:\\\/\\\/five2oneestate.com\\\/sv\\\/jobb-paa-five2one\\\/bli-bostadsfoermedlare-med-five2one\\\/#primaryimage\",\"url\":\"https:\\\/\\\/five2oneestate.com\\\/wp-content\\\/uploads\\\/2024\\\/07\\\/JOB2-1024x547.jpg\",\"contentUrl\":\"https:\\\/\\\/five2oneestate.com\\\/wp-content\\\/uploads\\\/2024\\\/07\\\/JOB2-1024x547.jpg\"},{\"@type\":\"BreadcrumbList\",\"@id\":\"https:\\\/\\\/five2oneestate.com\\\/sv\\\/jobb-paa-five2one\\\/bli-bostadsfoermedlare-med-five2one\\\/#breadcrumb\",\"itemListElement\":[{\"@type\":\"ListItem\",\"position\":1,\"name\":\"Hjem\",\"item\":\"https:\\\/\\\/five2oneestate.com\\\/sv\\\/koep-lyxigt-semesterhus\\\/\"},{\"@type\":\"ListItem\",\"position\":2,\"name\":\"Jobb p\u00e5 Five2one\",\"item\":\"https:\\\/\\\/five2oneestate.com\\\/sv\\\/jobb-paa-five2one\\\/\"},{\"@type\":\"ListItem\",\"position\":3,\"name\":\"Bli bostadsf\u00f6rmedlare med Five2one\"}]},{\"@type\":\"WebSite\",\"@id\":\"https:\\\/\\\/five2oneestate.com\\\/sv\\\/#website\",\"url\":\"https:\\\/\\\/five2oneestate.com\\\/sv\\\/\",\"name\":\"Five2one Estate\",\"description\":\"Vi g\u00f8r dr\u00f8mme til virkelighed\",\"publisher\":{\"@id\":\"https:\\\/\\\/five2oneestate.com\\\/sv\\\/#organization\"},\"potentialAction\":[{\"@type\":\"SearchAction\",\"target\":{\"@type\":\"EntryPoint\",\"urlTemplate\":\"https:\\\/\\\/five2oneestate.com\\\/sv\\\/?s={search_term_string}\"},\"query-input\":{\"@type\":\"PropertyValueSpecification\",\"valueRequired\":true,\"valueName\":\"search_term_string\"}}],\"inLanguage\":\"sv-SE\"},{\"@type\":\"Organization\",\"@id\":\"https:\\\/\\\/five2oneestate.com\\\/sv\\\/#organization\",\"name\":\"Five2one Estate\",\"url\":\"https:\\\/\\\/five2oneestate.com\\\/sv\\\/\",\"logo\":{\"@type\":\"ImageObject\",\"inLanguage\":\"sv-SE\",\"@id\":\"https:\\\/\\\/five2oneestate.com\\\/sv\\\/#\\\/schema\\\/logo\\\/image\\\/\",\"url\":\"https:\\\/\\\/five2oneestate.com\\\/wp-content\\\/uploads\\\/2022\\\/10\\\/Skaermbillede-2022-10-27-kl.-11.10.45-1024x572.png\",\"contentUrl\":\"https:\\\/\\\/five2oneestate.com\\\/wp-content\\\/uploads\\\/2022\\\/10\\\/Skaermbillede-2022-10-27-kl.-11.10.45-1024x572.png\",\"width\":1024,\"height\":572,\"caption\":\"Five2one Estate\"},\"image\":{\"@id\":\"https:\\\/\\\/five2oneestate.com\\\/sv\\\/#\\\/schema\\\/logo\\\/image\\\/\"},\"sameAs\":[\"https:\\\/\\\/www.facebook.com\\\/five2oneestate\",\"https:\\\/\\\/www.linkedin.com\\\/company\\\/five2one-estate\",\"https:\\\/\\\/www.instagram.com\\\/five2one.estate\\\/\"]}]}<\/script>\n<!-- \/ Yoast SEO Premium plugin. -->","yoast_head_json":{"title":"Bli bostadsf\u00f6rmedlare med Five2one - Five2one Estate","robots":{"index":"index","follow":"follow","max-snippet":"max-snippet:-1","max-image-preview":"max-image-preview:large","max-video-preview":"max-video-preview:-1"},"canonical":"https:\/\/five2oneestate.com\/sv\/jobb-paa-five2one\/bli-bostadsfoermedlare-med-five2one\/","og_locale":"sv_SE","og_type":"article","og_title":"Bli bostadsf\u00f6rmedlare med Five2one","og_description":"Bli bostadsf\u00f6rmedlare med Five2one Five2one \u00e4r ett danskt f\u00f6retag som har haft stor framg\u00e5ng med ett fantastiskt koncept f\u00f6r delat boende p\u00e5 Costa del Sol. Five2one s\u00f6ker nu \u00e4nnu fler kollegor till teamet i Benalmadena. Om du brinner f\u00f6r fastigheter och dr\u00f6mmer om att hj\u00e4lpa skandinaver att f\u00f6rverkliga sin dr\u00f6m om att \u00e4ga ett semesterhus [&hellip;]","og_url":"https:\/\/five2oneestate.com\/sv\/jobb-paa-five2one\/bli-bostadsfoermedlare-med-five2one\/","og_site_name":"Five2one Estate","article_publisher":"https:\/\/www.facebook.com\/five2oneestate","article_modified_time":"2025-11-24T10:09:55+00:00","og_image":[{"width":1771,"height":946,"url":"https:\/\/five2oneestate.com\/wp-content\/uploads\/2024\/07\/JOB2.jpg","type":"image\/jpeg"}],"twitter_card":"summary_large_image","twitter_misc":{"Est. reading time":"2 minuter"},"schema":{"@context":"https:\/\/schema.org","@graph":[{"@type":"WebPage","@id":"https:\/\/five2oneestate.com\/sv\/jobb-paa-five2one\/bli-bostadsfoermedlare-med-five2one\/","url":"https:\/\/five2oneestate.com\/sv\/jobb-paa-five2one\/bli-bostadsfoermedlare-med-five2one\/","name":"Bli bostadsf\u00f6rmedlare med Five2one - Five2one Estate","isPartOf":{"@id":"https:\/\/five2oneestate.com\/sv\/#website"},"primaryImageOfPage":{"@id":"https:\/\/five2oneestate.com\/sv\/jobb-paa-five2one\/bli-bostadsfoermedlare-med-five2one\/#primaryimage"},"image":{"@id":"https:\/\/five2oneestate.com\/sv\/jobb-paa-five2one\/bli-bostadsfoermedlare-med-five2one\/#primaryimage"},"thumbnailUrl":"https:\/\/five2oneestate.com\/wp-content\/uploads\/2024\/07\/JOB2-1024x547.jpg","datePublished":"2024-07-04T14:22:20+00:00","dateModified":"2025-11-24T10:09:55+00:00","breadcrumb":{"@id":"https:\/\/five2oneestate.com\/sv\/jobb-paa-five2one\/bli-bostadsfoermedlare-med-five2one\/#breadcrumb"},"inLanguage":"sv-SE","potentialAction":[{"@type":"ReadAction","target":["https:\/\/five2oneestate.com\/sv\/jobb-paa-five2one\/bli-bostadsfoermedlare-med-five2one\/"]}]},{"@type":"ImageObject","inLanguage":"sv-SE","@id":"https:\/\/five2oneestate.com\/sv\/jobb-paa-five2one\/bli-bostadsfoermedlare-med-five2one\/#primaryimage","url":"https:\/\/five2oneestate.com\/wp-content\/uploads\/2024\/07\/JOB2-1024x547.jpg","contentUrl":"https:\/\/five2oneestate.com\/wp-content\/uploads\/2024\/07\/JOB2-1024x547.jpg"},{"@type":"BreadcrumbList","@id":"https:\/\/five2oneestate.com\/sv\/jobb-paa-five2one\/bli-bostadsfoermedlare-med-five2one\/#breadcrumb","itemListElement":[{"@type":"ListItem","position":1,"name":"Hjem","item":"https:\/\/five2oneestate.com\/sv\/koep-lyxigt-semesterhus\/"},{"@type":"ListItem","position":2,"name":"Jobb p\u00e5 Five2one","item":"https:\/\/five2oneestate.com\/sv\/jobb-paa-five2one\/"},{"@type":"ListItem","position":3,"name":"Bli bostadsf\u00f6rmedlare med Five2one"}]},{"@type":"WebSite","@id":"https:\/\/five2oneestate.com\/sv\/#website","url":"https:\/\/five2oneestate.com\/sv\/","name":"Five2one Estate","description":"Vi g\u00f8r dr\u00f8mme til virkelighed","publisher":{"@id":"https:\/\/five2oneestate.com\/sv\/#organization"},"potentialAction":[{"@type":"SearchAction","target":{"@type":"EntryPoint","urlTemplate":"https:\/\/five2oneestate.com\/sv\/?s={search_term_string}"},"query-input":{"@type":"PropertyValueSpecification","valueRequired":true,"valueName":"search_term_string"}}],"inLanguage":"sv-SE"},{"@type":"Organization","@id":"https:\/\/five2oneestate.com\/sv\/#organization","name":"Five2one Estate","url":"https:\/\/five2oneestate.com\/sv\/","logo":{"@type":"ImageObject","inLanguage":"sv-SE","@id":"https:\/\/five2oneestate.com\/sv\/#\/schema\/logo\/image\/","url":"https:\/\/five2oneestate.com\/wp-content\/uploads\/2022\/10\/Skaermbillede-2022-10-27-kl.-11.10.45-1024x572.png","contentUrl":"https:\/\/five2oneestate.com\/wp-content\/uploads\/2022\/10\/Skaermbillede-2022-10-27-kl.-11.10.45-1024x572.png","width":1024,"height":572,"caption":"Five2one Estate"},"image":{"@id":"https:\/\/five2oneestate.com\/sv\/#\/schema\/logo\/image\/"},"sameAs":["https:\/\/www.facebook.com\/five2oneestate","https:\/\/www.linkedin.com\/company\/five2one-estate","https:\/\/www.instagram.com\/five2one.estate\/"]}]}},"_links":{"self":[{"href":"https:\/\/five2oneestate.com\/sv\/wp-json\/wp\/v2\/pages\/22417","targetHints":{"allow":["GET"]}}],"collection":[{"href":"https:\/\/five2oneestate.com\/sv\/wp-json\/wp\/v2\/pages"}],"about":[{"href":"https:\/\/five2oneestate.com\/sv\/wp-json\/wp\/v2\/types\/page"}],"author":[{"embeddable":true,"href":"https:\/\/five2oneestate.com\/sv\/wp-json\/wp\/v2\/users\/9"}],"replies":[{"embeddable":true,"href":"https:\/\/five2oneestate.com\/sv\/wp-json\/wp\/v2\/comments?post=22417"}],"version-history":[{"count":0,"href":"https:\/\/five2oneestate.com\/sv\/wp-json\/wp\/v2\/pages\/22417\/revisions"}],"up":[{"embeddable":true,"href":"https:\/\/five2oneestate.com\/sv\/wp-json\/wp\/v2\/pages\/22426"}],"wp:attachment":[{"href":"https:\/\/five2oneestate.com\/sv\/wp-json\/wp\/v2\/media?parent=22417"}],"curies":[{"name":"wp","href":"https:\/\/api.w.org\/{rel}","templated":true}]}}