{"id":22237,"date":"2022-10-02T00:45:06","date_gmt":"2022-10-01T22:45:06","guid":{"rendered":"https:\/\/five2oneestate.com\/policy-foer-cookies\/"},"modified":"2025-11-24T11:09:28","modified_gmt":"2025-11-24T10:09:28","slug":"policy-foer-cookies","status":"publish","type":"page","link":"https:\/\/five2oneestate.com\/sv\/policy-foer-cookies\/","title":{"rendered":"Policy f\u00f6r cookies"},"content":{"rendered":"\t\t<div data-elementor-type=\"wp-page\" data-elementor-id=\"22237\" class=\"elementor elementor-22237 elementor-17620\" data-elementor-post-type=\"page\">\n\t\t\t\t\t\t<section class=\"elementor-section elementor-top-section elementor-element elementor-element-45115ca0 elementor-section-height-min-height animated-slow elementor-section-boxed elementor-section-height-default elementor-section-items-middle elementor-invisible\" data-id=\"45115ca0\" data-element_type=\"section\" data-e-type=\"section\" data-settings=\"{&quot;background_background&quot;:&quot;classic&quot;,&quot;animation&quot;:&quot;fadeIn&quot;}\">\n\t\t\t\t\t\t\t<div class=\"elementor-background-overlay\"><\/div>\n\t\t\t\t\t\t\t<div class=\"elementor-container elementor-column-gap-default\">\n\t\t\t\t\t<div class=\"elementor-column elementor-col-100 elementor-top-column elementor-element elementor-element-1526ac2f\" data-id=\"1526ac2f\" data-element_type=\"column\" data-e-type=\"column\">\n\t\t\t<div class=\"elementor-widget-wrap elementor-element-populated\">\n\t\t\t\t\t\t<div class=\"elementor-element elementor-element-537676f elementor-widget elementor-widget-heading\" data-id=\"537676f\" data-element_type=\"widget\" data-e-type=\"widget\" data-widget_type=\"heading.default\">\n\t\t\t\t<div class=\"elementor-widget-container\">\n\t\t\t\t\t<h1 class=\"elementor-heading-title elementor-size-default\">Policy f\u00f6r cookies\n <\/h1>\t\t\t\t<\/div>\n\t\t\t\t<\/div>\n\t\t\t\t\t<\/div>\n\t\t<\/div>\n\t\t\t\t\t<\/div>\n\t\t<\/section>\n\t\t\t\t<section class=\"elementor-section elementor-top-section elementor-element elementor-element-83a69e9 elementor-section-boxed elementor-section-height-default elementor-section-height-default\" data-id=\"83a69e9\" data-element_type=\"section\" data-e-type=\"section\">\n\t\t\t\t\t\t<div class=\"elementor-container elementor-column-gap-default\">\n\t\t\t\t\t<div class=\"elementor-column elementor-col-100 elementor-top-column elementor-element elementor-element-aad4cc6\" data-id=\"aad4cc6\" data-element_type=\"column\" data-e-type=\"column\">\n\t\t\t<div class=\"elementor-widget-wrap\">\n\t\t\t\t\t\t\t<\/div>\n\t\t<\/div>\n\t\t\t\t\t<\/div>\n\t\t<\/section>\n\t\t\t\t<section class=\"elementor-section elementor-top-section elementor-element elementor-element-a9fa2cf elementor-section-boxed elementor-section-height-default elementor-section-height-default\" data-id=\"a9fa2cf\" data-element_type=\"section\" data-e-type=\"section\">\n\t\t\t\t\t\t<div class=\"elementor-container elementor-column-gap-default\">\n\t\t\t\t\t<div class=\"elementor-column elementor-col-100 elementor-top-column elementor-element elementor-element-68449a0\" data-id=\"68449a0\" data-element_type=\"column\" data-e-type=\"column\">\n\t\t\t<div class=\"elementor-widget-wrap\">\n\t\t\t\t\t\t\t<\/div>\n\t\t<\/div>\n\t\t\t\t\t<\/div>\n\t\t<\/section>\n\t\t\t\t<section class=\"elementor-section elementor-top-section elementor-element elementor-element-a450f72 elementor-section-boxed elementor-section-height-default elementor-section-height-default\" data-id=\"a450f72\" data-element_type=\"section\" data-e-type=\"section\">\n\t\t\t\t\t\t<div class=\"elementor-container elementor-column-gap-default\">\n\t\t\t\t\t<div class=\"elementor-column elementor-col-100 elementor-top-column elementor-element elementor-element-0a63f36\" data-id=\"0a63f36\" data-element_type=\"column\" data-e-type=\"column\">\n\t\t\t<div class=\"elementor-widget-wrap elementor-element-populated\">\n\t\t\t\t\t\t<div class=\"elementor-element elementor-element-1304d24 elementor-widget elementor-widget-text-editor\" data-id=\"1304d24\" data-element_type=\"widget\" data-e-type=\"widget\" data-widget_type=\"text-editor.default\">\n\t\t\t\t<div class=\"elementor-widget-container\">\n\t\t\t\t\t\t\t\t\t<p><strong>\u00c4ndam\u00e5let och den r\u00e4ttsliga grunden f\u00f6r v\u00e5r behandling av dina personuppgifter<\/strong><br>Five2one Estate behandlar personuppgifter fr\u00e5n v\u00e5r webbplats, fr\u00e5n sociala medier och fr\u00e5n s\u00f6kmotorer f\u00f6r att marknadsf\u00f6ra v\u00e5ra tj\u00e4nster till befintliga och nya kunder.<\/p><p>Vi baserar v\u00e5ra marknadsf\u00f6ringsinsatser p\u00e5 samtycke. Vi ser till att bes\u00f6kare p\u00e5 v\u00e5r webbplats inte sp\u00e5ras innan de har gett sitt samtycke. <\/p><p>N\u00e4r vi annonserar p\u00e5 sociala medier och s\u00f6kmotorer, d\u00e4ribland LinkedIn, Facebook och Instagram, \u00e4r vi tekniskt beroende av att det sociala mediet och s\u00f6kmotorn har inh\u00e4mtat samtycke fr\u00e5n de anv\u00e4ndare som kan komma att se v\u00e5ra meddelanden och att samtycket faktiskt uppfyller kraven p\u00e5 att vara frivilligt, specifikt, informerat och en otvetydig viljeyttring.<\/p><p>Grunden f\u00f6r v\u00e5r behandling av personuppgifter i samband med v\u00e5r marknadsf\u00f6ring hittar du i artikel 6.1 a i dataskyddsf\u00f6rordningen.<\/p><p><strong>Kategorier av personuppgifter<\/strong><br>Vi behandlar endast allm\u00e4nna personuppgifter n\u00e4r du bes\u00f6ker v\u00e5r webbplats eller n\u00e4r vi marknadsf\u00f6r v\u00e5ra tj\u00e4nster via s\u00f6kmotorer och sociala medier. N\u00e4r vi anv\u00e4nder sociala medier eller s\u00f6kmotorer f\u00f6r marknadsf\u00f6ring s\u00e4kerst\u00e4ller vi att vi inte behandlar k\u00e4nsliga uppgifter. Vi behandlar endast geografiskt l\u00e4ge, \u00e5lder, k\u00f6n, arbetsplats, utbildning och liknande allm\u00e4nna personuppgifter.  <\/p><p><strong>Mottagare och kategorier av mottagare <\/strong><br>Vi l\u00e4mnar ut eller \u00f6verf\u00f6r dina personuppgifter till f\u00f6ljande mottagare n\u00e4r det \u00e4r n\u00f6dv\u00e4ndigt:<\/p><ul><li>Myndigheter, om vi \u00e4r skyldiga att g\u00f6ra det<\/li><li>Leverant\u00f6rerna av v\u00e5r webbplats och deras underbitr\u00e4den<\/li><\/ul><p>Slutligen delar vi personuppgifter som vi \u00e4r personuppgiftsansvariga f\u00f6r med de sociala medier och s\u00f6kmotorer som vi anv\u00e4nder i v\u00e5r marknadsf\u00f6ring.<\/p><p><strong>\u00d6verf\u00f6ring till mottagare i tredje land, inklusive internationella organisationer<\/strong><br>Vi l\u00e4mnar s\u00e5 l\u00e5ngt som m\u00f6jligt inte ut eller \u00f6verf\u00f6r personuppgifter till mottagare utanf\u00f6r EU\/EES. Databaser f\u00f6r sociala medier finns dock \u00f6ver hela v\u00e4rlden. Vi kan t.ex. inte garantera att LinkedIn inte skickar personuppgifter till USA. Detsamma g\u00e4ller f\u00f6r de personuppgifter som samlas in av s\u00f6kmotorn Google, som vi anv\u00e4nder och ansvarar f\u00f6r i v\u00e5r marknadsf\u00f6ring. Under \u00e5rens lopp f\u00f6rv\u00e4ntar vi oss att databaserna f\u00f6r sociala medier kommer att finnas i EU tillsammans med de personuppgifter som kan h\u00e4nf\u00f6ras till EU-medborgare.    <\/p><p><strong>K\u00e4llor till insamlade personuppgifter<\/strong><br>Personuppgifterna <strong>h\u00e4rr\u00f6r<\/strong> fr\u00e5n bes\u00f6kare p\u00e5 v\u00e5r webbplats och anv\u00e4ndare som har ett konto p\u00e5 de sociala medier d\u00e4r v\u00e5ra annonser och inl\u00e4gg visas. N\u00e4r du bes\u00f6ker Five2one Estate.dk samlar vi in personuppgifter via cookies. Five2one Estate kan anv\u00e4nda alla typer av cookies. L\u00e4s nedan om de olika typerna av cookies och ditt samtycke till v\u00e5r anv\u00e4ndning av dem.   <\/p><p><strong>Vad \u00e4r en cookie<\/strong><br>Cookies anv\u00e4nds av i stort sett alla webbplatser. Det finns i princip 4 typer av cookies: <\/p><ol><li>Tekniska cookies: Tekniska cookies \u00e4r n\u00f6dv\u00e4ndiga f\u00f6r att de allra flesta webbplatser ska fungera korrekt. De ser ocks\u00e5 till att du inte forts\u00e4tter att l\u00e4mna den webbplats du bes\u00f6ker. Anv\u00e4ndningen av tekniska cookies kr\u00e4ver inget samtycke.  <\/li><li>Statistikcookies: Statistikcookies anv\u00e4nds f\u00f6r att optimera utformningen, anv\u00e4ndbarheten och effektiviteten p\u00e5 en webbplats.<\/li><\/ol><p>Den insamlade informationen anv\u00e4nds t.ex. f\u00f6r att analysera vilken information som \u00e4r mest popul\u00e4r p\u00e5 webbplatsen och d\u00e4rmed l\u00e4tt att hitta f\u00f6r att f\u00f6rb\u00e4ttra anv\u00e4ndarv\u00e4nligheten. Statistikcookies kan ocks\u00e5 anv\u00e4ndas f\u00f6r att samla in bes\u00f6ksstatistik genom en enkel r\u00e4kning av antalet bes\u00f6k p\u00e5 en webbplats. Statistikcookies har vanligtvis liten eller ingen inverkan p\u00e5 den personliga integriteten eftersom de inte registrerar vad som s\u00f6ks efter p\u00e5 andra webbplatser. Det \u00e4r dock ett krav att webbplats\u00e4garen informerar och ber om samtycke vid anv\u00e4ndning av statistikcookies.   <\/p><ol start=\"3\"><li>Personliga cookies: Personliga cookies samlar in information genom att f\u00f6lja oss runt p\u00e5 en webbplats och samla in v\u00e5rt digitala fotavtryck. De kallas d\u00e4rf\u00f6r ocks\u00e5 &#8220;sp\u00e5rningscookies&#8221;. <\/li><\/ol><p>Personliga cookies anv\u00e4nds f\u00f6r att leverera mer riktat och relevant inneh\u00e5ll p\u00e5 webbplatsen &#8211; till exempel i form av f\u00f6reslagen information och artiklar. Andra anv\u00e4ndare f\u00e5r se annat inneh\u00e5ll p\u00e5 webbplatsen eftersom de \u00e4r intresserade av n\u00e5got annat. Inneh\u00e5llet v\u00e4ljs utifr\u00e5n den information som personaliserade cookies har samlat in om dina s\u00f6kningar, intressen och klick p\u00e5 webben. Personliga cookies kan d\u00e4rf\u00f6r ses som en tj\u00e4nst som riktar sig till dig med relevant inneh\u00e5ll n\u00e4r du r\u00f6r dig p\u00e5 webben.   <\/p><p>En webbplats som samlar in information med hj\u00e4lp av cookies f\u00f6r att skapa personanpassat inneh\u00e5ll m\u00e5ste informera om detta och inh\u00e4mta samtycke.<\/p><ol start=\"4\"><li>Marknadsf\u00f6ringscookies: N\u00e4r cookies anv\u00e4nds i ett kommersiellt sammanhang f\u00f6r att rikta annonser till dig \u00e4r det marknadsf\u00f6ringscookies.<\/li><\/ol><p>Marknadsf\u00f6ringscookies samlar in information genom att f\u00f6lja oss p\u00e5 enskilda webbplatser p\u00e5 samma s\u00e4tt som personliga cookies. Marknadsf\u00f6ringscookies \u00e4r d\u00e4rf\u00f6r ocks\u00e5 &#8220;sp\u00e5rningscookies&#8221;. Den insamlade informationen anv\u00e4nds f\u00f6r att skapa en \u00f6verblick \u00f6ver v\u00e5ra intressen, vanor och aktiviteter f\u00f6r att kunna visa relevanta annonser baserat p\u00e5 vad vi tidigare har tittat p\u00e5. En webbplats m\u00e5ste informera och inh\u00e4mta samtycke n\u00e4r den anv\u00e4nder marknadsf\u00f6ringscookies.   <\/p><p><strong>Undvik cookies<\/strong><br>Om du vill undvika cookies helt och h\u00e5llet beh\u00f6ver du st\u00e4nga av cookies i din webbl\u00e4sare. Var du hittar inst\u00e4llningarna beror p\u00e5 vilken webbl\u00e4sare du anv\u00e4nder. Du b\u00f6r dock vara medveten om att om du g\u00f6r detta finns det funktioner och tj\u00e4nster som du inte kan anv\u00e4nda eftersom de kr\u00e4ver att webbplatsen kommer ih\u00e5g de val du g\u00f6r. Alla webbl\u00e4sare till\u00e5ter dig att radera cookies individuellt eller alla p\u00e5 en g\u00e5ng fr\u00e5n din dator. Hur du g\u00f6r detta beror p\u00e5 vilken webbl\u00e4sare du anv\u00e4nder.    <\/p><p><strong>Lagring av dina personuppgifter<\/strong><br>Vi har interna riktlinjer f\u00f6r lagringstiden f\u00f6r alla kategorier av personuppgifter. Dokumentation av samtycke lagras i minst 2 \u00e5r efter att samtycket senast anv\u00e4ndes. Personuppgifter fr\u00e5n cookies p\u00e5 v\u00e5r webbplats lagras under olika tidsperioder. Viss cookieinformation raderas n\u00e4r du inte l\u00e4ngre anv\u00e4nder v\u00e5r webbplats (sessionens slut). Andra cookie-data lagras i flera \u00e5r. Personuppgifter fr\u00e5n sociala medier lagras s\u00e5 l\u00e4nge som vi marknadsf\u00f6r p\u00e5 det sociala mediet, om inte radering beg\u00e4rs.     <\/p><p><strong>Automatiserade beslut, inklusive profilering<\/strong><br>Vi annonserar p\u00e5 sociala medier, till exempel p\u00e5 Facebook och LinkedIn, och genom s\u00f6kmotorer, inklusive Google. I samband med detta f\u00f6rst\u00e5r vi att profilering sker. Logiken i profileringen \u00e4r att v\u00e5ra meddelanden skickas ut till personer som det sociala mediet i fr\u00e5ga anser vara mest ben\u00e4gna att vara intresserade av dem.  <\/p><p><strong>Dina r\u00e4ttigheter<\/strong><br>Om du vill ut\u00f6va dina r\u00e4ttigheter, v\u00e4nligen kontakta oss.<\/p><p><strong>R\u00e4tt att se information (r\u00e4tt till tillg\u00e5ng)<\/strong><br>Du har r\u00e4tt att f\u00e5 tillg\u00e5ng till den information som vi behandlar om dig.<\/p><p>R\u00e4tt till r\u00e4ttelse <strong>(korrigering)<\/strong><br>Du har r\u00e4tt att f\u00e5 felaktig information om dig sj\u00e4lv korrigerad.<\/p><p><strong>R\u00e4tt till<\/strong> radering<br>I s\u00e4rskilda fall har du r\u00e4tt att f\u00e5 uppgifter om dig raderade f\u00f6re tidpunkten f\u00f6r v\u00e5r generella allm\u00e4nna radering. N\u00e4r radering beg\u00e4rs kommer vi s\u00e5 l\u00e5ngt det \u00e4r m\u00f6jligt se till att personuppgifterna raderas fr\u00e5n de IT-system som \u00e4r tekniskt tillg\u00e4ngliga f\u00f6r oss och som vi anv\u00e4nder i v\u00e5r marknadsf\u00f6ring. Om du vill radera personuppgifter som vi och det aktuella sociala mediet gemensamt ansvarar f\u00f6r h\u00e4nvisar vi dig till det sociala mediets webbplats d\u00e4r du kan beg\u00e4ra radering, inklusive radering av ditt eget konto.  <\/p><p><strong>R\u00e4tt till begr\u00e4nsning<\/strong> av behandling<br>Du har i vissa fall r\u00e4tt att f\u00e5 behandlingen av dina personuppgifter begr\u00e4nsad. Om du har r\u00e4tt att f\u00e5 behandlingen begr\u00e4nsad f\u00e5r vi i forts\u00e4ttningen endast behandla uppgifterna &#8211; f\u00f6rutom f\u00f6r lagring &#8211; med ditt samtycke, eller f\u00f6r att fastst\u00e4lla, g\u00f6ra g\u00e4llande eller f\u00f6rsvara r\u00e4ttsliga anspr\u00e5k, eller f\u00f6r att skydda en person eller viktiga allm\u00e4nna intressen. <\/p><p><strong>R\u00e4tt<\/strong> att inv\u00e4nda<br>I vissa fall har du r\u00e4tt att inv\u00e4nda mot v\u00e5r i \u00f6vrigt lagliga behandling av dina personuppgifter.<\/p><p><strong>R\u00e4tt att \u00f6verf\u00f6ra uppgifter (dataportabilitet)<\/strong><br>I vissa fall har du r\u00e4tt att f\u00e5 dina personuppgifter i ett strukturerat, allm\u00e4nt anv\u00e4nt och maskinl\u00e4sbart format och att f\u00e5 dessa personuppgifter \u00f6verf\u00f6rda fr\u00e5n en personuppgiftsansvarig till en annan utan hinder. Du kan l\u00e4sa mer om dina r\u00e4ttigheter i Datainspektionens v\u00e4gledning om den registrerades r\u00e4ttigheter, som du hittar p\u00e5 <a href=\"https:\/\/www.datatilsynet.dk\/\">www.datatilsynet.dk.<\/a> <\/p><p><strong>Klagom\u00e5l till Datainspektionen <\/strong><br>Du har r\u00e4tt att l\u00e4mna in ett klagom\u00e5l till Datainspektionen om du \u00e4r missn\u00f6jd med hur vi behandlar dina personuppgifter. Du hittar Datainspektionens kontaktuppgifter p\u00e5 <a href=\"https:\/\/www.datatilsynet.dk\/\">www.datatilsynet.dk.<\/a> <\/p><p><strong>Personuppgiftsansvarig &#8211; hur du kontaktar oss<\/strong><br>www.five2oneestate.dk \u00e4gs av Five2one ApS, cvr. nr 42284548 och du kan kontakta den person som \u00e4r ansvarig f\u00f6r efterlevnaden av personuppgiftsreglerna, Jakob Skram-Jensen p\u00e5 <a href=\"mailto:jakob@five2oneestate.dk\">jakob@five2oneestate.dk<\/a> <\/p><p>.<\/p>\t\t\t\t\t\t\t\t<\/div>\n\t\t\t\t<\/div>\n\t\t\t\t\t<\/div>\n\t\t<\/div>\n\t\t\t\t\t<\/div>\n\t\t<\/section>\n\t\t\t\t<\/div>\n\t\t","protected":false},"excerpt":{"rendered":"<p>Policy f\u00f6r cookies \u00c4ndam\u00e5let och den r\u00e4ttsliga grunden f\u00f6r v\u00e5r behandling av dina personuppgifterFive2one Estate behandlar personuppgifter fr\u00e5n v\u00e5r webbplats, fr\u00e5n sociala medier och fr\u00e5n s\u00f6kmotorer f\u00f6r att marknadsf\u00f6ra v\u00e5ra tj\u00e4nster till befintliga och nya kunder. Vi baserar v\u00e5ra marknadsf\u00f6ringsinsatser p\u00e5 samtycke. Vi ser till att bes\u00f6kare p\u00e5 v\u00e5r webbplats inte sp\u00e5ras innan de har [&hellip;]<\/p>\n","protected":false},"author":1,"featured_media":0,"parent":0,"menu_order":0,"comment_status":"closed","ping_status":"closed","template":"template\/template-homepage.php","meta":{"content-type":"","footnotes":""},"class_list":["post-22237","page","type-page","status-publish","hentry"],"yoast_head":"<!-- This site is optimized with the Yoast SEO Premium plugin v22.3 (Yoast SEO v27.4) - https:\/\/yoast.com\/product\/yoast-seo-premium-wordpress\/ -->\n<title>Policy f\u00f6r cookies - Five2one Estate<\/title>\n<meta name=\"description\" content=\"Five2one Estate behandlar dina personuppgifter konfidentiellt och professionellt. Vi baserar v\u00e5ra marknadsf\u00f6ringsinsatser p\u00e5 samtycke.\" \/>\n<meta name=\"robots\" content=\"index, follow, max-snippet:-1, max-image-preview:large, max-video-preview:-1\" \/>\n<link rel=\"canonical\" href=\"https:\/\/five2oneestate.com\/sv\/policy-foer-cookies\/\" \/>\n<meta property=\"og:locale\" content=\"sv_SE\" \/>\n<meta property=\"og:type\" content=\"article\" \/>\n<meta property=\"og:title\" content=\"Policy f\u00f6r cookies\" \/>\n<meta property=\"og:description\" content=\"Five2one Estate behandlar dina personuppgifter konfidentiellt och professionellt. Vi baserar v\u00e5ra marknadsf\u00f6ringsinsatser p\u00e5 samtycke.\" \/>\n<meta property=\"og:url\" content=\"https:\/\/five2oneestate.com\/sv\/policy-foer-cookies\/\" \/>\n<meta property=\"og:site_name\" content=\"Five2one Estate\" \/>\n<meta property=\"article:publisher\" content=\"https:\/\/www.facebook.com\/five2oneestate\" \/>\n<meta property=\"article:modified_time\" content=\"2025-11-24T10:09:28+00:00\" \/>\n<meta name=\"twitter:card\" content=\"summary_large_image\" \/>\n<meta name=\"twitter:label1\" content=\"Est. reading time\" \/>\n\t<meta name=\"twitter:data1\" content=\"8 minuter\" \/>\n<script type=\"application\/ld+json\" class=\"yoast-schema-graph\">{\"@context\":\"https:\\\/\\\/schema.org\",\"@graph\":[{\"@type\":\"WebPage\",\"@id\":\"https:\\\/\\\/five2oneestate.com\\\/sv\\\/policy-foer-cookies\\\/\",\"url\":\"https:\\\/\\\/five2oneestate.com\\\/sv\\\/policy-foer-cookies\\\/\",\"name\":\"Policy f\u00f6r cookies - Five2one Estate\",\"isPartOf\":{\"@id\":\"https:\\\/\\\/five2oneestate.com\\\/sv\\\/#website\"},\"datePublished\":\"2022-10-01T22:45:06+00:00\",\"dateModified\":\"2025-11-24T10:09:28+00:00\",\"description\":\"Five2one Estate behandlar dina personuppgifter konfidentiellt och professionellt. Vi baserar v\u00e5ra marknadsf\u00f6ringsinsatser p\u00e5 samtycke.\",\"breadcrumb\":{\"@id\":\"https:\\\/\\\/five2oneestate.com\\\/sv\\\/policy-foer-cookies\\\/#breadcrumb\"},\"inLanguage\":\"sv-SE\",\"potentialAction\":[{\"@type\":\"ReadAction\",\"target\":[\"https:\\\/\\\/five2oneestate.com\\\/sv\\\/policy-foer-cookies\\\/\"]}]},{\"@type\":\"BreadcrumbList\",\"@id\":\"https:\\\/\\\/five2oneestate.com\\\/sv\\\/policy-foer-cookies\\\/#breadcrumb\",\"itemListElement\":[{\"@type\":\"ListItem\",\"position\":1,\"name\":\"Hjem\",\"item\":\"https:\\\/\\\/five2oneestate.com\\\/sv\\\/koep-lyxigt-semesterhus\\\/\"},{\"@type\":\"ListItem\",\"position\":2,\"name\":\"Policy f\u00f6r cookies\"}]},{\"@type\":\"WebSite\",\"@id\":\"https:\\\/\\\/five2oneestate.com\\\/sv\\\/#website\",\"url\":\"https:\\\/\\\/five2oneestate.com\\\/sv\\\/\",\"name\":\"Five2one Estate\",\"description\":\"Vi g\u00f8r dr\u00f8mme til virkelighed\",\"publisher\":{\"@id\":\"https:\\\/\\\/five2oneestate.com\\\/sv\\\/#organization\"},\"potentialAction\":[{\"@type\":\"SearchAction\",\"target\":{\"@type\":\"EntryPoint\",\"urlTemplate\":\"https:\\\/\\\/five2oneestate.com\\\/sv\\\/?s={search_term_string}\"},\"query-input\":{\"@type\":\"PropertyValueSpecification\",\"valueRequired\":true,\"valueName\":\"search_term_string\"}}],\"inLanguage\":\"sv-SE\"},{\"@type\":\"Organization\",\"@id\":\"https:\\\/\\\/five2oneestate.com\\\/sv\\\/#organization\",\"name\":\"Five2one Estate\",\"url\":\"https:\\\/\\\/five2oneestate.com\\\/sv\\\/\",\"logo\":{\"@type\":\"ImageObject\",\"inLanguage\":\"sv-SE\",\"@id\":\"https:\\\/\\\/five2oneestate.com\\\/sv\\\/#\\\/schema\\\/logo\\\/image\\\/\",\"url\":\"https:\\\/\\\/five2oneestate.com\\\/wp-content\\\/uploads\\\/2022\\\/10\\\/Skaermbillede-2022-10-27-kl.-11.10.45-1024x572.png\",\"contentUrl\":\"https:\\\/\\\/five2oneestate.com\\\/wp-content\\\/uploads\\\/2022\\\/10\\\/Skaermbillede-2022-10-27-kl.-11.10.45-1024x572.png\",\"width\":1024,\"height\":572,\"caption\":\"Five2one Estate\"},\"image\":{\"@id\":\"https:\\\/\\\/five2oneestate.com\\\/sv\\\/#\\\/schema\\\/logo\\\/image\\\/\"},\"sameAs\":[\"https:\\\/\\\/www.facebook.com\\\/five2oneestate\",\"https:\\\/\\\/www.linkedin.com\\\/company\\\/five2one-estate\",\"https:\\\/\\\/www.instagram.com\\\/five2one.estate\\\/\"]}]}<\/script>\n<!-- \/ Yoast SEO Premium plugin. -->","yoast_head_json":{"title":"Policy f\u00f6r cookies - Five2one Estate","description":"Five2one Estate behandlar dina personuppgifter konfidentiellt och professionellt. Vi baserar v\u00e5ra marknadsf\u00f6ringsinsatser p\u00e5 samtycke.","robots":{"index":"index","follow":"follow","max-snippet":"max-snippet:-1","max-image-preview":"max-image-preview:large","max-video-preview":"max-video-preview:-1"},"canonical":"https:\/\/five2oneestate.com\/sv\/policy-foer-cookies\/","og_locale":"sv_SE","og_type":"article","og_title":"Policy f\u00f6r cookies","og_description":"Five2one Estate behandlar dina personuppgifter konfidentiellt och professionellt. Vi baserar v\u00e5ra marknadsf\u00f6ringsinsatser p\u00e5 samtycke.","og_url":"https:\/\/five2oneestate.com\/sv\/policy-foer-cookies\/","og_site_name":"Five2one Estate","article_publisher":"https:\/\/www.facebook.com\/five2oneestate","article_modified_time":"2025-11-24T10:09:28+00:00","twitter_card":"summary_large_image","twitter_misc":{"Est. reading time":"8 minuter"},"schema":{"@context":"https:\/\/schema.org","@graph":[{"@type":"WebPage","@id":"https:\/\/five2oneestate.com\/sv\/policy-foer-cookies\/","url":"https:\/\/five2oneestate.com\/sv\/policy-foer-cookies\/","name":"Policy f\u00f6r cookies - Five2one Estate","isPartOf":{"@id":"https:\/\/five2oneestate.com\/sv\/#website"},"datePublished":"2022-10-01T22:45:06+00:00","dateModified":"2025-11-24T10:09:28+00:00","description":"Five2one Estate behandlar dina personuppgifter konfidentiellt och professionellt. Vi baserar v\u00e5ra marknadsf\u00f6ringsinsatser p\u00e5 samtycke.","breadcrumb":{"@id":"https:\/\/five2oneestate.com\/sv\/policy-foer-cookies\/#breadcrumb"},"inLanguage":"sv-SE","potentialAction":[{"@type":"ReadAction","target":["https:\/\/five2oneestate.com\/sv\/policy-foer-cookies\/"]}]},{"@type":"BreadcrumbList","@id":"https:\/\/five2oneestate.com\/sv\/policy-foer-cookies\/#breadcrumb","itemListElement":[{"@type":"ListItem","position":1,"name":"Hjem","item":"https:\/\/five2oneestate.com\/sv\/koep-lyxigt-semesterhus\/"},{"@type":"ListItem","position":2,"name":"Policy f\u00f6r cookies"}]},{"@type":"WebSite","@id":"https:\/\/five2oneestate.com\/sv\/#website","url":"https:\/\/five2oneestate.com\/sv\/","name":"Five2one Estate","description":"Vi g\u00f8r dr\u00f8mme til virkelighed","publisher":{"@id":"https:\/\/five2oneestate.com\/sv\/#organization"},"potentialAction":[{"@type":"SearchAction","target":{"@type":"EntryPoint","urlTemplate":"https:\/\/five2oneestate.com\/sv\/?s={search_term_string}"},"query-input":{"@type":"PropertyValueSpecification","valueRequired":true,"valueName":"search_term_string"}}],"inLanguage":"sv-SE"},{"@type":"Organization","@id":"https:\/\/five2oneestate.com\/sv\/#organization","name":"Five2one Estate","url":"https:\/\/five2oneestate.com\/sv\/","logo":{"@type":"ImageObject","inLanguage":"sv-SE","@id":"https:\/\/five2oneestate.com\/sv\/#\/schema\/logo\/image\/","url":"https:\/\/five2oneestate.com\/wp-content\/uploads\/2022\/10\/Skaermbillede-2022-10-27-kl.-11.10.45-1024x572.png","contentUrl":"https:\/\/five2oneestate.com\/wp-content\/uploads\/2022\/10\/Skaermbillede-2022-10-27-kl.-11.10.45-1024x572.png","width":1024,"height":572,"caption":"Five2one Estate"},"image":{"@id":"https:\/\/five2oneestate.com\/sv\/#\/schema\/logo\/image\/"},"sameAs":["https:\/\/www.facebook.com\/five2oneestate","https:\/\/www.linkedin.com\/company\/five2one-estate","https:\/\/www.instagram.com\/five2one.estate\/"]}]}},"_links":{"self":[{"href":"https:\/\/five2oneestate.com\/sv\/wp-json\/wp\/v2\/pages\/22237","targetHints":{"allow":["GET"]}}],"collection":[{"href":"https:\/\/five2oneestate.com\/sv\/wp-json\/wp\/v2\/pages"}],"about":[{"href":"https:\/\/five2oneestate.com\/sv\/wp-json\/wp\/v2\/types\/page"}],"author":[{"embeddable":true,"href":"https:\/\/five2oneestate.com\/sv\/wp-json\/wp\/v2\/users\/1"}],"replies":[{"embeddable":true,"href":"https:\/\/five2oneestate.com\/sv\/wp-json\/wp\/v2\/comments?post=22237"}],"version-history":[{"count":0,"href":"https:\/\/five2oneestate.com\/sv\/wp-json\/wp\/v2\/pages\/22237\/revisions"}],"wp:attachment":[{"href":"https:\/\/five2oneestate.com\/sv\/wp-json\/wp\/v2\/media?parent=22237"}],"curies":[{"name":"wp","href":"https:\/\/api.w.org\/{rel}","templated":true}]}}