{"id":23086,"date":"2024-12-09T09:53:45","date_gmt":"2024-12-09T08:53:45","guid":{"rendered":"https:\/\/five2oneestate.com\/jobb-hos-five2one\/bli-tjenestekoordinator-hos-five2one\/"},"modified":"2025-11-24T11:14:19","modified_gmt":"2025-11-24T10:14:19","slug":"bli-tjenestekoordinator-hos-five2one","status":"publish","type":"page","link":"https:\/\/five2oneestate.com\/no\/jobb-hos-five2one\/bli-tjenestekoordinator-hos-five2one\/","title":{"rendered":"Bli tjenestekoordinator hos Five2one"},"content":{"rendered":"\t\t<div data-elementor-type=\"wp-page\" data-elementor-id=\"23086\" class=\"elementor elementor-23086 elementor-21129\" data-elementor-post-type=\"page\">\n\t\t\t\t\t\t<section class=\"elementor-section elementor-top-section elementor-element elementor-element-75946d2 elementor-section-content-space-between elementor-section-boxed elementor-section-height-default elementor-section-height-default\" data-id=\"75946d2\" data-element_type=\"section\" data-e-type=\"section\" data-settings=\"{&quot;background_background&quot;:&quot;classic&quot;}\">\n\t\t\t\t\t\t<div class=\"elementor-container elementor-column-gap-no\">\n\t\t\t\t\t<div class=\"elementor-column elementor-col-100 elementor-top-column elementor-element elementor-element-acdd56f\" data-id=\"acdd56f\" data-element_type=\"column\" data-e-type=\"column\">\n\t\t\t<div class=\"elementor-widget-wrap elementor-element-populated\">\n\t\t\t\t\t\t<div class=\"elementor-element elementor-element-3af6b5c elementor-widget elementor-widget-heading\" data-id=\"3af6b5c\" data-element_type=\"widget\" data-e-type=\"widget\" data-widget_type=\"heading.default\">\n\t\t\t\t<div class=\"elementor-widget-container\">\n\t\t\t\t\t<h3 class=\"elementor-heading-title elementor-size-default\">Bli tjenestekoordinator hos Five2one<\/h3>\t\t\t\t<\/div>\n\t\t\t\t<\/div>\n\t\t\t\t<div class=\"elementor-element elementor-element-22d0140 elementor-widget elementor-widget-spacer\" data-id=\"22d0140\" data-element_type=\"widget\" data-e-type=\"widget\" data-widget_type=\"spacer.default\">\n\t\t\t\t<div class=\"elementor-widget-container\">\n\t\t\t\t\t\t\t<div class=\"elementor-spacer\">\n\t\t\t<div class=\"elementor-spacer-inner\"><\/div>\n\t\t<\/div>\n\t\t\t\t\t\t<\/div>\n\t\t\t\t<\/div>\n\t\t\t\t\t<\/div>\n\t\t<\/div>\n\t\t\t\t\t<\/div>\n\t\t<\/section>\n\t\t\t\t<section class=\"elementor-section elementor-top-section elementor-element elementor-element-45bdb69 elementor-section-boxed elementor-section-height-default elementor-section-height-default\" data-id=\"45bdb69\" data-element_type=\"section\" data-e-type=\"section\" data-settings=\"{&quot;background_background&quot;:&quot;classic&quot;}\">\n\t\t\t\t\t\t<div class=\"elementor-container elementor-column-gap-default\">\n\t\t\t\t\t<div class=\"elementor-column elementor-col-50 elementor-top-column elementor-element elementor-element-613f2f6\" data-id=\"613f2f6\" data-element_type=\"column\" data-e-type=\"column\">\n\t\t\t<div class=\"elementor-widget-wrap elementor-element-populated\">\n\t\t\t\t\t\t<div class=\"elementor-element elementor-element-ab07620 elementor-widget elementor-widget-text-editor\" data-id=\"ab07620\" data-element_type=\"widget\" data-e-type=\"widget\" data-widget_type=\"text-editor.default\">\n\t\t\t\t<div class=\"elementor-widget-container\">\n\t\t\t\t\t\t\t\t\t<p><span style=\"font-weight: 400;\">Five2one er delt eierskap av luksusboliger i utlandet der 5 eiere deler eierskapet til 1 eiendom. Eierne slipper alt bryet fordi Five2one tar seg av all administrasjon og vedlikehold. <\/span><\/p><p><span style=\"font-weight: 400;\">Som Five2one-eier kan du bestille et bredt spekter av tjenester, fra barnevakt til et fullt kj\u00f8leskap ved ankomst. Alt for \u00e5 gj\u00f8re eierskapet s\u00e5 enkelt og praktisk som mulig.   <\/span><\/p><p><span style=\"font-weight: 400;\">Kan du se deg selv som en koordinator for disse tjenestene, der ingen dag er lik og ingen oppgave er for stor eller for liten? Five2one s\u00f8ker en servicekoordinator til kontoret i Spania.   <\/span><span style=\"font-weight: 400;\">Og er du den typen person som drives av \u00e5 betjene forn\u00f8yde mennesker som har kj\u00f8pt en eiendom i Spania?<\/span><\/p><p><span style=\"font-weight: 400;\">S\u00e5 kanskje du er den vi leter etter!<\/span><\/p><p><strong>Vi tilbyr:<\/strong><\/p><ul><li style=\"font-weight: 400;\" aria-level=\"1\"><span style=\"font-weight: 400;\">Fast l\u00f8nn som sikrer \u00f8konomisk stabilitet.<\/span><\/li><li style=\"font-weight: 400;\" aria-level=\"1\"><span style=\"font-weight: 400;\">Ansettelse skjer p\u00e5 spanske vilk\u00e5r<\/span><\/li><li style=\"font-weight: 400;\" aria-level=\"1\">En allsidig arbeidshverdag med spennende utfordringer og mye ansvar.<\/li><li style=\"font-weight: 400;\" aria-level=\"1\">En arbeidsplass med dyktige kolleger der respekt og integritet st\u00e5r h\u00f8yt i kurs.<\/li><li style=\"font-weight: 400;\" aria-level=\"1\">En viktig rolle i et selskap i vekst, der din innsats utgj\u00f8r en forskjell.<\/li><\/ul><p><strong>Ansvarsomr\u00e5der:<\/strong><\/p><ul><li style=\"font-weight: 400;\" aria-level=\"1\">Administrer Five2one-boliger via v\u00e5r plattform, der du er bindeleddet mellom eiere og leverand\u00f8rer.<\/li><li style=\"font-weight: 400;\" aria-level=\"1\">Forhandle og samarbeide med leverand\u00f8rer, for eksempel forsyningsselskaper, rengj\u00f8ringsfirmaer og h\u00e5ndverkere.<\/li><li style=\"font-weight: 400;\" aria-level=\"1\">Planlegging og organisering av eierm\u00f8ter.<\/li><li style=\"font-weight: 400;\" aria-level=\"1\">H\u00e5ndtering av ulike administrative oppgaver i samarbeid med \u00f8konomi- og ledergruppen.<\/li><\/ul><p><strong>Kvalifikasjoner:<\/strong><\/p><ul><li style=\"font-weight: 400;\" aria-level=\"1\">Flytende i b\u00e5de dansk og spansk. Flytende engelsk er en fordel. <\/li><li style=\"font-weight: 400;\" aria-level=\"1\">Tidligere erfaring med koordinerende eller administrative oppgaver.<\/li><li style=\"font-weight: 400;\" aria-level=\"1\">Du er serviceinnstilt, strukturert og detaljorientert.<\/li><li style=\"font-weight: 400;\" aria-level=\"1\"><span style=\"font-weight: 400;\">Selvstendig, m\u00e5lbevisst og resultatorientert.<\/span><\/li><li style=\"font-weight: 400;\" aria-level=\"1\">Bor i M\u00e1laga-omr\u00e5det, blant annet mellom Benalm\u00e1dena og Fuengirola.<\/li><\/ul><p><strong>Hvorfor b\u00f8r du bli med i Five2one?<\/strong><\/p><ul><li style=\"font-weight: 400;\" aria-level=\"1\">Five2one er et innovativt selskap som gj\u00f8r luksuri\u00f8s ferieovernatting tilgjengelig for flere.<\/li><li style=\"font-weight: 400;\" aria-level=\"1\">Du blir en del av et dedikert team som jobber for \u00e5 sikre glade og forn\u00f8yde eiere.<\/li><li style=\"font-weight: 400;\" aria-level=\"1\">En dynamisk arbeidsplass med muligheter for faglig og personlig utvikling.<\/li><\/ul><p><span style=\"font-weight: 400;\">Vi er et erfarent team med mange \u00e5rs erfaring fra dansk n\u00e6ringsliv, og vi legger vekt p\u00e5 rettferdighet og gjensidig respekt i alt vi gj\u00f8r.<\/span><\/p><p><span style=\"font-weight: 400;\">Ring +45 521 79 521 521 eller skriv til <a href=\"mailto:info@five2oneestate.com\" target=\"_blank\" rel=\"noopener\">info@five2oneestate.com<\/a> og se mer p\u00e5 <a href=\"http:\/\/www.five2oneestate.com\/\" target=\"_blank\" rel=\"noopener\" data-saferedirecturl=\"https:\/\/www.google.com\/url?q=http:\/\/www.Five2oneestate.com&amp;source=gmail&amp;ust=1733698631141000&amp;usg=AOvVaw22-O7ejW-FvYiHQUFnBT6P\">www.five2oneestate.com<\/a><\/span><\/p><p><span style=\"font-weight: 400;\">Vi ser frem til \u00e5 h\u00f8re fra deg.<\/span><\/p>\t\t\t\t\t\t\t\t<\/div>\n\t\t\t\t<\/div>\n\t\t\t\t\t<\/div>\n\t\t<\/div>\n\t\t\t\t<div class=\"elementor-column elementor-col-50 elementor-top-column elementor-element elementor-element-a1b6705\" data-id=\"a1b6705\" data-element_type=\"column\" data-e-type=\"column\">\n\t\t\t<div class=\"elementor-widget-wrap elementor-element-populated\">\n\t\t\t\t\t\t<div class=\"elementor-element elementor-element-12ab771 elementor-widget elementor-widget-image\" data-id=\"12ab771\" data-element_type=\"widget\" data-e-type=\"widget\" data-widget_type=\"image.default\">\n\t\t\t\t<div class=\"elementor-widget-container\">\n\t\t\t\t\t\t\t\t\t\t\t\t\t\t\t<img fetchpriority=\"high\" decoding=\"async\" width=\"1024\" height=\"547\" src=\"https:\/\/five2oneestate.com\/wp-content\/uploads\/2024\/12\/servicekoordinator-1024x547.jpg\" class=\"attachment-large size-large wp-image-22439\" alt=\"\" srcset=\"https:\/\/five2oneestate.com\/wp-content\/uploads\/2024\/12\/servicekoordinator-1024x547.jpg 1024w, https:\/\/five2oneestate.com\/wp-content\/uploads\/2024\/12\/servicekoordinator-300x160.jpg 300w, https:\/\/five2oneestate.com\/wp-content\/uploads\/2024\/12\/servicekoordinator-768x410.jpg 768w, https:\/\/five2oneestate.com\/wp-content\/uploads\/2024\/12\/servicekoordinator-1536x820.jpg 1536w, https:\/\/five2oneestate.com\/wp-content\/uploads\/2024\/12\/servicekoordinator-1123x600.jpg 1123w, https:\/\/five2oneestate.com\/wp-content\/uploads\/2024\/12\/servicekoordinator-496x265.jpg 496w, https:\/\/five2oneestate.com\/wp-content\/uploads\/2024\/12\/servicekoordinator.jpg 1771w\" sizes=\"(max-width: 1024px) 100vw, 1024px\" \/>\t\t\t\t\t\t\t\t\t\t\t\t\t\t\t<\/div>\n\t\t\t\t<\/div>\n\t\t\t\t<div class=\"elementor-element elementor-element-2ba1fad elementor-widget elementor-widget-text-editor\" data-id=\"2ba1fad\" data-element_type=\"widget\" data-e-type=\"widget\" data-widget_type=\"text-editor.default\">\n\t\t\t\t<div class=\"elementor-widget-container\">\n\t\t\t\t\t\t\t\t\t<p><strong>S\u00f8knad:<\/strong><\/p><p><span style=\"font-weight: 400;\">Fyll ut skjemaet nedenfor eller send din CV og en motivert s\u00f8knad til<\/span><a href=\"mailto:info@five2oneestate.com\"><span style=\"font-weight: 400;\"> info@five2oneestate.com<\/span><\/a><span style=\"font-weight: 400;\"> . <\/span> <\/p>\t\t\t\t\t\t\t\t<\/div>\n\t\t\t\t<\/div>\n\t\t\t\t<div class=\"elementor-element elementor-element-df97b0a elementor-button-align-stretch elementor-widget elementor-widget-form\" data-id=\"df97b0a\" data-element_type=\"widget\" data-e-type=\"widget\" data-settings=\"{&quot;step_next_label&quot;:&quot;Neste Neste&quot;,&quot;step_previous_label&quot;:&quot;Tidligere&quot;,&quot;button_width&quot;:&quot;100&quot;,&quot;step_type&quot;:&quot;number_text&quot;,&quot;step_icon_shape&quot;:&quot;circle&quot;}\" data-widget_type=\"form.default\">\n\t\t\t\t<div class=\"elementor-widget-container\">\n\t\t\t\t\t\t\t<form class=\"elementor-form\" method=\"post\" name=\"S\u00f8k jobb som servicekoordinator\" aria-label=\"S\u00f8k jobb som servicekoordinator\">\n\t\t\t<input type=\"hidden\" name=\"post_id\" value=\"23086\"\/>\n\t\t\t<input type=\"hidden\" name=\"form_id\" value=\"df97b0a\"\/>\n\t\t\t<input type=\"hidden\" name=\"referer_title\" value=\"% % -%%.\" \/>\n\n\t\t\t\t\t\t\t<input type=\"hidden\" name=\"queried_id\" value=\"23086\"\/>\n\t\t\t\n\t\t\t<div class=\"elementor-form-fields-wrapper elementor-labels-above\">\n\t\t\t\t\t\t\t\t<div class=\"elementor-field-type-text elementor-field-group elementor-column elementor-field-group-name elementor-col-100\">\n\t\t\t\t\t\t\t\t\t\t\t\t\t<input size=\"1\" type=\"text\" name=\"form_fields[name]\" id=\"form-field-name\" class=\"elementor-field elementor-size-sm  elementor-field-textual\" placeholder=\"Ditt navn\">\n\t\t\t\t\t\t\t\t\t\t\t<\/div>\n\t\t\t\t\t\t\t\t<div class=\"elementor-field-type-email elementor-field-group elementor-column elementor-field-group-email elementor-col-100 elementor-field-required\">\n\t\t\t\t\t\t\t\t\t\t\t\t\t<input size=\"1\" type=\"email\" name=\"form_fields[email]\" id=\"form-field-email\" class=\"elementor-field elementor-size-sm  elementor-field-textual\" placeholder=\"E-post\" required=\"required\">\n\t\t\t\t\t\t\t\t\t\t\t<\/div>\n\t\t\t\t\t\t\t\t<div class=\"elementor-field-type-textarea elementor-field-group elementor-column elementor-field-group-message elementor-col-100\">\n\t\t\t\t\t<textarea class=\"elementor-field-textual elementor-field  elementor-size-sm\" name=\"form_fields[message]\" id=\"form-field-message\" rows=\"4\" placeholder=\"La oss h\u00f8re litt om deg\"><\/textarea>\t\t\t\t<\/div>\n\t\t\t\t\t\t\t\t<div class=\"elementor-field-type-upload elementor-field-group elementor-column elementor-field-group-field_c12d263 elementor-col-100\">\n\t\t\t\t\t\t\t\t\t\t\t\t<label for=\"form-field-field_c12d263\" class=\"elementor-field-label\">\n\t\t\t\t\t\t\t\tLast opp CV-en din (.pdf)\t\t\t\t\t\t\t<\/label>\n\t\t\t\t\t\t\t\t<input type=\"file\" name=\"form_fields[field_c12d263][]\" id=\"form-field-field_c12d263\" class=\"elementor-field elementor-size-sm  elementor-upload-field\" multiple=\"multiple\" data-maxsize=\"2\" data-maxsize-message=\"This file exceeds the maximum allowed size.\">\n\n\t\t\t\t\t\t<\/div>\n\t\t\t\t\t\t\t\t<div class=\"elementor-field-group elementor-column elementor-field-type-submit elementor-col-100 e-form__buttons\">\n\t\t\t\t\t<button class=\"elementor-button elementor-size-sm\" type=\"submit\">\n\t\t\t\t\t\t<span class=\"elementor-button-content-wrapper\">\n\t\t\t\t\t\t\t\t\t\t\t\t\t\t\t\t\t\t\t\t\t\t<span class=\"elementor-button-text\">S\u00f8k p\u00e5 stillingen n\u00e5<\/span>\n\t\t\t\t\t\t\t\t\t\t\t\t\t<\/span>\n\t\t\t\t\t<\/button>\n\t\t\t\t<\/div>\n\t\t\t<\/div>\n\t\t<\/form>\n\t\t\t\t\t\t<\/div>\n\t\t\t\t<\/div>\n\t\t\t\t\t<\/div>\n\t\t<\/div>\n\t\t\t\t\t<\/div>\n\t\t<\/section>\n\t\t\t\t<section class=\"elementor-section elementor-top-section elementor-element elementor-element-fa09fa2 elementor-section-boxed elementor-section-height-default elementor-section-height-default\" data-id=\"fa09fa2\" data-element_type=\"section\" data-e-type=\"section\">\n\t\t\t\t\t\t<div class=\"elementor-container elementor-column-gap-default\">\n\t\t\t\t\t<div class=\"elementor-column elementor-col-100 elementor-top-column elementor-element elementor-element-6451843\" data-id=\"6451843\" data-element_type=\"column\" data-e-type=\"column\">\n\t\t\t<div class=\"elementor-widget-wrap elementor-element-populated\">\n\t\t\t\t\t\t<div class=\"elementor-element elementor-element-0312735 elementor-widget elementor-widget-spacer\" data-id=\"0312735\" data-element_type=\"widget\" data-e-type=\"widget\" data-widget_type=\"spacer.default\">\n\t\t\t\t<div class=\"elementor-widget-container\">\n\t\t\t\t\t\t\t<div class=\"elementor-spacer\">\n\t\t\t<div class=\"elementor-spacer-inner\"><\/div>\n\t\t<\/div>\n\t\t\t\t\t\t<\/div>\n\t\t\t\t<\/div>\n\t\t\t\t\t<\/div>\n\t\t<\/div>\n\t\t\t\t\t<\/div>\n\t\t<\/section>\n\t\t\t\t<\/div>\n\t\t","protected":false},"excerpt":{"rendered":"<p>Bli tjenestekoordinator hos Five2one Five2one er delt eierskap av luksusboliger i utlandet der 5 eiere deler eierskapet til 1 eiendom. Eierne slipper alt bryet fordi Five2one tar seg av all administrasjon og vedlikehold. Som Five2one-eier kan du bestille et bredt spekter av tjenester, fra barnevakt til et fullt kj\u00f8leskap ved ankomst. Alt for \u00e5 gj\u00f8re [&hellip;]<\/p>\n","protected":false},"author":9,"featured_media":23089,"parent":22434,"menu_order":0,"comment_status":"closed","ping_status":"closed","template":"elementor_header_footer","meta":{"content-type":"","footnotes":""},"class_list":["post-23086","page","type-page","status-publish","has-post-thumbnail","hentry"],"yoast_head":"<!-- This site is optimized with the Yoast SEO Premium plugin v22.3 (Yoast SEO v27.4) - https:\/\/yoast.com\/product\/yoast-seo-premium-wordpress\/ -->\n<title>% % -%%.<\/title>\n<meta name=\"description\" content=\"Kunne du tenke deg \u00e5 v\u00e6re en koordinator for disse tjenestene, der ingen dag er lik og ingen oppgave er for stor eller for liten?\" \/>\n<meta name=\"robots\" content=\"index, follow, max-snippet:-1, max-image-preview:large, max-video-preview:-1\" \/>\n<link rel=\"canonical\" href=\"https:\/\/five2oneestate.com\/no\/jobb-hos-five2one\/bli-tjenestekoordinator-hos-five2one\/\" \/>\n<meta property=\"og:locale\" content=\"nb_NO\" \/>\n<meta property=\"og:type\" content=\"article\" \/>\n<meta property=\"og:title\" content=\"Bli tjenestekoordinator hos Five2one\" \/>\n<meta property=\"og:description\" content=\"Kunne du tenke deg \u00e5 v\u00e6re en koordinator for disse tjenestene, der ingen dag er lik og ingen oppgave er for stor eller for liten?\" \/>\n<meta property=\"og:url\" content=\"https:\/\/five2oneestate.com\/no\/jobb-hos-five2one\/bli-tjenestekoordinator-hos-five2one\/\" \/>\n<meta property=\"og:site_name\" content=\"Five2one Estate\" \/>\n<meta property=\"article:publisher\" content=\"https:\/\/www.facebook.com\/five2oneestate\" \/>\n<meta property=\"article:modified_time\" content=\"2025-11-24T10:14:19+00:00\" \/>\n<meta property=\"og:image\" content=\"https:\/\/five2oneestate.com\/wp-content\/uploads\/2024\/12\/servicekoordinator-job2-scaled.jpg\" \/>\n\t<meta property=\"og:image:width\" content=\"2560\" \/>\n\t<meta property=\"og:image:height\" content=\"1684\" \/>\n\t<meta property=\"og:image:type\" content=\"image\/jpeg\" \/>\n<meta name=\"twitter:card\" content=\"summary_large_image\" \/>\n<meta name=\"twitter:label1\" content=\"Est. reading time\" \/>\n\t<meta name=\"twitter:data1\" content=\"2 minutter\" \/>\n<script type=\"application\/ld+json\" class=\"yoast-schema-graph\">{\"@context\":\"https:\\\/\\\/schema.org\",\"@graph\":[{\"@type\":\"WebPage\",\"@id\":\"https:\\\/\\\/five2oneestate.com\\\/no\\\/jobb-hos-five2one\\\/bli-tjenestekoordinator-hos-five2one\\\/\",\"url\":\"https:\\\/\\\/five2oneestate.com\\\/no\\\/jobb-hos-five2one\\\/bli-tjenestekoordinator-hos-five2one\\\/\",\"name\":\"% % -%%.\",\"isPartOf\":{\"@id\":\"https:\\\/\\\/five2oneestate.com\\\/no\\\/#website\"},\"primaryImageOfPage\":{\"@id\":\"https:\\\/\\\/five2oneestate.com\\\/no\\\/jobb-hos-five2one\\\/bli-tjenestekoordinator-hos-five2one\\\/#primaryimage\"},\"image\":{\"@id\":\"https:\\\/\\\/five2oneestate.com\\\/no\\\/jobb-hos-five2one\\\/bli-tjenestekoordinator-hos-five2one\\\/#primaryimage\"},\"thumbnailUrl\":\"https:\\\/\\\/five2oneestate.com\\\/wp-content\\\/uploads\\\/2024\\\/12\\\/servicekoordinator-job2-scaled.jpg\",\"datePublished\":\"2024-12-09T08:53:45+00:00\",\"dateModified\":\"2025-11-24T10:14:19+00:00\",\"description\":\"Kunne du tenke deg \u00e5 v\u00e6re en koordinator for disse tjenestene, der ingen dag er lik og ingen oppgave er for stor eller for liten?\",\"breadcrumb\":{\"@id\":\"https:\\\/\\\/five2oneestate.com\\\/no\\\/jobb-hos-five2one\\\/bli-tjenestekoordinator-hos-five2one\\\/#breadcrumb\"},\"inLanguage\":\"nb-NO\",\"potentialAction\":[{\"@type\":\"ReadAction\",\"target\":[\"https:\\\/\\\/five2oneestate.com\\\/no\\\/jobb-hos-five2one\\\/bli-tjenestekoordinator-hos-five2one\\\/\"]}]},{\"@type\":\"ImageObject\",\"inLanguage\":\"nb-NO\",\"@id\":\"https:\\\/\\\/five2oneestate.com\\\/no\\\/jobb-hos-five2one\\\/bli-tjenestekoordinator-hos-five2one\\\/#primaryimage\",\"url\":\"https:\\\/\\\/five2oneestate.com\\\/wp-content\\\/uploads\\\/2024\\\/12\\\/servicekoordinator-job2-scaled.jpg\",\"contentUrl\":\"https:\\\/\\\/five2oneestate.com\\\/wp-content\\\/uploads\\\/2024\\\/12\\\/servicekoordinator-job2-scaled.jpg\",\"width\":2560,\"height\":1684},{\"@type\":\"BreadcrumbList\",\"@id\":\"https:\\\/\\\/five2oneestate.com\\\/no\\\/jobb-hos-five2one\\\/bli-tjenestekoordinator-hos-five2one\\\/#breadcrumb\",\"itemListElement\":[{\"@type\":\"ListItem\",\"position\":1,\"name\":\"Hjem\",\"item\":\"https:\\\/\\\/five2oneestate.com\\\/no\\\/kjoep-luksus-feriehus\\\/\"},{\"@type\":\"ListItem\",\"position\":2,\"name\":\"Jobb hos Five2one\",\"item\":\"https:\\\/\\\/five2oneestate.com\\\/no\\\/jobb-hos-five2one\\\/\"},{\"@type\":\"ListItem\",\"position\":3,\"name\":\"Bli tjenestekoordinator hos Five2one\"}]},{\"@type\":\"WebSite\",\"@id\":\"https:\\\/\\\/five2oneestate.com\\\/no\\\/#website\",\"url\":\"https:\\\/\\\/five2oneestate.com\\\/no\\\/\",\"name\":\"Five2one Estate\",\"description\":\"Vi g\u00f8r dr\u00f8mme til virkelighed\",\"publisher\":{\"@id\":\"https:\\\/\\\/five2oneestate.com\\\/no\\\/#organization\"},\"potentialAction\":[{\"@type\":\"SearchAction\",\"target\":{\"@type\":\"EntryPoint\",\"urlTemplate\":\"https:\\\/\\\/five2oneestate.com\\\/no\\\/?s={search_term_string}\"},\"query-input\":{\"@type\":\"PropertyValueSpecification\",\"valueRequired\":true,\"valueName\":\"search_term_string\"}}],\"inLanguage\":\"nb-NO\"},{\"@type\":\"Organization\",\"@id\":\"https:\\\/\\\/five2oneestate.com\\\/no\\\/#organization\",\"name\":\"Five2one Estate\",\"url\":\"https:\\\/\\\/five2oneestate.com\\\/no\\\/\",\"logo\":{\"@type\":\"ImageObject\",\"inLanguage\":\"nb-NO\",\"@id\":\"https:\\\/\\\/five2oneestate.com\\\/no\\\/#\\\/schema\\\/logo\\\/image\\\/\",\"url\":\"https:\\\/\\\/five2oneestate.com\\\/wp-content\\\/uploads\\\/2022\\\/10\\\/Skaermbillede-2022-10-27-kl.-11.10.45-1024x572.png\",\"contentUrl\":\"https:\\\/\\\/five2oneestate.com\\\/wp-content\\\/uploads\\\/2022\\\/10\\\/Skaermbillede-2022-10-27-kl.-11.10.45-1024x572.png\",\"width\":1024,\"height\":572,\"caption\":\"Five2one Estate\"},\"image\":{\"@id\":\"https:\\\/\\\/five2oneestate.com\\\/no\\\/#\\\/schema\\\/logo\\\/image\\\/\"},\"sameAs\":[\"https:\\\/\\\/www.facebook.com\\\/five2oneestate\",\"https:\\\/\\\/www.linkedin.com\\\/company\\\/five2one-estate\",\"https:\\\/\\\/www.instagram.com\\\/five2one.estate\\\/\"]}]}<\/script>\n<!-- \/ Yoast SEO Premium plugin. -->","yoast_head_json":{"title":"% % -%%.","description":"Kunne du tenke deg \u00e5 v\u00e6re en koordinator for disse tjenestene, der ingen dag er lik og ingen oppgave er for stor eller for liten?","robots":{"index":"index","follow":"follow","max-snippet":"max-snippet:-1","max-image-preview":"max-image-preview:large","max-video-preview":"max-video-preview:-1"},"canonical":"https:\/\/five2oneestate.com\/no\/jobb-hos-five2one\/bli-tjenestekoordinator-hos-five2one\/","og_locale":"nb_NO","og_type":"article","og_title":"Bli tjenestekoordinator hos Five2one","og_description":"Kunne du tenke deg \u00e5 v\u00e6re en koordinator for disse tjenestene, der ingen dag er lik og ingen oppgave er for stor eller for liten?","og_url":"https:\/\/five2oneestate.com\/no\/jobb-hos-five2one\/bli-tjenestekoordinator-hos-five2one\/","og_site_name":"Five2one Estate","article_publisher":"https:\/\/www.facebook.com\/five2oneestate","article_modified_time":"2025-11-24T10:14:19+00:00","og_image":[{"width":2560,"height":1684,"url":"https:\/\/five2oneestate.com\/wp-content\/uploads\/2024\/12\/servicekoordinator-job2-scaled.jpg","type":"image\/jpeg"}],"twitter_card":"summary_large_image","twitter_misc":{"Est. reading time":"2 minutter"},"schema":{"@context":"https:\/\/schema.org","@graph":[{"@type":"WebPage","@id":"https:\/\/five2oneestate.com\/no\/jobb-hos-five2one\/bli-tjenestekoordinator-hos-five2one\/","url":"https:\/\/five2oneestate.com\/no\/jobb-hos-five2one\/bli-tjenestekoordinator-hos-five2one\/","name":"% % -%%.","isPartOf":{"@id":"https:\/\/five2oneestate.com\/no\/#website"},"primaryImageOfPage":{"@id":"https:\/\/five2oneestate.com\/no\/jobb-hos-five2one\/bli-tjenestekoordinator-hos-five2one\/#primaryimage"},"image":{"@id":"https:\/\/five2oneestate.com\/no\/jobb-hos-five2one\/bli-tjenestekoordinator-hos-five2one\/#primaryimage"},"thumbnailUrl":"https:\/\/five2oneestate.com\/wp-content\/uploads\/2024\/12\/servicekoordinator-job2-scaled.jpg","datePublished":"2024-12-09T08:53:45+00:00","dateModified":"2025-11-24T10:14:19+00:00","description":"Kunne du tenke deg \u00e5 v\u00e6re en koordinator for disse tjenestene, der ingen dag er lik og ingen oppgave er for stor eller for liten?","breadcrumb":{"@id":"https:\/\/five2oneestate.com\/no\/jobb-hos-five2one\/bli-tjenestekoordinator-hos-five2one\/#breadcrumb"},"inLanguage":"nb-NO","potentialAction":[{"@type":"ReadAction","target":["https:\/\/five2oneestate.com\/no\/jobb-hos-five2one\/bli-tjenestekoordinator-hos-five2one\/"]}]},{"@type":"ImageObject","inLanguage":"nb-NO","@id":"https:\/\/five2oneestate.com\/no\/jobb-hos-five2one\/bli-tjenestekoordinator-hos-five2one\/#primaryimage","url":"https:\/\/five2oneestate.com\/wp-content\/uploads\/2024\/12\/servicekoordinator-job2-scaled.jpg","contentUrl":"https:\/\/five2oneestate.com\/wp-content\/uploads\/2024\/12\/servicekoordinator-job2-scaled.jpg","width":2560,"height":1684},{"@type":"BreadcrumbList","@id":"https:\/\/five2oneestate.com\/no\/jobb-hos-five2one\/bli-tjenestekoordinator-hos-five2one\/#breadcrumb","itemListElement":[{"@type":"ListItem","position":1,"name":"Hjem","item":"https:\/\/five2oneestate.com\/no\/kjoep-luksus-feriehus\/"},{"@type":"ListItem","position":2,"name":"Jobb hos Five2one","item":"https:\/\/five2oneestate.com\/no\/jobb-hos-five2one\/"},{"@type":"ListItem","position":3,"name":"Bli tjenestekoordinator hos Five2one"}]},{"@type":"WebSite","@id":"https:\/\/five2oneestate.com\/no\/#website","url":"https:\/\/five2oneestate.com\/no\/","name":"Five2one Estate","description":"Vi g\u00f8r dr\u00f8mme til virkelighed","publisher":{"@id":"https:\/\/five2oneestate.com\/no\/#organization"},"potentialAction":[{"@type":"SearchAction","target":{"@type":"EntryPoint","urlTemplate":"https:\/\/five2oneestate.com\/no\/?s={search_term_string}"},"query-input":{"@type":"PropertyValueSpecification","valueRequired":true,"valueName":"search_term_string"}}],"inLanguage":"nb-NO"},{"@type":"Organization","@id":"https:\/\/five2oneestate.com\/no\/#organization","name":"Five2one Estate","url":"https:\/\/five2oneestate.com\/no\/","logo":{"@type":"ImageObject","inLanguage":"nb-NO","@id":"https:\/\/five2oneestate.com\/no\/#\/schema\/logo\/image\/","url":"https:\/\/five2oneestate.com\/wp-content\/uploads\/2022\/10\/Skaermbillede-2022-10-27-kl.-11.10.45-1024x572.png","contentUrl":"https:\/\/five2oneestate.com\/wp-content\/uploads\/2022\/10\/Skaermbillede-2022-10-27-kl.-11.10.45-1024x572.png","width":1024,"height":572,"caption":"Five2one Estate"},"image":{"@id":"https:\/\/five2oneestate.com\/no\/#\/schema\/logo\/image\/"},"sameAs":["https:\/\/www.facebook.com\/five2oneestate","https:\/\/www.linkedin.com\/company\/five2one-estate","https:\/\/www.instagram.com\/five2one.estate\/"]}]}},"_links":{"self":[{"href":"https:\/\/five2oneestate.com\/no\/wp-json\/wp\/v2\/pages\/23086","targetHints":{"allow":["GET"]}}],"collection":[{"href":"https:\/\/five2oneestate.com\/no\/wp-json\/wp\/v2\/pages"}],"about":[{"href":"https:\/\/five2oneestate.com\/no\/wp-json\/wp\/v2\/types\/page"}],"author":[{"embeddable":true,"href":"https:\/\/five2oneestate.com\/no\/wp-json\/wp\/v2\/users\/9"}],"replies":[{"embeddable":true,"href":"https:\/\/five2oneestate.com\/no\/wp-json\/wp\/v2\/comments?post=23086"}],"version-history":[{"count":0,"href":"https:\/\/five2oneestate.com\/no\/wp-json\/wp\/v2\/pages\/23086\/revisions"}],"up":[{"embeddable":true,"href":"https:\/\/five2oneestate.com\/no\/wp-json\/wp\/v2\/pages\/22434"}],"wp:featuredmedia":[{"embeddable":true,"href":"https:\/\/five2oneestate.com\/no\/wp-json\/wp\/v2\/media\/23089"}],"wp:attachment":[{"href":"https:\/\/five2oneestate.com\/no\/wp-json\/wp\/v2\/media?parent=23086"}],"curies":[{"name":"wp","href":"https:\/\/api.w.org\/{rel}","templated":true}]}}