{"id":22238,"date":"2022-10-02T00:45:06","date_gmt":"2022-10-01T22:45:06","guid":{"rendered":"https:\/\/five2oneestate.com\/retningslinjer-for-informasjonskapsler\/"},"modified":"2025-11-24T11:09:28","modified_gmt":"2025-11-24T10:09:28","slug":"retningslinjer-for-informasjonskapsler","status":"publish","type":"page","link":"https:\/\/five2oneestate.com\/no\/retningslinjer-for-informasjonskapsler\/","title":{"rendered":"Retningslinjer for informasjonskapsler"},"content":{"rendered":"\t\t<div data-elementor-type=\"wp-page\" data-elementor-id=\"22238\" class=\"elementor elementor-22238 elementor-17620\" data-elementor-post-type=\"page\">\n\t\t\t\t\t\t<section class=\"elementor-section elementor-top-section elementor-element elementor-element-45115ca0 elementor-section-height-min-height animated-slow elementor-section-boxed elementor-section-height-default elementor-section-items-middle elementor-invisible\" data-id=\"45115ca0\" data-element_type=\"section\" data-e-type=\"section\" data-settings=\"{&quot;background_background&quot;:&quot;classic&quot;,&quot;animation&quot;:&quot;fadeIn&quot;}\">\n\t\t\t\t\t\t\t<div class=\"elementor-background-overlay\"><\/div>\n\t\t\t\t\t\t\t<div class=\"elementor-container elementor-column-gap-default\">\n\t\t\t\t\t<div class=\"elementor-column elementor-col-100 elementor-top-column elementor-element elementor-element-1526ac2f\" data-id=\"1526ac2f\" data-element_type=\"column\" data-e-type=\"column\">\n\t\t\t<div class=\"elementor-widget-wrap elementor-element-populated\">\n\t\t\t\t\t\t<div class=\"elementor-element elementor-element-537676f elementor-widget elementor-widget-heading\" data-id=\"537676f\" data-element_type=\"widget\" data-e-type=\"widget\" data-widget_type=\"heading.default\">\n\t\t\t\t<div class=\"elementor-widget-container\">\n\t\t\t\t\t<h1 class=\"elementor-heading-title elementor-size-default\">Retningslinjer for informasjonskapsler\n <\/h1>\t\t\t\t<\/div>\n\t\t\t\t<\/div>\n\t\t\t\t\t<\/div>\n\t\t<\/div>\n\t\t\t\t\t<\/div>\n\t\t<\/section>\n\t\t\t\t<section class=\"elementor-section elementor-top-section elementor-element elementor-element-83a69e9 elementor-section-boxed elementor-section-height-default elementor-section-height-default\" data-id=\"83a69e9\" data-element_type=\"section\" data-e-type=\"section\">\n\t\t\t\t\t\t<div class=\"elementor-container elementor-column-gap-default\">\n\t\t\t\t\t<div class=\"elementor-column elementor-col-100 elementor-top-column elementor-element elementor-element-aad4cc6\" data-id=\"aad4cc6\" data-element_type=\"column\" data-e-type=\"column\">\n\t\t\t<div class=\"elementor-widget-wrap\">\n\t\t\t\t\t\t\t<\/div>\n\t\t<\/div>\n\t\t\t\t\t<\/div>\n\t\t<\/section>\n\t\t\t\t<section class=\"elementor-section elementor-top-section elementor-element elementor-element-a9fa2cf elementor-section-boxed elementor-section-height-default elementor-section-height-default\" data-id=\"a9fa2cf\" data-element_type=\"section\" data-e-type=\"section\">\n\t\t\t\t\t\t<div class=\"elementor-container elementor-column-gap-default\">\n\t\t\t\t\t<div class=\"elementor-column elementor-col-100 elementor-top-column elementor-element elementor-element-68449a0\" data-id=\"68449a0\" data-element_type=\"column\" data-e-type=\"column\">\n\t\t\t<div class=\"elementor-widget-wrap\">\n\t\t\t\t\t\t\t<\/div>\n\t\t<\/div>\n\t\t\t\t\t<\/div>\n\t\t<\/section>\n\t\t\t\t<section class=\"elementor-section elementor-top-section elementor-element elementor-element-a450f72 elementor-section-boxed elementor-section-height-default elementor-section-height-default\" data-id=\"a450f72\" data-element_type=\"section\" data-e-type=\"section\">\n\t\t\t\t\t\t<div class=\"elementor-container elementor-column-gap-default\">\n\t\t\t\t\t<div class=\"elementor-column elementor-col-100 elementor-top-column elementor-element elementor-element-0a63f36\" data-id=\"0a63f36\" data-element_type=\"column\" data-e-type=\"column\">\n\t\t\t<div class=\"elementor-widget-wrap elementor-element-populated\">\n\t\t\t\t\t\t<div class=\"elementor-element elementor-element-1304d24 elementor-widget elementor-widget-text-editor\" data-id=\"1304d24\" data-element_type=\"widget\" data-e-type=\"widget\" data-widget_type=\"text-editor.default\">\n\t\t\t\t<div class=\"elementor-widget-container\">\n\t\t\t\t\t\t\t\t\t<p><strong>Form\u00e5let med og det rettslige grunnlaget for v\u00e5r behandling av dine personopplysninger<\/strong><br>Five2one Estate behandler personopplysninger fra v\u00e5r nettside, fra sosiale medier og fra s\u00f8kemotorer for \u00e5 markedsf\u00f8re v\u00e5re tjenester til eksisterende og nye kunder.<\/p><p>Vi baserer v\u00e5re markedsf\u00f8ringstiltak p\u00e5 samtykke. Vi s\u00f8rger for at bes\u00f8kende p\u00e5 nettstedet v\u00e5rt ikke spores f\u00f8r de har gitt sitt samtykke. <\/p><p>N\u00e5r vi annonserer p\u00e5 sosiale medier og i s\u00f8kemotorer, herunder LinkedIn, Facebook og Instagram, er vi teknisk sett avhengige av at det sosiale mediet og s\u00f8kemotoren har innhentet samtykke fra brukerne som kan se budskapene v\u00e5re, og at samtykket faktisk oppfyller kravene til \u00e5 v\u00e6re frivillig, spesifikt, informert og et utvetydig uttrykk for en intensjon.<\/p><p>Grunnlaget for v\u00e5r behandling av personopplysninger i forbindelse med v\u00e5r markedsf\u00f8ring finner du i personvernforordningen artikkel 6 nr. 1 bokstav a).<\/p><p><strong>Kategorier av personopplysninger<\/strong><br>Vi behandler kun alminnelige personopplysninger n\u00e5r du bes\u00f8ker nettstedet v\u00e5rt, eller n\u00e5r vi markedsf\u00f8rer tjenestene v\u00e5re via s\u00f8kemotorer og sosiale medier. N\u00e5r vi bruker sosiale medier eller s\u00f8kemotorer til markedsf\u00f8ring, s\u00f8rger vi for at vi ikke behandler sensitive opplysninger. Vi behandler kun geografisk plassering, alder, kj\u00f8nn, arbeidssted, utdanning og lignende alminnelige personopplysninger.  <\/p><p><strong>Mottakere og kategorier av mottakere <\/strong><br>Vi utleverer eller overf\u00f8rer personopplysningene dine til f\u00f8lgende mottakere n\u00e5r det er n\u00f8dvendig:<\/p><ul><li>Myndigheter, hvis vi er forpliktet til \u00e5 gj\u00f8re det<\/li><li>Leverand\u00f8rene av nettstedet v\u00e5rt og deres underdatabehandlere<\/li><\/ul><p>Til slutt deler vi personopplysninger som vi er behandlingsansvarlige for, med sosiale medier og s\u00f8kemotorer som vi bruker i markedsf\u00f8ringen v\u00e5r.<\/p><p><strong>Overf\u00f8ring til mottakere i tredjeland, herunder internasjonale organisasjoner<\/strong><br>S\u00e5 langt det er mulig, utleverer eller overf\u00f8rer vi ikke personopplysninger til mottakere utenfor EU\/E\u00d8S. Databaser i sosiale medier finnes imidlertid over hele verden. Vi kan for eksempel ikke garantere at LinkedIn ikke sender personopplysninger til USA. Det samme gjelder personopplysningene som samles inn av s\u00f8kemotoren Google, som vi bruker og er ansvarlige for i v\u00e5r markedsf\u00f8ring. Med \u00e5rene forventer vi at databasene i de sosiale mediene vil befinne seg i EU, sammen med personopplysningene som kan tilskrives EU-borgere.    <\/p><p><strong>Kilder til innsamlede personopplysninger<\/strong><br>Personopplysningene <strong>stammer<\/strong> fra bes\u00f8kende p\u00e5 nettstedet v\u00e5rt og brukere som har en konto p\u00e5 de sosiale mediene der annonsene og innleggene v\u00e5re vises. N\u00e5r du bes\u00f8ker Five2one Estate.dk, samler vi inn personopplysninger gjennom informasjonskapsler. Five2one Estate kan bruke alle typer informasjonskapsler. Nedenfor kan du lese om de ulike typene informasjonskapsler og ditt samtykke til v\u00e5r bruk av dem.   <\/p><p><strong>Hva er en informasjonskapsel<\/strong><br>Informasjonskapsler brukes av praktisk talt alle nettsteder. Det finnes i utgangspunktet fire typer informasjonskapsler: <\/p><ol><li>Tekniske informasjonskapsler: Tekniske informasjonskapsler er n\u00f8dvendige for at de aller fleste nettsteder skal fungere som de skal. De s\u00f8rger ogs\u00e5 for at du ikke stadig forlater nettstedet du bes\u00f8ker. Bruk av tekniske informasjonskapsler krever ikke samtykke.  <\/li><li>Statistikk-informasjonskapsler: Statistikk-informasjonskapsler brukes til \u00e5 optimalisere utformingen, brukervennligheten og effektiviteten til et nettsted.<\/li><\/ol><p>Informasjonen som samles inn, brukes for eksempel til \u00e5 analysere hvilken informasjon som er mest popul\u00e6r p\u00e5 nettstedet og dermed lett \u00e5 finne, slik at brukervennligheten kan forbedres. Statistiske informasjonskapsler kan ogs\u00e5 brukes til \u00e5 samle inn bes\u00f8ksstatistikk gjennom en enkel telling av antall bes\u00f8k p\u00e5 et nettsted. Statistikkinformasjonskapsler har vanligvis liten eller ingen innvirkning p\u00e5 personvernet, ettersom de ikke registrerer hva det s\u00f8kes etter p\u00e5 andre nettsteder. Det er imidlertid et krav at nettstedseieren informerer om og ber om samtykke ved bruk av statistikkcookies.   <\/p><ol start=\"3\"><li>Persontilpassede informasjonskapsler: Persontilpassede informasjonskapsler samler inn informasjon ved \u00e5 f\u00f8lge oss rundt p\u00e5 et nettsted og samle inn v\u00e5rt digitale fotavtrykk. De kalles derfor ogs\u00e5 &#8220;sporingsinformasjonskapsler&#8221;. <\/li><\/ol><p>Personaliserte informasjonskapsler brukes til \u00e5 levere mer m\u00e5lrettet og relevant innhold p\u00e5 nettstedet &#8211; for eksempel i form av forslag til informasjon og artikler. Andre brukere f\u00e5r vist annet innhold p\u00e5 nettstedet fordi de er interessert i noe annet. Innholdet velges ut fra informasjonen de personaliserte informasjonskapslene har samlet inn om dine s\u00f8k, interesser og klikk p\u00e5 nettet. Personaliserte informasjonskapsler kan derfor ses p\u00e5 som en tjeneste som retter seg mot deg med relevant innhold n\u00e5r du beveger deg rundt p\u00e5 nettet.   <\/p><p>Et nettsted som samler inn informasjon ved hjelp av informasjonskapsler for \u00e5 skape persontilpasset innhold, m\u00e5 informere om dette og innhente samtykke.<\/p><ol start=\"4\"><li>Informasjonskapsler for markedsf\u00f8ring: N\u00e5r informasjonskapsler brukes i en kommersiell sammenheng for \u00e5 m\u00e5lrette reklame mot deg, er dette informasjonskapsler for markedsf\u00f8ring.<\/li><\/ol><p>Markedsf\u00f8ringscookies samler inn informasjon ved \u00e5 f\u00f8lge oss p\u00e5 individuelle nettsteder p\u00e5 samme m\u00e5te som personaliserte informasjonskapsler. Markedsf\u00f8ringsinformasjonskapsler er derfor ogs\u00e5 &#8220;sporingsinformasjonskapsler&#8221;. Informasjonen som samles inn, brukes til \u00e5 skape en oversikt over v\u00e5re interesser, vaner og aktiviteter for \u00e5 kunne vise relevante annonser basert p\u00e5 hva vi tidligere har sett p\u00e5. Et nettsted m\u00e5 informere og innhente samtykke ved bruk av informasjonskapsler for markedsf\u00f8ring.   <\/p><p><strong>Unng\u00e5<\/strong> informasjonskapsler<br>Hvis du vil unng\u00e5 informasjonskapsler helt, m\u00e5 du sl\u00e5 av informasjonskapsler i nettleseren din. Hvor du finner innstillingene, avhenger av hvilken nettleser du bruker. Du b\u00f8r imidlertid v\u00e6re oppmerksom p\u00e5 at hvis du gj\u00f8r dette, er det funksjoner og tjenester du ikke kan bruke, fordi de krever at nettstedet husker valgene du gj\u00f8r. Alle nettlesere lar deg slette informasjonskapsler enkeltvis eller alle p\u00e5 \u00e9n gang fra datamaskinen din. Hvordan du gj\u00f8r dette, avhenger av hvilken nettleser du bruker.    <\/p><p><strong>Lagring av dine personopplysninger<\/strong><br>Vi har interne retningslinjer for lagringstid for alle kategorier av personopplysninger. Dokumentasjon av samtykke lagres i minst 2 \u00e5r etter at samtykket sist ble brukt. Personopplysninger fra informasjonskapsler p\u00e5 nettstedet v\u00e5rt lagres i ulike tidsperioder. Noe informasjon fra informasjonskapsler slettes n\u00e5r du ikke lenger bruker nettstedet v\u00e5rt (slutten av \u00f8kten). Andre informasjonskapselopplysninger lagres i flere \u00e5r. Personopplysninger fra sosiale medier lagres s\u00e5 lenge vi markedsf\u00f8rer p\u00e5 det sosiale mediet, med mindre du ber om at de slettes.     <\/p><p><strong>Automatiserte avgj\u00f8relser, herunder profilering<\/strong><br>Vi annonserer p\u00e5 sosiale medier, for eksempel p\u00e5 Facebook og LinkedIn, og gjennom s\u00f8kemotorer, blant annet Google. I den forbindelse er vi innforst\u00e5tt med at det foreg\u00e5r profilering. Logikken i profileringen er at budskapene v\u00e5re sendes ut til personer som det aktuelle sosiale mediet anser som mest sannsynlig interessert i dem.  <\/p><p><strong>Dine rettigheter<\/strong><br>Hvis du \u00f8nsker \u00e5 ut\u00f8ve dine rettigheter, kan du kontakte oss.<\/p><p>Rett til \u00e5 <strong>se informasjon (innsynsrett)<\/strong><br>Du har rett til \u00e5 f\u00e5 innsyn i informasjonen vi behandler om deg.<\/p><p>Rett til retting (korrigering<strong>)<\/strong><br>Du har rett til \u00e5 f\u00e5 uriktige opplysninger om deg selv korrigert.<\/p><p><strong>Rett til<\/strong> sletting<br>I s\u00e6rlige tilfeller har du rett til \u00e5 f\u00e5 slettet opplysninger om deg f\u00f8r tidspunktet for v\u00e5r alminnelige generelle sletting. N\u00e5r sletting bes om, vil vi s\u00e5 langt det er mulig s\u00f8rge for at personopplysningene slettes fra de IT-systemene som er teknisk tilgjengelige for oss og som vi bruker i v\u00e5r markedsf\u00f8ring. Dersom du \u00f8nsker \u00e5 slette personopplysninger som vi og det aktuelle sosiale mediet har felles ansvar for, henviser vi til det sosiale mediets nettside, hvor du kan be om sletting, herunder sletting av din egen konto.  <\/p><p><strong>Rett til begrensning<\/strong> av behandling<br>I visse tilfeller har du rett til \u00e5 f\u00e5 behandlingen av personopplysningene dine begrenset. Hvis du har rett til \u00e5 f\u00e5 behandlingen begrenset, kan vi i fremtiden bare behandle opplysningene &#8211; bortsett fra lagring &#8211; med ditt samtykke, eller for \u00e5 fastsette, gj\u00f8re gjeldende eller forsvare rettskrav, eller for \u00e5 beskytte en person eller viktige samfunnsinteresser. <\/p><p><strong>Rett til \u00e5 protestere<\/strong><br>I visse tilfeller har du rett til \u00e5 protestere mot v\u00e5r ellers lovlige behandling av personopplysningene dine.<\/p><p><strong>Rett til \u00e5 overf\u00f8re opplysninger (dataportabilitet)<\/strong><br>Du har i visse tilfeller rett til \u00e5 motta personopplysningene dine i et strukturert, alminnelig anvendt og maskinlesbart format og til \u00e5 f\u00e5 overf\u00f8rt disse personopplysningene fra en behandlingsansvarlig til en annen uten hindring. Du kan lese mer om rettighetene dine i Datatilsynets veiledning om de registrertes rettigheter, som du finner p\u00e5 <a href=\"https:\/\/www.datatilsynet.dk\/\">www.datatilsynet.dk.<\/a> <\/p><p><strong>Klage til Datatilsynet <\/strong><br>Du har rett til \u00e5 klage til Datatilsynet hvis du er misforn\u00f8yd med m\u00e5ten vi behandler personopplysningene dine p\u00e5. Du finner Datatilsynets kontaktinformasjon p\u00e5 <a href=\"https:\/\/www.datatilsynet.dk\/\">www.datatilsynet.dk.<\/a> <\/p><p><strong>Behandlingsansvarlig &#8211; slik kontakter du oss<\/strong><br>www.five2oneestate.dk eies av Five2one ApS, cvr. nr. 42284548, og du kan kontakte den ansvarlige for overholdelse av personopplysningsreglene, Jakob Skram-Jensen p\u00e5 <a href=\"mailto:jakob@five2oneestate.dk\">jakob@five2oneestate.dk<\/a> <\/p><p>.<\/p>\t\t\t\t\t\t\t\t<\/div>\n\t\t\t\t<\/div>\n\t\t\t\t\t<\/div>\n\t\t<\/div>\n\t\t\t\t\t<\/div>\n\t\t<\/section>\n\t\t\t\t<\/div>\n\t\t","protected":false},"excerpt":{"rendered":"<p>Retningslinjer for informasjonskapsler Form\u00e5let med og det rettslige grunnlaget for v\u00e5r behandling av dine personopplysningerFive2one Estate behandler personopplysninger fra v\u00e5r nettside, fra sosiale medier og fra s\u00f8kemotorer for \u00e5 markedsf\u00f8re v\u00e5re tjenester til eksisterende og nye kunder. Vi baserer v\u00e5re markedsf\u00f8ringstiltak p\u00e5 samtykke. Vi s\u00f8rger for at bes\u00f8kende p\u00e5 nettstedet v\u00e5rt ikke spores f\u00f8r de [&hellip;]<\/p>\n","protected":false},"author":1,"featured_media":0,"parent":0,"menu_order":0,"comment_status":"closed","ping_status":"closed","template":"template\/template-homepage.php","meta":{"content-type":"","footnotes":""},"class_list":["post-22238","page","type-page","status-publish","hentry"],"yoast_head":"<!-- This site is optimized with the Yoast SEO Premium plugin v22.3 (Yoast SEO v27.4) - https:\/\/yoast.com\/product\/yoast-seo-premium-wordpress\/ -->\n<title>Retningslinjer for informasjonskapsler - Five2one Estate<\/title>\n<meta name=\"description\" content=\"Five2one Estate behandler dine personopplysninger konfidensielt og profesjonelt. Vi baserer v\u00e5r markedsf\u00f8ring p\u00e5 samtykke.\" \/>\n<meta name=\"robots\" content=\"index, follow, max-snippet:-1, max-image-preview:large, max-video-preview:-1\" \/>\n<link rel=\"canonical\" href=\"https:\/\/five2oneestate.com\/no\/retningslinjer-for-informasjonskapsler\/\" \/>\n<meta property=\"og:locale\" content=\"nb_NO\" \/>\n<meta property=\"og:type\" content=\"article\" \/>\n<meta property=\"og:title\" content=\"Retningslinjer for informasjonskapsler\" \/>\n<meta property=\"og:description\" content=\"Five2one Estate behandler dine personopplysninger konfidensielt og profesjonelt. Vi baserer v\u00e5r markedsf\u00f8ring p\u00e5 samtykke.\" \/>\n<meta property=\"og:url\" content=\"https:\/\/five2oneestate.com\/no\/retningslinjer-for-informasjonskapsler\/\" \/>\n<meta property=\"og:site_name\" content=\"Five2one Estate\" \/>\n<meta property=\"article:publisher\" content=\"https:\/\/www.facebook.com\/five2oneestate\" \/>\n<meta property=\"article:modified_time\" content=\"2025-11-24T10:09:28+00:00\" \/>\n<meta name=\"twitter:card\" content=\"summary_large_image\" \/>\n<meta name=\"twitter:label1\" content=\"Est. reading time\" \/>\n\t<meta name=\"twitter:data1\" content=\"7 minutter\" \/>\n<script type=\"application\/ld+json\" class=\"yoast-schema-graph\">{\"@context\":\"https:\\\/\\\/schema.org\",\"@graph\":[{\"@type\":\"WebPage\",\"@id\":\"https:\\\/\\\/five2oneestate.com\\\/no\\\/retningslinjer-for-informasjonskapsler\\\/\",\"url\":\"https:\\\/\\\/five2oneestate.com\\\/no\\\/retningslinjer-for-informasjonskapsler\\\/\",\"name\":\"Retningslinjer for informasjonskapsler - Five2one Estate\",\"isPartOf\":{\"@id\":\"https:\\\/\\\/five2oneestate.com\\\/no\\\/#website\"},\"datePublished\":\"2022-10-01T22:45:06+00:00\",\"dateModified\":\"2025-11-24T10:09:28+00:00\",\"description\":\"Five2one Estate behandler dine personopplysninger konfidensielt og profesjonelt. Vi baserer v\u00e5r markedsf\u00f8ring p\u00e5 samtykke.\",\"breadcrumb\":{\"@id\":\"https:\\\/\\\/five2oneestate.com\\\/no\\\/retningslinjer-for-informasjonskapsler\\\/#breadcrumb\"},\"inLanguage\":\"nb-NO\",\"potentialAction\":[{\"@type\":\"ReadAction\",\"target\":[\"https:\\\/\\\/five2oneestate.com\\\/no\\\/retningslinjer-for-informasjonskapsler\\\/\"]}]},{\"@type\":\"BreadcrumbList\",\"@id\":\"https:\\\/\\\/five2oneestate.com\\\/no\\\/retningslinjer-for-informasjonskapsler\\\/#breadcrumb\",\"itemListElement\":[{\"@type\":\"ListItem\",\"position\":1,\"name\":\"Hjem\",\"item\":\"https:\\\/\\\/five2oneestate.com\\\/no\\\/kjoep-luksus-feriehus\\\/\"},{\"@type\":\"ListItem\",\"position\":2,\"name\":\"Retningslinjer for informasjonskapsler\"}]},{\"@type\":\"WebSite\",\"@id\":\"https:\\\/\\\/five2oneestate.com\\\/no\\\/#website\",\"url\":\"https:\\\/\\\/five2oneestate.com\\\/no\\\/\",\"name\":\"Five2one Estate\",\"description\":\"Vi g\u00f8r dr\u00f8mme til virkelighed\",\"publisher\":{\"@id\":\"https:\\\/\\\/five2oneestate.com\\\/no\\\/#organization\"},\"potentialAction\":[{\"@type\":\"SearchAction\",\"target\":{\"@type\":\"EntryPoint\",\"urlTemplate\":\"https:\\\/\\\/five2oneestate.com\\\/no\\\/?s={search_term_string}\"},\"query-input\":{\"@type\":\"PropertyValueSpecification\",\"valueRequired\":true,\"valueName\":\"search_term_string\"}}],\"inLanguage\":\"nb-NO\"},{\"@type\":\"Organization\",\"@id\":\"https:\\\/\\\/five2oneestate.com\\\/no\\\/#organization\",\"name\":\"Five2one Estate\",\"url\":\"https:\\\/\\\/five2oneestate.com\\\/no\\\/\",\"logo\":{\"@type\":\"ImageObject\",\"inLanguage\":\"nb-NO\",\"@id\":\"https:\\\/\\\/five2oneestate.com\\\/no\\\/#\\\/schema\\\/logo\\\/image\\\/\",\"url\":\"https:\\\/\\\/five2oneestate.com\\\/wp-content\\\/uploads\\\/2022\\\/10\\\/Skaermbillede-2022-10-27-kl.-11.10.45-1024x572.png\",\"contentUrl\":\"https:\\\/\\\/five2oneestate.com\\\/wp-content\\\/uploads\\\/2022\\\/10\\\/Skaermbillede-2022-10-27-kl.-11.10.45-1024x572.png\",\"width\":1024,\"height\":572,\"caption\":\"Five2one Estate\"},\"image\":{\"@id\":\"https:\\\/\\\/five2oneestate.com\\\/no\\\/#\\\/schema\\\/logo\\\/image\\\/\"},\"sameAs\":[\"https:\\\/\\\/www.facebook.com\\\/five2oneestate\",\"https:\\\/\\\/www.linkedin.com\\\/company\\\/five2one-estate\",\"https:\\\/\\\/www.instagram.com\\\/five2one.estate\\\/\"]}]}<\/script>\n<!-- \/ Yoast SEO Premium plugin. -->","yoast_head_json":{"title":"Retningslinjer for informasjonskapsler - Five2one Estate","description":"Five2one Estate behandler dine personopplysninger konfidensielt og profesjonelt. Vi baserer v\u00e5r markedsf\u00f8ring p\u00e5 samtykke.","robots":{"index":"index","follow":"follow","max-snippet":"max-snippet:-1","max-image-preview":"max-image-preview:large","max-video-preview":"max-video-preview:-1"},"canonical":"https:\/\/five2oneestate.com\/no\/retningslinjer-for-informasjonskapsler\/","og_locale":"nb_NO","og_type":"article","og_title":"Retningslinjer for informasjonskapsler","og_description":"Five2one Estate behandler dine personopplysninger konfidensielt og profesjonelt. Vi baserer v\u00e5r markedsf\u00f8ring p\u00e5 samtykke.","og_url":"https:\/\/five2oneestate.com\/no\/retningslinjer-for-informasjonskapsler\/","og_site_name":"Five2one Estate","article_publisher":"https:\/\/www.facebook.com\/five2oneestate","article_modified_time":"2025-11-24T10:09:28+00:00","twitter_card":"summary_large_image","twitter_misc":{"Est. reading time":"7 minutter"},"schema":{"@context":"https:\/\/schema.org","@graph":[{"@type":"WebPage","@id":"https:\/\/five2oneestate.com\/no\/retningslinjer-for-informasjonskapsler\/","url":"https:\/\/five2oneestate.com\/no\/retningslinjer-for-informasjonskapsler\/","name":"Retningslinjer for informasjonskapsler - Five2one Estate","isPartOf":{"@id":"https:\/\/five2oneestate.com\/no\/#website"},"datePublished":"2022-10-01T22:45:06+00:00","dateModified":"2025-11-24T10:09:28+00:00","description":"Five2one Estate behandler dine personopplysninger konfidensielt og profesjonelt. Vi baserer v\u00e5r markedsf\u00f8ring p\u00e5 samtykke.","breadcrumb":{"@id":"https:\/\/five2oneestate.com\/no\/retningslinjer-for-informasjonskapsler\/#breadcrumb"},"inLanguage":"nb-NO","potentialAction":[{"@type":"ReadAction","target":["https:\/\/five2oneestate.com\/no\/retningslinjer-for-informasjonskapsler\/"]}]},{"@type":"BreadcrumbList","@id":"https:\/\/five2oneestate.com\/no\/retningslinjer-for-informasjonskapsler\/#breadcrumb","itemListElement":[{"@type":"ListItem","position":1,"name":"Hjem","item":"https:\/\/five2oneestate.com\/no\/kjoep-luksus-feriehus\/"},{"@type":"ListItem","position":2,"name":"Retningslinjer for informasjonskapsler"}]},{"@type":"WebSite","@id":"https:\/\/five2oneestate.com\/no\/#website","url":"https:\/\/five2oneestate.com\/no\/","name":"Five2one Estate","description":"Vi g\u00f8r dr\u00f8mme til virkelighed","publisher":{"@id":"https:\/\/five2oneestate.com\/no\/#organization"},"potentialAction":[{"@type":"SearchAction","target":{"@type":"EntryPoint","urlTemplate":"https:\/\/five2oneestate.com\/no\/?s={search_term_string}"},"query-input":{"@type":"PropertyValueSpecification","valueRequired":true,"valueName":"search_term_string"}}],"inLanguage":"nb-NO"},{"@type":"Organization","@id":"https:\/\/five2oneestate.com\/no\/#organization","name":"Five2one Estate","url":"https:\/\/five2oneestate.com\/no\/","logo":{"@type":"ImageObject","inLanguage":"nb-NO","@id":"https:\/\/five2oneestate.com\/no\/#\/schema\/logo\/image\/","url":"https:\/\/five2oneestate.com\/wp-content\/uploads\/2022\/10\/Skaermbillede-2022-10-27-kl.-11.10.45-1024x572.png","contentUrl":"https:\/\/five2oneestate.com\/wp-content\/uploads\/2022\/10\/Skaermbillede-2022-10-27-kl.-11.10.45-1024x572.png","width":1024,"height":572,"caption":"Five2one Estate"},"image":{"@id":"https:\/\/five2oneestate.com\/no\/#\/schema\/logo\/image\/"},"sameAs":["https:\/\/www.facebook.com\/five2oneestate","https:\/\/www.linkedin.com\/company\/five2one-estate","https:\/\/www.instagram.com\/five2one.estate\/"]}]}},"_links":{"self":[{"href":"https:\/\/five2oneestate.com\/no\/wp-json\/wp\/v2\/pages\/22238","targetHints":{"allow":["GET"]}}],"collection":[{"href":"https:\/\/five2oneestate.com\/no\/wp-json\/wp\/v2\/pages"}],"about":[{"href":"https:\/\/five2oneestate.com\/no\/wp-json\/wp\/v2\/types\/page"}],"author":[{"embeddable":true,"href":"https:\/\/five2oneestate.com\/no\/wp-json\/wp\/v2\/users\/1"}],"replies":[{"embeddable":true,"href":"https:\/\/five2oneestate.com\/no\/wp-json\/wp\/v2\/comments?post=22238"}],"version-history":[{"count":0,"href":"https:\/\/five2oneestate.com\/no\/wp-json\/wp\/v2\/pages\/22238\/revisions"}],"wp:attachment":[{"href":"https:\/\/five2oneestate.com\/no\/wp-json\/wp\/v2\/media?parent=22238"}],"curies":[{"name":"wp","href":"https:\/\/api.w.org\/{rel}","templated":true}]}}