{"id":22231,"date":"2022-10-02T00:39:35","date_gmt":"2022-10-01T22:39:35","guid":{"rendered":"https:\/\/five2oneestate.com\/retningslinjer-for-personvern\/"},"modified":"2025-11-24T11:09:27","modified_gmt":"2025-11-24T10:09:27","slug":"retningslinjer-for-personvern","status":"publish","type":"page","link":"https:\/\/five2oneestate.com\/no\/retningslinjer-for-personvern\/","title":{"rendered":"Retningslinjer for personvern"},"content":{"rendered":"\t\t<div data-elementor-type=\"wp-page\" data-elementor-id=\"22231\" class=\"elementor elementor-22231 elementor-17614\" data-elementor-post-type=\"page\">\n\t\t\t\t\t\t<section class=\"elementor-section elementor-top-section elementor-element elementor-element-45115ca0 elementor-section-height-min-height animated-slow elementor-section-boxed elementor-section-height-default elementor-section-items-middle elementor-invisible\" data-id=\"45115ca0\" data-element_type=\"section\" data-e-type=\"section\" data-settings=\"{&quot;background_background&quot;:&quot;classic&quot;,&quot;animation&quot;:&quot;fadeIn&quot;}\">\n\t\t\t\t\t\t\t<div class=\"elementor-background-overlay\"><\/div>\n\t\t\t\t\t\t\t<div class=\"elementor-container elementor-column-gap-default\">\n\t\t\t\t\t<div class=\"elementor-column elementor-col-100 elementor-top-column elementor-element elementor-element-1526ac2f\" data-id=\"1526ac2f\" data-element_type=\"column\" data-e-type=\"column\">\n\t\t\t<div class=\"elementor-widget-wrap elementor-element-populated\">\n\t\t\t\t\t\t<div class=\"elementor-element elementor-element-537676f elementor-widget elementor-widget-heading\" data-id=\"537676f\" data-element_type=\"widget\" data-e-type=\"widget\" data-widget_type=\"heading.default\">\n\t\t\t\t<div class=\"elementor-widget-container\">\n\t\t\t\t\t<h1 class=\"elementor-heading-title elementor-size-default\">Retningslinjer for personvern\n\n <\/h1>\t\t\t\t<\/div>\n\t\t\t\t<\/div>\n\t\t\t\t\t<\/div>\n\t\t<\/div>\n\t\t\t\t\t<\/div>\n\t\t<\/section>\n\t\t\t\t<section class=\"elementor-section elementor-top-section elementor-element elementor-element-038bd12 elementor-section-boxed elementor-section-height-default elementor-section-height-default\" data-id=\"038bd12\" data-element_type=\"section\" data-e-type=\"section\">\n\t\t\t\t\t\t<div class=\"elementor-container elementor-column-gap-default\">\n\t\t\t\t\t<div class=\"elementor-column elementor-col-100 elementor-top-column elementor-element elementor-element-d4da25c\" data-id=\"d4da25c\" data-element_type=\"column\" data-e-type=\"column\">\n\t\t\t<div class=\"elementor-widget-wrap elementor-element-populated\">\n\t\t\t\t\t\t<div class=\"elementor-element elementor-element-065b291 elementor-widget elementor-widget-text-editor\" data-id=\"065b291\" data-element_type=\"widget\" data-e-type=\"widget\" data-widget_type=\"text-editor.default\">\n\t\t\t\t<div class=\"elementor-widget-container\">\n\t\t\t\t\t\t\t\t\t<p><strong>Form\u00e5let med og det rettslige grunnlaget for v\u00e5r behandling av dine personopplysninger<\/strong><br>Five2one Estate behandler kunde- og personopplysninger for \u00e5 yte v\u00e5r bistand i forbindelse med kj\u00f8p, salg og forvaltning av fast eiendom og under v\u00e5rt Five2one delingskonsept.<\/p>\n<p>Grunnlaget for v\u00e5r behandling av kunde- og personopplysninger er dermed f\u00f8rst og fremst avtalen med kunden og behovet for \u00e5 bist\u00e5 kunden i forbindelse med kj\u00f8p, salg og finansiering av fast eiendom. <\/p>\n<p>Den er ogs\u00e5 basert p\u00e5 samtykke som gis ved \u00e5 be om v\u00e5re nyhetsbrev, materiale om Five2one-konseptet, bli inkludert i v\u00e5r kj\u00f8per- og selgerkatalog og motta materiale om eiendommer i Spania.<\/p>\n<p>I tillegg er vi omfattet av hvitvaskingsloven, noe som forplikter oss til \u00e5 gjennomf\u00f8re en kundekjennskapsprosedyre i forbindelse med utf\u00f8relsen av oppdraget.<\/p>\n<p>Grunnlaget for v\u00e5r behandling av de generelle og spesielle kategoriene av personopplysninger som inng\u00e5r i kunde- og oppdragsopplysningene, finner du i personvernforordningen og hvitvaskingsloven.<\/p>\n<p>Grunnlaget for v\u00e5r behandling av s\u00e6rlige kategorier av personopplysninger finnes i personvernforordningen artikkel 9 nr. 2 bokstav f (fastsettelse av rettskrav) og bokstav g (vesentlig samfunnsinteresse, herunder etterlevelse av hvitvaskingsloven).<\/p>\n<p>Vi behandler opplysninger om straffbare forhold med hjemmel i personopplysningsloven \u00a7 8 nr. 3 (ivaretakelse av en berettiget interesse, herunder for eksempel etterlevelse av hvitvaskingsloven).<\/p>\n<p>Vi bruker ogs\u00e5 behandlingsgrunnlaget &#8220;berettiget interesse&#8221; i personvernforordningen artikkel 6 nr. 1 bokstav f i tilfeller der det oppst\u00e5r en tvist om v\u00e5rt arbeid, herunder hvis det fremsettes en klage eller innledes en rettssak. Vi gj\u00f8r dette fordi vi mener at v\u00e5r interesse i \u00e5 kunne svare p\u00e5 krav i denne sammenhengen veier tyngre enn den registrertes interesse i \u00e5 beskytte personvernet sitt. Samtidig er det v\u00e5r vurdering at den registrerte ved en eventuell klage\/rettssak med rimelighet kan forvente at vi lagrer og bruker opplysninger om den registrerte.  <\/p>\n<p><strong>Kategorier av personopplysninger<br><\/strong>Vi behandler alle typer personopplysninger, herunder alminnelige, fortrolige og s\u00e6rlige kategorier\/sensitive personopplysninger. Vi samler imidlertid ikke inn og behandler ikke opplysninger om straffbare forhold. <\/p>\n<p><strong>Mottakere og kategorier av mottakere<br><\/strong>Vi utleverer eller overf\u00f8rer personopplysningene dine til f\u00f8lgende mottakere n\u00e5r det er n\u00f8dvendig:<\/p>\n<ul>\n<li>De relevante partene i arbeidet med \u00e5 utf\u00f8re v\u00e5re oppgaver knyttet til kj\u00f8p, salg og finansiering av fast eiendom <\/li>\n<li>Myndigheter, hvis vi er forpliktet til \u00e5 gj\u00f8re det<\/li>\n<li>V\u00e5r regnskapsf\u00f8rer og bokholder<\/li>\n<li>V\u00e5re databehandlere: Leverand\u00f8rene av v\u00e5rt postsystem, v\u00e5rt digitale signatur-system og v\u00e5rt sak- og arkivsystem og deres eventuelle underdatabehandlere<\/li>\n<\/ul>\n<p>Endelig utveksler vi saks- og kundeopplysninger internt, og vi utveksler personopplysninger om kunder til kj\u00f8pere, selgere, boligtilbydere, promot\u00f8rer, meglere, agenter, banker eller andre partsrepresentanter for det form\u00e5l \u00e5 registrere en kunde som kunde hos Five2one Estate og som ledd i v\u00e5r oppfyllelse av det oppdraget vi har p\u00e5tatt oss for kunden, noe som i seg selv inneb\u00e6rer utveksling av personopplysninger og taushetsbelagt informasjon.<\/p>\n<p><strong>Overf\u00f8ring til mottakere i tredjeland, inkludert internasjonale organisasjoner<br><\/strong>Vi utleverer eller overf\u00f8rer ikke personopplysninger til mottakere utenfor EU\/E\u00d8S med mindre annet er avtalt med kunden p\u00e5 forh\u00e5nd.<\/p>\n<p><strong>Hvor personopplysningene kommer fra<br><\/strong>F\u00f8rst og fremst f\u00e5r vi personopplysninger fra v\u00e5re kunder n\u00e5r de kontakter oss p\u00e5 v\u00e5re annonser og sosiale medier og samtykker til at vi samler inn disse personopplysningene. Deretter mottar vi opplysninger n\u00e5r kunder inng\u00e5r avtale med oss om at vi skal bist\u00e5 dem i forbindelse med kj\u00f8p\/salg\/finansiering av fast eiendom eller n\u00e5r de \u00f8nsker \u00e5 kj\u00f8pe en andel av en eiendom under Five2one-konseptet.  <\/p>\n<p>I tillegg kan vi innhente informasjon fra offentlig tilgjengelige kilder, parter i saken, andre r\u00e5dgivere eller myndigheter etter behov.<\/p>\n<p><strong>Lagring av dine personopplysninger<br><\/strong>Vi forplikter oss til \u00e5 lagre personopplysninger, inkludert elektroniske data, i en passende periode etter at saken er avsluttet, som vanligvis ikke er mindre enn 5 \u00e5r. Vi oppbevarer derfor ogs\u00e5 alle personopplysninger i en tilsvarende periode. <\/p>\n<p><strong>Dine rettigheter<br><\/strong>Hvis du \u00f8nsker \u00e5 ut\u00f8ve dine rettigheter, kan du kontakte oss.<\/p>\n<p>Rett til \u00e5 <strong>se informasjon (innsynsrett)<br><\/strong>Du har rett til \u00e5 f\u00e5 innsyn i informasjonen vi behandler om deg.<\/p>\n<p>Rett til retting (korrigering<strong>)<br><\/strong>Du har rett til \u00e5 f\u00e5 uriktige opplysninger om deg selv korrigert.<\/p>\n<p><strong>Rett til<\/strong>sletting <strong><br> I s\u00e6rlige tilfeller har du rett til \u00e5 f\u00e5 opplysninger om deg slettet f\u00f8r tidspunktet for v\u00e5r generelle sletting inntreffer.<\/strong><\/p>\n<p><strong>Rett til begrensning<\/strong>av behandling <strong><br> I visse tilfeller har du rett til \u00e5 f\u00e5 behandlingen av personopplysningene dine begrenset. Hvis du har rett til \u00e5 f\u00e5 behandlingen begrenset, kan vi i fremtiden bare behandle opplysningene &#8211; bortsett fra lagring &#8211; med ditt samtykke, eller for \u00e5 fastsette, gj\u00f8re gjeldende eller forsvare rettskrav, eller for \u00e5 beskytte en person eller viktige samfunnsinteresser.<\/strong> <\/p>\n<p><strong>Rett til \u00e5 protestere<br><\/strong>I visse tilfeller har du rett til \u00e5 protestere mot v\u00e5r ellers lovlige behandling av personopplysningene dine.<\/p>\n<p><strong>Rett til \u00e5 overf\u00f8re opplysninger (dataportabilitet)<br><\/strong>Du har i visse tilfeller rett til \u00e5 motta personopplysningene dine i et strukturert, alminnelig anvendt og maskinlesbart format og til \u00e5 f\u00e5 overf\u00f8rt disse personopplysningene fra en behandlingsansvarlig til en annen uten hindring. Du kan lese mer om rettighetene dine i Datatilsynets veiledning om de registrertes rettigheter, som du finner p\u00e5 &nbsp;<a href=\"https:\/\/www.datatilsynet.dk\/\">www.datatilsynet.dk.<\/a><\/p>\n<p><strong>Klage til Datatilsynet<br><\/strong>Du har rett til \u00e5 klage til Datatilsynet hvis du er misforn\u00f8yd med m\u00e5ten vi behandler personopplysningene dine p\u00e5. Du finner Datatilsynets kontaktinformasjon p\u00e5 &nbsp;<a href=\"https:\/\/www.datatilsynet.dk\/\">www.datatilsynet.dk<\/a><u>.<\/u><\/p>\n<p><strong>Behandlingsansvarlig &#8211; slik kontakter du oss<br><\/strong>www.five2oneestate.com eies av Five2one ApS, cvr. nr. 42284548, og du kan kontakte den ansvarlige for overholdelse av personopplysningsreglene, Jakob Skram-Jensen p\u00e5<a href=\"mailto:jakob@five2oneestate.dk\"> info@five2oneestate.com<\/a> <\/p>\n<div class=\"x-text e22361-9 mh95-6\">\n<p><strong>Kontaktskjemaet v\u00e5rt p\u00e5 nettstedet:<\/strong><\/p>\n<p><u>Form\u00e5l<\/u><\/p>\n<p>N\u00e5r du bruker et kontaktskjema p\u00e5 nettstedet v\u00e5rt, behandler vi personopplysningene du oppgir for \u00e5 kunne svare p\u00e5 henvendelsen.<\/p>\n<p><u>Det juridiske grunnlaget for v\u00e5r behandling av personopplysninger<\/u><\/p>\n<p>Behandlingen av personopplysninger skjer p\u00e5 grunnlag av en berettiget interesse (interesseavveiningsregelen i personvernforordningen), og det tas hensyn til at den bes\u00f8kende har oppgitt informasjonen for \u00e5 bli kontaktet.<\/p>\n<p><u>Kategorier av personopplysninger og kilden til disse<\/u><\/p>\n<p>Generell kontaktinformasjon samles inn i form av navn, e-post og telefonnummer. I tillegg ber vi om en melding som kan utdype hva henvendelsen gjelder. Det er kun personopplysninger som oppgis av den bes\u00f8kende som samles inn.  <\/p>\n<p><u>Mottakere av personopplysninger<\/u><\/p>\n<p>Personopplysningene som oppgis, vil ikke bli utlevert eller overf\u00f8rt utenfor selskapet.<\/p>\n<p><u>Lagring av personopplysninger<\/u><\/p>\n<p>Dersom henvendelsen f\u00f8rer til et samarbeid, kundeforhold eller p\u00e5 annen m\u00e5te skaper en n\u00e6rmere relasjon, vil personopplysningene bli lagret s\u00e5 lenge de er relevante for det form\u00e5let de ble samlet inn for. Hvis ikke, slettes personopplysningene n\u00e5r henvendelsen er ferdigbehandlet. <\/p>\n<p><strong>Ved \u00e5 registrere deg for nyhetsbrevet:<\/strong><\/p>\n<p><u>Form\u00e5l<\/u><\/p>\n<p>N\u00e5r du melder deg p\u00e5 nyhetsbrevet p\u00e5 nettstedet v\u00e5rt, behandler vi personopplysningene du oppgir for \u00e5 kunne sende deg e-post med nyheter, SMS, tilbud, nye produkter og tjenester, invitasjoner til arrangementer og andre markedsf\u00f8ringstiltak.<\/p>\n<p><u>Det juridiske grunnlaget for v\u00e5r behandling av personopplysninger<\/u><\/p>\n<p>Behandlingen av personopplysninger er basert p\u00e5 samtykke. V\u00e6r oppmerksom p\u00e5 at du n\u00e5r som helst kan trekke tilbake samtykket ditt. <\/p>\n<p><u>Kategorier av personopplysninger og kilden til disse<\/u><\/p>\n<p>Kontaktinformasjon samles inn i form av navn og e-post. Det er kun personopplysninger som oppgis av den bes\u00f8kende som samles inn. <\/p>\n<p>Mottakere av personopplysninger<br>Personopplysningene som oppgis vil ikke bli utlevert utenfor selskapet. Personopplysningene overf\u00f8res (ikke videreformidles) til MailChimp i USA, der de brukes til \u00e5 sende ut nyhetsbrev. MailChimp kan ikke bruke personopplysningene til egne form\u00e5l og handler derfor kun etter instruks fra oss. Det er inng\u00e5tt en databehandleravtale med MailChimp, og dataoverf\u00f8ringen er basert p\u00e5 Standard Contractual Clauses (SCC).   <\/p>\n<p><u>Lagring av personopplysninger<\/u><\/p>\n<p>Personopplysningene lagres s\u00e5 lenge du abonnerer p\u00e5 nyhetsbrevet, eller til du trekker tilbake samtykket ditt.<\/p>\n<p><strong>N\u00e5r du registrerer deg for et arrangement:<\/strong><\/p>\n<p><u>Form\u00e5l<\/u><\/p>\n<p>Ved p\u00e5melding til et fysisk arrangement (kontaktskjema) behandler vi personopplysningene som oppgis for \u00e5 registrere p\u00e5meldte og for \u00e5 sende e-post med servicemeldinger om arrangementet\/webinaret frem til og umiddelbart etter arrangementet.<\/p>\n<p><u>Det juridiske grunnlaget for v\u00e5r behandling av personopplysninger<\/u><\/p>\n<p>Behandlingen av personopplysninger skjer med grunnlag i en berettiget interesse (interesseavveiningsregelen i personvernforordningen), og det tas hensyn til at den bes\u00f8kende har oppgitt informasjonen for \u00e5 bli kontaktet.<\/p>\n<p><u>Kategorier av personopplysninger og kilden til disse<\/u><\/p>\n<p>Kontaktinformasjon samles oftest inn i form av navn, e-post, telefonnummer og organisasjonsnummer, men vi kan ogs\u00e5 be om tittel, firma osv. Det er kun personopplysninger som oppgis av den bes\u00f8kende som samles inn. <\/p>\n<p><u>Mottakere av personopplysninger<\/u><\/p>\n<p>Personopplysningene som oppgis, vil ikke bli utlevert utenfor selskapet.<\/p>\n<p><u>Lagring av personopplysninger<\/u><\/p>\n<p>Dersom deltakelse p\u00e5 et arrangement f\u00f8rer til et samarbeid, kundeforhold eller p\u00e5 annen m\u00e5te skaper en n\u00e6rmere relasjon, vil personopplysningene bli lagret s\u00e5 lenge de er relevante for det form\u00e5let de ble samlet inn for. Hvis ikke, slettes personopplysningene n\u00e5r arrangementet er avsluttet og henvendelsen er ferdigbehandlet. <\/p>\n<\/div>\t\t\t\t\t\t\t\t<\/div>\n\t\t\t\t<\/div>\n\t\t\t\t\t<\/div>\n\t\t<\/div>\n\t\t\t\t\t<\/div>\n\t\t<\/section>\n\t\t\t\t<\/div>\n\t\t","protected":false},"excerpt":{"rendered":"<p>Retningslinjer for personvern Form\u00e5let med og det rettslige grunnlaget for v\u00e5r behandling av dine personopplysningerFive2one Estate behandler kunde- og personopplysninger for \u00e5 yte v\u00e5r bistand i forbindelse med kj\u00f8p, salg og forvaltning av fast eiendom og under v\u00e5rt Five2one delingskonsept. Grunnlaget for v\u00e5r behandling av kunde- og personopplysninger er dermed f\u00f8rst og fremst avtalen med [&hellip;]<\/p>\n","protected":false},"author":1,"featured_media":0,"parent":0,"menu_order":0,"comment_status":"closed","ping_status":"closed","template":"template\/template-homepage.php","meta":{"content-type":"","footnotes":""},"class_list":["post-22231","page","type-page","status-publish","hentry"],"yoast_head":"<!-- This site is optimized with the Yoast SEO Premium plugin v22.3 (Yoast SEO v27.2) - https:\/\/yoast.com\/product\/yoast-seo-premium-wordpress\/ -->\n<title>Retningslinjer for personvern - Five2one Estate<\/title>\n<meta name=\"description\" content=\"Five2one Estate behandler kunde- og personopplysninger for \u00e5 kunne yte v\u00e5r bistand i forbindelse med kj\u00f8p, salg og forvaltning av fast eiendom.\" \/>\n<meta name=\"robots\" content=\"index, follow, max-snippet:-1, max-image-preview:large, max-video-preview:-1\" \/>\n<link rel=\"canonical\" href=\"https:\/\/five2oneestate.com\/no\/retningslinjer-for-personvern\/\" \/>\n<meta property=\"og:locale\" content=\"nb_NO\" \/>\n<meta property=\"og:type\" content=\"article\" \/>\n<meta property=\"og:title\" content=\"Retningslinjer for personvern\" \/>\n<meta property=\"og:description\" content=\"Five2one Estate behandler kunde- og personopplysninger for \u00e5 kunne yte v\u00e5r bistand i forbindelse med kj\u00f8p, salg og forvaltning av fast eiendom.\" \/>\n<meta property=\"og:url\" content=\"https:\/\/five2oneestate.com\/no\/retningslinjer-for-personvern\/\" \/>\n<meta property=\"og:site_name\" content=\"Five2one Estate\" \/>\n<meta property=\"article:publisher\" content=\"https:\/\/www.facebook.com\/five2oneestate\" \/>\n<meta property=\"article:modified_time\" content=\"2025-11-24T10:09:27+00:00\" \/>\n<meta name=\"twitter:card\" content=\"summary_large_image\" \/>\n<meta name=\"twitter:label1\" content=\"Est. reading time\" \/>\n\t<meta name=\"twitter:data1\" content=\"7 minutter\" \/>\n<script type=\"application\/ld+json\" class=\"yoast-schema-graph\">{\"@context\":\"https:\/\/schema.org\",\"@graph\":[{\"@type\":\"WebPage\",\"@id\":\"https:\/\/five2oneestate.com\/no\/retningslinjer-for-personvern\/\",\"url\":\"https:\/\/five2oneestate.com\/no\/retningslinjer-for-personvern\/\",\"name\":\"Retningslinjer for personvern - Five2one Estate\",\"isPartOf\":{\"@id\":\"https:\/\/five2oneestate.com\/no\/#website\"},\"datePublished\":\"2022-10-01T22:39:35+00:00\",\"dateModified\":\"2025-11-24T10:09:27+00:00\",\"description\":\"Five2one Estate behandler kunde- og personopplysninger for \u00e5 kunne yte v\u00e5r bistand i forbindelse med kj\u00f8p, salg og forvaltning av fast eiendom.\",\"breadcrumb\":{\"@id\":\"https:\/\/five2oneestate.com\/no\/retningslinjer-for-personvern\/#breadcrumb\"},\"inLanguage\":\"nb-NO\",\"potentialAction\":[{\"@type\":\"ReadAction\",\"target\":[\"https:\/\/five2oneestate.com\/no\/retningslinjer-for-personvern\/\"]}]},{\"@type\":\"BreadcrumbList\",\"@id\":\"https:\/\/five2oneestate.com\/no\/retningslinjer-for-personvern\/#breadcrumb\",\"itemListElement\":[{\"@type\":\"ListItem\",\"position\":1,\"name\":\"Hjem\",\"item\":\"https:\/\/five2oneestate.com\/no\/kjoep-luksus-feriehus\/\"},{\"@type\":\"ListItem\",\"position\":2,\"name\":\"Retningslinjer for personvern\"}]},{\"@type\":\"WebSite\",\"@id\":\"https:\/\/five2oneestate.com\/no\/#website\",\"url\":\"https:\/\/five2oneestate.com\/no\/\",\"name\":\"Five2one Estate\",\"description\":\"Vi g\u00f8r dr\u00f8mme til virkelighed\",\"publisher\":{\"@id\":\"https:\/\/five2oneestate.com\/no\/#organization\"},\"potentialAction\":[{\"@type\":\"SearchAction\",\"target\":{\"@type\":\"EntryPoint\",\"urlTemplate\":\"https:\/\/five2oneestate.com\/no\/?s={search_term_string}\"},\"query-input\":{\"@type\":\"PropertyValueSpecification\",\"valueRequired\":true,\"valueName\":\"search_term_string\"}}],\"inLanguage\":\"nb-NO\"},{\"@type\":\"Organization\",\"@id\":\"https:\/\/five2oneestate.com\/no\/#organization\",\"name\":\"Five2one Estate\",\"url\":\"https:\/\/five2oneestate.com\/no\/\",\"logo\":{\"@type\":\"ImageObject\",\"inLanguage\":\"nb-NO\",\"@id\":\"https:\/\/five2oneestate.com\/no\/#\/schema\/logo\/image\/\",\"url\":\"https:\/\/five2oneestate.com\/wp-content\/uploads\/2022\/10\/Skaermbillede-2022-10-27-kl.-11.10.45-1024x572.png\",\"contentUrl\":\"https:\/\/five2oneestate.com\/wp-content\/uploads\/2022\/10\/Skaermbillede-2022-10-27-kl.-11.10.45-1024x572.png\",\"width\":1024,\"height\":572,\"caption\":\"Five2one Estate\"},\"image\":{\"@id\":\"https:\/\/five2oneestate.com\/no\/#\/schema\/logo\/image\/\"},\"sameAs\":[\"https:\/\/www.facebook.com\/five2oneestate\",\"https:\/\/www.linkedin.com\/company\/five2one-estate\",\"https:\/\/www.instagram.com\/five2one.estate\/\"]}]}<\/script>\n<!-- \/ Yoast SEO Premium plugin. -->","yoast_head_json":{"title":"Retningslinjer for personvern - Five2one Estate","description":"Five2one Estate behandler kunde- og personopplysninger for \u00e5 kunne yte v\u00e5r bistand i forbindelse med kj\u00f8p, salg og forvaltning av fast eiendom.","robots":{"index":"index","follow":"follow","max-snippet":"max-snippet:-1","max-image-preview":"max-image-preview:large","max-video-preview":"max-video-preview:-1"},"canonical":"https:\/\/five2oneestate.com\/no\/retningslinjer-for-personvern\/","og_locale":"nb_NO","og_type":"article","og_title":"Retningslinjer for personvern","og_description":"Five2one Estate behandler kunde- og personopplysninger for \u00e5 kunne yte v\u00e5r bistand i forbindelse med kj\u00f8p, salg og forvaltning av fast eiendom.","og_url":"https:\/\/five2oneestate.com\/no\/retningslinjer-for-personvern\/","og_site_name":"Five2one Estate","article_publisher":"https:\/\/www.facebook.com\/five2oneestate","article_modified_time":"2025-11-24T10:09:27+00:00","twitter_card":"summary_large_image","twitter_misc":{"Est. reading time":"7 minutter"},"schema":{"@context":"https:\/\/schema.org","@graph":[{"@type":"WebPage","@id":"https:\/\/five2oneestate.com\/no\/retningslinjer-for-personvern\/","url":"https:\/\/five2oneestate.com\/no\/retningslinjer-for-personvern\/","name":"Retningslinjer for personvern - Five2one Estate","isPartOf":{"@id":"https:\/\/five2oneestate.com\/no\/#website"},"datePublished":"2022-10-01T22:39:35+00:00","dateModified":"2025-11-24T10:09:27+00:00","description":"Five2one Estate behandler kunde- og personopplysninger for \u00e5 kunne yte v\u00e5r bistand i forbindelse med kj\u00f8p, salg og forvaltning av fast eiendom.","breadcrumb":{"@id":"https:\/\/five2oneestate.com\/no\/retningslinjer-for-personvern\/#breadcrumb"},"inLanguage":"nb-NO","potentialAction":[{"@type":"ReadAction","target":["https:\/\/five2oneestate.com\/no\/retningslinjer-for-personvern\/"]}]},{"@type":"BreadcrumbList","@id":"https:\/\/five2oneestate.com\/no\/retningslinjer-for-personvern\/#breadcrumb","itemListElement":[{"@type":"ListItem","position":1,"name":"Hjem","item":"https:\/\/five2oneestate.com\/no\/kjoep-luksus-feriehus\/"},{"@type":"ListItem","position":2,"name":"Retningslinjer for personvern"}]},{"@type":"WebSite","@id":"https:\/\/five2oneestate.com\/no\/#website","url":"https:\/\/five2oneestate.com\/no\/","name":"Five2one Estate","description":"Vi g\u00f8r dr\u00f8mme til virkelighed","publisher":{"@id":"https:\/\/five2oneestate.com\/no\/#organization"},"potentialAction":[{"@type":"SearchAction","target":{"@type":"EntryPoint","urlTemplate":"https:\/\/five2oneestate.com\/no\/?s={search_term_string}"},"query-input":{"@type":"PropertyValueSpecification","valueRequired":true,"valueName":"search_term_string"}}],"inLanguage":"nb-NO"},{"@type":"Organization","@id":"https:\/\/five2oneestate.com\/no\/#organization","name":"Five2one Estate","url":"https:\/\/five2oneestate.com\/no\/","logo":{"@type":"ImageObject","inLanguage":"nb-NO","@id":"https:\/\/five2oneestate.com\/no\/#\/schema\/logo\/image\/","url":"https:\/\/five2oneestate.com\/wp-content\/uploads\/2022\/10\/Skaermbillede-2022-10-27-kl.-11.10.45-1024x572.png","contentUrl":"https:\/\/five2oneestate.com\/wp-content\/uploads\/2022\/10\/Skaermbillede-2022-10-27-kl.-11.10.45-1024x572.png","width":1024,"height":572,"caption":"Five2one Estate"},"image":{"@id":"https:\/\/five2oneestate.com\/no\/#\/schema\/logo\/image\/"},"sameAs":["https:\/\/www.facebook.com\/five2oneestate","https:\/\/www.linkedin.com\/company\/five2one-estate","https:\/\/www.instagram.com\/five2one.estate\/"]}]}},"_links":{"self":[{"href":"https:\/\/five2oneestate.com\/no\/wp-json\/wp\/v2\/pages\/22231","targetHints":{"allow":["GET"]}}],"collection":[{"href":"https:\/\/five2oneestate.com\/no\/wp-json\/wp\/v2\/pages"}],"about":[{"href":"https:\/\/five2oneestate.com\/no\/wp-json\/wp\/v2\/types\/page"}],"author":[{"embeddable":true,"href":"https:\/\/five2oneestate.com\/no\/wp-json\/wp\/v2\/users\/1"}],"replies":[{"embeddable":true,"href":"https:\/\/five2oneestate.com\/no\/wp-json\/wp\/v2\/comments?post=22231"}],"version-history":[{"count":0,"href":"https:\/\/five2oneestate.com\/no\/wp-json\/wp\/v2\/pages\/22231\/revisions"}],"wp:attachment":[{"href":"https:\/\/five2oneestate.com\/no\/wp-json\/wp\/v2\/media?parent=22231"}],"curies":[{"name":"wp","href":"https:\/\/api.w.org\/{rel}","templated":true}]}}