{"id":23078,"date":"2024-07-26T02:04:06","date_gmt":"2024-07-26T00:04:06","guid":{"rendered":"https:\/\/five2oneestate.com\/concurso\/"},"modified":"2025-11-24T11:14:15","modified_gmt":"2025-11-24T10:14:15","slug":"concurso","status":"publish","type":"page","link":"https:\/\/five2oneestate.com\/es\/concurso\/","title":{"rendered":"Concurso"},"content":{"rendered":"\t\t<div data-elementor-type=\"wp-page\" data-elementor-id=\"23078\" class=\"elementor elementor-23078 elementor-20853\" data-elementor-post-type=\"page\">\n\t\t\t\t\t\t<section class=\"elementor-section elementor-top-section elementor-element elementor-element-3964977 elementor-section-boxed elementor-section-height-default elementor-section-height-default\" data-id=\"3964977\" data-element_type=\"section\" data-e-type=\"section\">\n\t\t\t\t\t\t<div class=\"elementor-container elementor-column-gap-default\">\n\t\t\t\t\t<div class=\"elementor-column elementor-col-100 elementor-top-column elementor-element elementor-element-2dc8ca5\" data-id=\"2dc8ca5\" data-element_type=\"column\" data-e-type=\"column\">\n\t\t\t<div class=\"elementor-widget-wrap elementor-element-populated\">\n\t\t\t\t\t\t<div class=\"elementor-element elementor-element-d94b894 elementor-widget elementor-widget-image\" data-id=\"d94b894\" data-element_type=\"widget\" data-e-type=\"widget\" data-widget_type=\"image.default\">\n\t\t\t\t<div class=\"elementor-widget-container\">\n\t\t\t\t\t\t\t\t\t\t\t\t\t\t\t<img fetchpriority=\"high\" decoding=\"async\" width=\"1024\" height=\"483\" src=\"https:\/\/five2oneestate.com\/wp-content\/uploads\/2024\/07\/transparent-1024x483.png\" class=\"attachment-large size-large wp-image-23079\" alt=\"\" srcset=\"https:\/\/five2oneestate.com\/wp-content\/uploads\/2024\/07\/transparent-1024x483.png 1024w, https:\/\/five2oneestate.com\/wp-content\/uploads\/2024\/07\/transparent-300x142.png 300w, https:\/\/five2oneestate.com\/wp-content\/uploads\/2024\/07\/transparent-768x362.png 768w, https:\/\/five2oneestate.com\/wp-content\/uploads\/2024\/07\/transparent-496x234.png 496w, https:\/\/five2oneestate.com\/wp-content\/uploads\/2024\/07\/transparent.png 1049w\" sizes=\"(max-width: 1024px) 100vw, 1024px\" \/>\t\t\t\t\t\t\t\t\t\t\t\t\t\t\t<\/div>\n\t\t\t\t<\/div>\n\t\t\t\t\t<\/div>\n\t\t<\/div>\n\t\t\t\t\t<\/div>\n\t\t<\/section>\n\t\t\t\t<section class=\"elementor-section elementor-top-section elementor-element elementor-element-cf9bc7a elementor-section-boxed elementor-section-height-default elementor-section-height-default\" data-id=\"cf9bc7a\" data-element_type=\"section\" data-e-type=\"section\">\n\t\t\t\t\t\t<div class=\"elementor-container elementor-column-gap-default\">\n\t\t\t\t\t<div class=\"elementor-column elementor-col-100 elementor-top-column elementor-element elementor-element-0340669\" data-id=\"0340669\" data-element_type=\"column\" data-e-type=\"column\">\n\t\t\t<div class=\"elementor-widget-wrap elementor-element-populated\">\n\t\t\t\t\t\t<div class=\"elementor-element elementor-element-524eb86 elementor-widget elementor-widget-heading\" data-id=\"524eb86\" data-element_type=\"widget\" data-e-type=\"widget\" data-widget_type=\"heading.default\">\n\t\t\t\t<div class=\"elementor-widget-container\">\n\t\t\t\t\t<h2 class=\"elementor-heading-title elementor-size-default\">Gana 3 noches en un alojamiento Five2one<\/h2>\t\t\t\t<\/div>\n\t\t\t\t<\/div>\n\t\t\t\t<div class=\"elementor-element elementor-element-e68f6bb elementor-widget elementor-widget-text-editor\" data-id=\"e68f6bb\" data-element_type=\"widget\" data-e-type=\"widget\" data-widget_type=\"text-editor.default\">\n\t\t\t\t<div class=\"elementor-widget-container\">\n\t\t\t\t\t\t\t\t\t<p>por valor de 10.000,- DKK<\/p>\t\t\t\t\t\t\t\t<\/div>\n\t\t\t\t<\/div>\n\t\t\t\t\t<\/div>\n\t\t<\/div>\n\t\t\t\t\t<\/div>\n\t\t<\/section>\n\t\t\t\t<section class=\"elementor-section elementor-top-section elementor-element elementor-element-8003be7 elementor-section-boxed elementor-section-height-default elementor-section-height-default\" data-id=\"8003be7\" data-element_type=\"section\" data-e-type=\"section\">\n\t\t\t\t\t\t<div class=\"elementor-container elementor-column-gap-default\">\n\t\t\t\t\t<div class=\"elementor-column elementor-col-100 elementor-top-column elementor-element elementor-element-23abac6\" data-id=\"23abac6\" data-element_type=\"column\" data-e-type=\"column\">\n\t\t\t<div class=\"elementor-widget-wrap elementor-element-populated\">\n\t\t\t\t\t\t<div class=\"elementor-element elementor-element-a3a24ab elementor-widget elementor-widget-text-editor\" data-id=\"a3a24ab\" data-element_type=\"widget\" data-e-type=\"widget\" data-widget_type=\"text-editor.default\">\n\t\t\t\t<div class=\"elementor-widget-container\">\n\t\t\t\t\t\t\t\t\t<p>Responde a la pregunta y participa en el concurso para ganar unas vacaciones de lujo en el sur de Espa\u00f1a<\/p>\t\t\t\t\t\t\t\t<\/div>\n\t\t\t\t<\/div>\n\t\t\t\t\t<\/div>\n\t\t<\/div>\n\t\t\t\t\t<\/div>\n\t\t<\/section>\n\t\t\t\t<section class=\"elementor-section elementor-top-section elementor-element elementor-element-9ae186a elementor-section-boxed elementor-section-height-default elementor-section-height-default\" data-id=\"9ae186a\" data-element_type=\"section\" data-e-type=\"section\">\n\t\t\t\t\t\t<div class=\"elementor-container elementor-column-gap-default\">\n\t\t\t\t\t<div class=\"elementor-column elementor-col-100 elementor-top-column elementor-element elementor-element-27261c6\" data-id=\"27261c6\" data-element_type=\"column\" data-e-type=\"column\">\n\t\t\t<div class=\"elementor-widget-wrap elementor-element-populated\">\n\t\t\t\t\t\t<div class=\"elementor-element elementor-element-a13cdd1 elementor-widget elementor-widget-text-editor\" data-id=\"a13cdd1\" data-element_type=\"widget\" data-e-type=\"widget\" data-widget_type=\"text-editor.default\">\n\t\t\t\t<div class=\"elementor-widget-container\">\n\t\t\t\t\t\t\t\t\t<p><strong>\u00bfCu\u00e1l es el n\u00famero m\u00e1ximo de propietarios por finca?<\/strong><\/p>\t\t\t\t\t\t\t\t<\/div>\n\t\t\t\t<\/div>\n\t\t\t\t<div class=\"elementor-element elementor-element-0f0a5ce elementor-widget elementor-widget-text-editor\" data-id=\"0f0a5ce\" data-element_type=\"widget\" data-e-type=\"widget\" data-widget_type=\"text-editor.default\">\n\t\t\t\t<div class=\"elementor-widget-container\">\n\t\t\t\t\t\t\t\t\t<p>Marca la respuesta correcta<\/p>\t\t\t\t\t\t\t\t<\/div>\n\t\t\t\t<\/div>\n\t\t\t\t<div class=\"elementor-element elementor-element-8b8b3ba elementor-widget elementor-widget-shortcode\" data-id=\"8b8b3ba\" data-element_type=\"widget\" data-e-type=\"widget\" data-widget_type=\"shortcode.default\">\n\t\t\t\t<div class=\"elementor-widget-container\">\n\t\t\t\t\t\t\t<div class=\"elementor-shortcode\"><div class='fluentform ff-default fluentform_wrapper_11 ffs_default_wrap'><form data-form_id=\"11\" id=\"fluentform_11\" class=\"frm-fluent-form fluent_form_11 ff-el-form-top ff_form_instance_11_1 ff-form-loading ffs_default\" data-form_instance=\"ff_form_instance_11_1\" method=\"POST\" ><fieldset  style=\"border: none!important;margin: 0!important;padding: 0!important;background-color: transparent!important;box-shadow: none!important;outline: none!important; min-inline-size: 100%;\">\n                    <legend class=\"ff_screen_reader_title\" style=\"display: block; margin: 0!important;padding: 0!important;height: 0!important;text-indent: -999999px;width: 0!important;overflow:hidden;\">Konkurrence<\/legend><input type='hidden' name='__fluent_form_embded_post_id' value='23078' \/><input type=\"hidden\" id=\"_fluentform_11_fluentformnonce\" name=\"_fluentform_11_fluentformnonce\" value=\"0f4b3e4d05\" \/><input type=\"hidden\" name=\"_wp_http_referer\" value=\"\/es\/wp-json\/wp\/v2\/pages\/23078\" \/><div class='ff-el-group  ff_list_3col'><div class='ff-el-input--content'><div class='ff-el-form-check ff-el-form-check-'><label class='ff-el-form-check-label' for='checkbox_95574f3adab2ccbf72013f2bdfac4673'><input  type=\"checkbox\" name=\"checkbox[]\" data-name=\"checkbox\" class=\"ff-el-form-check-input ff-el-form-check-checkbox\" value=\"1 ejer\"  id='checkbox_95574f3adab2ccbf72013f2bdfac4673' aria-label='1 ejer' aria-invalid='false' aria-required=false> <span>1 ejer<\/span><\/label><\/div><div class='ff-el-form-check ff-el-form-check-'><label class='ff-el-form-check-label' for='checkbox_cf847e09578c24a8ed871e57ffab2637'><input  type=\"checkbox\" name=\"checkbox[]\" data-name=\"checkbox\" class=\"ff-el-form-check-input ff-el-form-check-checkbox\" value=\"5 ejere\"  id='checkbox_cf847e09578c24a8ed871e57ffab2637' aria-label='5 ejere' aria-invalid='false' aria-required=false> <span>5 ejere<\/span><\/label><\/div><div class='ff-el-form-check ff-el-form-check-'><label class='ff-el-form-check-label' for='checkbox_37cc8e6c520456dc9a8318015b3db77e'><input  type=\"checkbox\" name=\"checkbox[]\" data-name=\"checkbox\" class=\"ff-el-form-check-input ff-el-form-check-checkbox\" value=\"10 ejere\"  id='checkbox_37cc8e6c520456dc9a8318015b3db77e' aria-label='10 ejere' aria-invalid='false' aria-required=false> <span>10 ejere<\/span><\/label><\/div><\/div><\/div><div data-type=\"name-element\" data-name=\"names\" class=\" ff-field_container ff-name-field-wrapper\" ><div class='ff-t-container'><div class='ff-t-cell '><div class='ff-el-group ff-el-form-top  ff-el-form-hide_label'><div class=\"ff-el-input--label asterisk-right\"><label for='ff_11_names_first_name_' id='label_ff_11_names_first_name_' >Navn<\/label><\/div><div class='ff-el-input--content'><input type=\"text\" name=\"names[first_name]\" id=\"ff_11_names_first_name_\" class=\"ff-el-form-control\" placeholder=\"Navn\" aria-invalid=\"false\" aria-required=false><\/div><\/div><\/div><\/div><\/div><div class='ff-el-group ff-el-form-hide_label'><div class=\"ff-el-input--label ff-el-is-required asterisk-right\"><label for='ff_11_phone' id='label_ff_11_phone' aria-label=\"Phone\/Mobile\">Phone\/Mobile<\/label><\/div><div class='ff-el-input--content'><input name=\"phone\" class=\"ff-el-form-control ff-el-phone\" type=\"tel\" placeholder=\"Telefon nummer\" data-name=\"phone\" id=\"ff_11_phone\" inputmode=\"tel\"  aria-invalid='false' aria-required=true><\/div><\/div><div class='ff-el-group ff-el-form-hide_label'><div class=\"ff-el-input--label ff-el-is-required asterisk-right\"><label for='ff_11_email' id='label_ff_11_email' aria-label=\"Email\">Email<\/label><\/div><div class='ff-el-input--content'><input type=\"email\" name=\"email\" id=\"ff_11_email\" class=\"ff-el-form-control\" placeholder=\"E-mail Adresse\" data-name=\"email\"  aria-invalid=\"false\" aria-required=true><\/div><\/div><div class='ff-el-group    ff-el-input--content'><div class='ff-el-form-check ff-el-tc'><label aria-label='Terms and Conditions: Ved deltagelse i denne konkurrence accepterer du at modtage nyheder samt tilbud fra Five2one ApS og Five2one Estate SL via e-mail, SMS og\/eller telefon. Konkurrencen er ikke k\u00f8bsbetinget, og dine oplysninger deles ikke med tredjepart. Se vores cookiepolitik\u00a0og\u00a0privatlivspolitik.\u00a0 Contains 2 links. Use tab navigation to review.' class='ff-el-form-check-label ff_tc_label' for=terms-n-condition_0d665ce99adb315c32ccf8e8f7c3c016> <div class='ff_t_c'><p style=\"text-align: center\"><span style=\"font-size: 12px\">Ved deltagelse i denne konkurrence accepterer du at modtage nyheder samt tilbud fra Five2one ApS og Five2one Estate SL via e-mail, SMS og\/eller telefon. Konkurrencen er ikke k\u00f8bsbetinget, og dine oplysninger deles ikke med tredjepart. Se vores <strong><a href=\"https:\/\/five2oneestate.com\/cookiepolitik\/\" target=\"_blank\" rel=\"noopener\">cookiepolitik<\/a>\u00a0<\/strong>og\u00a0<strong><a href=\"https:\/\/five2oneestate.com\/persondatapolitik\/\" target=\"_blank\" rel=\"noopener\">privatlivspolitik<\/a><\/strong>.\u00a0<\/span><\/p><\/div><\/label><\/div><\/div><div class='ff-el-group ff-text-center ff_submit_btn_wrapper'><button type=\"submit\" class=\"ff-btn ff-btn-submit ff-btn-md ff_btn_style\"  aria-label=\"Deltag i konkurrencen\">Deltag i konkurrencen<\/button><\/div><\/fieldset><\/form><div id='fluentform_11_errors' class='ff-errors-in-stack ff_form_instance_11_1 ff-form-loading_errors ff_form_instance_11_1_errors'><\/div><\/div>            <script type=\"text\/javascript\">\n                window.fluent_form_ff_form_instance_11_1 = {\"id\":\"11\",\"settings\":{\"layout\":{\"labelPlacement\":\"top\",\"helpMessagePlacement\":\"with_label\",\"errorMessagePlacement\":\"inline\",\"cssClassName\":\"\",\"asteriskPlacement\":\"asterisk-right\"},\"restrictions\":{\"denyEmptySubmission\":{\"enabled\":false}}},\"form_instance\":\"ff_form_instance_11_1\",\"form_id_selector\":\"fluentform_11\",\"rules\":{\"checkbox\":{\"required\":{\"value\":false,\"message\":\"Dette felt er p\\u00e5kr\\u00e6vet\",\"global_message\":\"Dette felt er p\\u00e5kr\\u00e6vet\",\"global\":true}},\"names[first_name]\":{\"required\":{\"value\":false,\"message\":\"Dette felt er p\\u00e5kr\\u00e6vet\",\"global_message\":\"Dette felt er p\\u00e5kr\\u00e6vet\",\"global\":true}},\"names[middle_name]\":{\"required\":{\"value\":false,\"message\":\"Dette felt er p\\u00e5kr\\u00e6vet\",\"global_message\":\"Dette felt er p\\u00e5kr\\u00e6vet\",\"global\":true}},\"names[last_name]\":{\"required\":{\"value\":false,\"message\":\"Dette felt er p\\u00e5kr\\u00e6vet\",\"global_message\":\"Dette felt er p\\u00e5kr\\u00e6vet\",\"global\":true}},\"phone\":{\"required\":{\"value\":true,\"global\":true,\"message\":\"Dette felt er p\\u00e5kr\\u00e6vet\",\"global_message\":\"Dette felt er p\\u00e5kr\\u00e6vet\"},\"valid_phone_number\":{\"value\":false,\"global\":true,\"message\":\"Phone number is not valid\",\"global_message\":\"Phone number is not valid\"}},\"email\":{\"required\":{\"value\":true,\"message\":\"Dette felt er p\\u00e5kr\\u00e6vet\",\"global_message\":\"Dette felt er p\\u00e5kr\\u00e6vet\",\"global\":true},\"email\":{\"value\":true,\"message\":\"This field must contain a valid email\",\"global_message\":\"This field must contain a valid email\",\"global\":true}},\"terms-n-condition\":{\"required\":{\"value\":false,\"message\":\"Dette felt er p\\u00e5kr\\u00e6vet\",\"global_message\":\"Dette felt er p\\u00e5kr\\u00e6vet\",\"global\":true}}},\"debounce_time\":300};\n                            <\/script>\n            <\/div>\n\t\t\t\t\t\t<\/div>\n\t\t\t\t<\/div>\n\t\t\t\t\t<\/div>\n\t\t<\/div>\n\t\t\t\t\t<\/div>\n\t\t<\/section>\n\t\t\t\t<\/div>\n\t\t","protected":false},"excerpt":{"rendered":"<p>Gana 3 noches en un alojamiento Five2one por valor de 10.000,- DKK Responde a la pregunta y participa en el concurso para ganar unas vacaciones de lujo en el sur de Espa\u00f1a \u00bfCu\u00e1l es el n\u00famero m\u00e1ximo de propietarios por finca? Marca la respuesta correcta<\/p>\n","protected":false},"author":9,"featured_media":0,"parent":0,"menu_order":0,"comment_status":"closed","ping_status":"closed","template":"elementor_header_footer","meta":{"content-type":"","footnotes":""},"class_list":["post-23078","page","type-page","status-publish","hentry"],"yoast_head":"<!-- This site is optimized with the Yoast SEO Premium plugin v22.3 (Yoast SEO v27.4) - https:\/\/yoast.com\/product\/yoast-seo-premium-wordpress\/ -->\n<title>Concurso - Five2one Estate<\/title>\n<meta name=\"robots\" content=\"index, follow, max-snippet:-1, max-image-preview:large, max-video-preview:-1\" \/>\n<link rel=\"canonical\" href=\"https:\/\/five2oneestate.com\/es\/concurso\/\" \/>\n<meta property=\"og:locale\" content=\"es_ES\" \/>\n<meta property=\"og:type\" content=\"article\" \/>\n<meta property=\"og:title\" content=\"Concurso\" \/>\n<meta property=\"og:description\" content=\"Gana 3 noches en un alojamiento Five2one por valor de 10.000,- DKK Responde a la pregunta y participa en el concurso para ganar unas vacaciones de lujo en el sur de Espa\u00f1a \u00bfCu\u00e1l es el n\u00famero m\u00e1ximo de propietarios por finca? Marca la respuesta correcta\" \/>\n<meta property=\"og:url\" content=\"https:\/\/five2oneestate.com\/es\/concurso\/\" \/>\n<meta property=\"og:site_name\" content=\"Five2one Estate\" \/>\n<meta property=\"article:publisher\" content=\"https:\/\/www.facebook.com\/five2oneestate\" \/>\n<meta property=\"article:modified_time\" content=\"2025-11-24T10:14:15+00:00\" \/>\n<meta property=\"og:image\" content=\"https:\/\/five2oneestate.com\/wp-content\/uploads\/2024\/07\/transparent.png\" \/>\n\t<meta property=\"og:image:width\" content=\"1049\" \/>\n\t<meta property=\"og:image:height\" content=\"495\" \/>\n\t<meta property=\"og:image:type\" content=\"image\/png\" \/>\n<meta name=\"twitter:card\" content=\"summary_large_image\" \/>\n<script type=\"application\/ld+json\" class=\"yoast-schema-graph\">{\"@context\":\"https:\\\/\\\/schema.org\",\"@graph\":[{\"@type\":\"WebPage\",\"@id\":\"https:\\\/\\\/five2oneestate.com\\\/es\\\/concurso\\\/\",\"url\":\"https:\\\/\\\/five2oneestate.com\\\/es\\\/concurso\\\/\",\"name\":\"Concurso - Five2one Estate\",\"isPartOf\":{\"@id\":\"https:\\\/\\\/five2oneestate.com\\\/es\\\/#website\"},\"primaryImageOfPage\":{\"@id\":\"https:\\\/\\\/five2oneestate.com\\\/es\\\/concurso\\\/#primaryimage\"},\"image\":{\"@id\":\"https:\\\/\\\/five2oneestate.com\\\/es\\\/concurso\\\/#primaryimage\"},\"thumbnailUrl\":\"https:\\\/\\\/five2oneestate.com\\\/wp-content\\\/uploads\\\/2024\\\/07\\\/transparent-1024x483.png\",\"datePublished\":\"2024-07-26T00:04:06+00:00\",\"dateModified\":\"2025-11-24T10:14:15+00:00\",\"breadcrumb\":{\"@id\":\"https:\\\/\\\/five2oneestate.com\\\/es\\\/concurso\\\/#breadcrumb\"},\"inLanguage\":\"es\",\"potentialAction\":[{\"@type\":\"ReadAction\",\"target\":[\"https:\\\/\\\/five2oneestate.com\\\/es\\\/concurso\\\/\"]}]},{\"@type\":\"ImageObject\",\"inLanguage\":\"es\",\"@id\":\"https:\\\/\\\/five2oneestate.com\\\/es\\\/concurso\\\/#primaryimage\",\"url\":\"https:\\\/\\\/five2oneestate.com\\\/wp-content\\\/uploads\\\/2024\\\/07\\\/transparent-1024x483.png\",\"contentUrl\":\"https:\\\/\\\/five2oneestate.com\\\/wp-content\\\/uploads\\\/2024\\\/07\\\/transparent-1024x483.png\"},{\"@type\":\"BreadcrumbList\",\"@id\":\"https:\\\/\\\/five2oneestate.com\\\/es\\\/concurso\\\/#breadcrumb\",\"itemListElement\":[{\"@type\":\"ListItem\",\"position\":1,\"name\":\"Hjem\",\"item\":\"https:\\\/\\\/five2oneestate.com\\\/es\\\/comprar-casa-de-vacaciones-de-lujo\\\/\"},{\"@type\":\"ListItem\",\"position\":2,\"name\":\"Concurso\"}]},{\"@type\":\"WebSite\",\"@id\":\"https:\\\/\\\/five2oneestate.com\\\/es\\\/#website\",\"url\":\"https:\\\/\\\/five2oneestate.com\\\/es\\\/\",\"name\":\"Five2one Estate\",\"description\":\"Vi g\u00f8r dr\u00f8mme til virkelighed\",\"publisher\":{\"@id\":\"https:\\\/\\\/five2oneestate.com\\\/es\\\/#organization\"},\"potentialAction\":[{\"@type\":\"SearchAction\",\"target\":{\"@type\":\"EntryPoint\",\"urlTemplate\":\"https:\\\/\\\/five2oneestate.com\\\/es\\\/?s={search_term_string}\"},\"query-input\":{\"@type\":\"PropertyValueSpecification\",\"valueRequired\":true,\"valueName\":\"search_term_string\"}}],\"inLanguage\":\"es\"},{\"@type\":\"Organization\",\"@id\":\"https:\\\/\\\/five2oneestate.com\\\/es\\\/#organization\",\"name\":\"Five2one Estate\",\"url\":\"https:\\\/\\\/five2oneestate.com\\\/es\\\/\",\"logo\":{\"@type\":\"ImageObject\",\"inLanguage\":\"es\",\"@id\":\"https:\\\/\\\/five2oneestate.com\\\/es\\\/#\\\/schema\\\/logo\\\/image\\\/\",\"url\":\"https:\\\/\\\/five2oneestate.com\\\/wp-content\\\/uploads\\\/2022\\\/10\\\/Skaermbillede-2022-10-27-kl.-11.10.45-1024x572.png\",\"contentUrl\":\"https:\\\/\\\/five2oneestate.com\\\/wp-content\\\/uploads\\\/2022\\\/10\\\/Skaermbillede-2022-10-27-kl.-11.10.45-1024x572.png\",\"width\":1024,\"height\":572,\"caption\":\"Five2one Estate\"},\"image\":{\"@id\":\"https:\\\/\\\/five2oneestate.com\\\/es\\\/#\\\/schema\\\/logo\\\/image\\\/\"},\"sameAs\":[\"https:\\\/\\\/www.facebook.com\\\/five2oneestate\",\"https:\\\/\\\/www.linkedin.com\\\/company\\\/five2one-estate\",\"https:\\\/\\\/www.instagram.com\\\/five2one.estate\\\/\"]}]}<\/script>\n<!-- \/ Yoast SEO Premium plugin. -->","yoast_head_json":{"title":"Concurso - Five2one Estate","robots":{"index":"index","follow":"follow","max-snippet":"max-snippet:-1","max-image-preview":"max-image-preview:large","max-video-preview":"max-video-preview:-1"},"canonical":"https:\/\/five2oneestate.com\/es\/concurso\/","og_locale":"es_ES","og_type":"article","og_title":"Concurso","og_description":"Gana 3 noches en un alojamiento Five2one por valor de 10.000,- DKK Responde a la pregunta y participa en el concurso para ganar unas vacaciones de lujo en el sur de Espa\u00f1a \u00bfCu\u00e1l es el n\u00famero m\u00e1ximo de propietarios por finca? Marca la respuesta correcta","og_url":"https:\/\/five2oneestate.com\/es\/concurso\/","og_site_name":"Five2one Estate","article_publisher":"https:\/\/www.facebook.com\/five2oneestate","article_modified_time":"2025-11-24T10:14:15+00:00","og_image":[{"width":1049,"height":495,"url":"https:\/\/five2oneestate.com\/wp-content\/uploads\/2024\/07\/transparent.png","type":"image\/png"}],"twitter_card":"summary_large_image","schema":{"@context":"https:\/\/schema.org","@graph":[{"@type":"WebPage","@id":"https:\/\/five2oneestate.com\/es\/concurso\/","url":"https:\/\/five2oneestate.com\/es\/concurso\/","name":"Concurso - Five2one Estate","isPartOf":{"@id":"https:\/\/five2oneestate.com\/es\/#website"},"primaryImageOfPage":{"@id":"https:\/\/five2oneestate.com\/es\/concurso\/#primaryimage"},"image":{"@id":"https:\/\/five2oneestate.com\/es\/concurso\/#primaryimage"},"thumbnailUrl":"https:\/\/five2oneestate.com\/wp-content\/uploads\/2024\/07\/transparent-1024x483.png","datePublished":"2024-07-26T00:04:06+00:00","dateModified":"2025-11-24T10:14:15+00:00","breadcrumb":{"@id":"https:\/\/five2oneestate.com\/es\/concurso\/#breadcrumb"},"inLanguage":"es","potentialAction":[{"@type":"ReadAction","target":["https:\/\/five2oneestate.com\/es\/concurso\/"]}]},{"@type":"ImageObject","inLanguage":"es","@id":"https:\/\/five2oneestate.com\/es\/concurso\/#primaryimage","url":"https:\/\/five2oneestate.com\/wp-content\/uploads\/2024\/07\/transparent-1024x483.png","contentUrl":"https:\/\/five2oneestate.com\/wp-content\/uploads\/2024\/07\/transparent-1024x483.png"},{"@type":"BreadcrumbList","@id":"https:\/\/five2oneestate.com\/es\/concurso\/#breadcrumb","itemListElement":[{"@type":"ListItem","position":1,"name":"Hjem","item":"https:\/\/five2oneestate.com\/es\/comprar-casa-de-vacaciones-de-lujo\/"},{"@type":"ListItem","position":2,"name":"Concurso"}]},{"@type":"WebSite","@id":"https:\/\/five2oneestate.com\/es\/#website","url":"https:\/\/five2oneestate.com\/es\/","name":"Five2one Estate","description":"Vi g\u00f8r dr\u00f8mme til virkelighed","publisher":{"@id":"https:\/\/five2oneestate.com\/es\/#organization"},"potentialAction":[{"@type":"SearchAction","target":{"@type":"EntryPoint","urlTemplate":"https:\/\/five2oneestate.com\/es\/?s={search_term_string}"},"query-input":{"@type":"PropertyValueSpecification","valueRequired":true,"valueName":"search_term_string"}}],"inLanguage":"es"},{"@type":"Organization","@id":"https:\/\/five2oneestate.com\/es\/#organization","name":"Five2one Estate","url":"https:\/\/five2oneestate.com\/es\/","logo":{"@type":"ImageObject","inLanguage":"es","@id":"https:\/\/five2oneestate.com\/es\/#\/schema\/logo\/image\/","url":"https:\/\/five2oneestate.com\/wp-content\/uploads\/2022\/10\/Skaermbillede-2022-10-27-kl.-11.10.45-1024x572.png","contentUrl":"https:\/\/five2oneestate.com\/wp-content\/uploads\/2022\/10\/Skaermbillede-2022-10-27-kl.-11.10.45-1024x572.png","width":1024,"height":572,"caption":"Five2one Estate"},"image":{"@id":"https:\/\/five2oneestate.com\/es\/#\/schema\/logo\/image\/"},"sameAs":["https:\/\/www.facebook.com\/five2oneestate","https:\/\/www.linkedin.com\/company\/five2one-estate","https:\/\/www.instagram.com\/five2one.estate\/"]}]}},"_links":{"self":[{"href":"https:\/\/five2oneestate.com\/es\/wp-json\/wp\/v2\/pages\/23078","targetHints":{"allow":["GET"]}}],"collection":[{"href":"https:\/\/five2oneestate.com\/es\/wp-json\/wp\/v2\/pages"}],"about":[{"href":"https:\/\/five2oneestate.com\/es\/wp-json\/wp\/v2\/types\/page"}],"author":[{"embeddable":true,"href":"https:\/\/five2oneestate.com\/es\/wp-json\/wp\/v2\/users\/9"}],"replies":[{"embeddable":true,"href":"https:\/\/five2oneestate.com\/es\/wp-json\/wp\/v2\/comments?post=23078"}],"version-history":[{"count":0,"href":"https:\/\/five2oneestate.com\/es\/wp-json\/wp\/v2\/pages\/23078\/revisions"}],"wp:attachment":[{"href":"https:\/\/five2oneestate.com\/es\/wp-json\/wp\/v2\/media?parent=23078"}],"curies":[{"name":"wp","href":"https:\/\/api.w.org\/{rel}","templated":true}]}}