{"id":23058,"date":"2025-10-10T12:04:16","date_gmt":"2025-10-10T10:04:16","guid":{"rendered":"https:\/\/five2oneestate.com\/socios-locales\/"},"modified":"2025-11-24T11:14:08","modified_gmt":"2025-11-24T10:14:08","slug":"socios-locales","status":"publish","type":"page","link":"https:\/\/five2oneestate.com\/es\/socios-locales\/","title":{"rendered":"Socios locales"},"content":{"rendered":"\t\t<div data-elementor-type=\"wp-page\" data-elementor-id=\"23058\" class=\"elementor elementor-23058 elementor-21808\" data-elementor-post-type=\"page\">\n\t\t\t\t\t\t<section class=\"elementor-section elementor-top-section elementor-element elementor-element-5122096 elementor-section-full_width elementor-section-stretched elementor-section-height-default elementor-section-height-default\" data-id=\"5122096\" data-element_type=\"section\" data-e-type=\"section\" data-settings=\"{&quot;stretch_section&quot;:&quot;section-stretched&quot;}\">\n\t\t\t\t\t\t<div class=\"elementor-container elementor-column-gap-default\">\n\t\t\t\t\t<div class=\"elementor-column elementor-col-100 elementor-top-column elementor-element elementor-element-d03eb4e\" data-id=\"d03eb4e\" data-element_type=\"column\" data-e-type=\"column\">\n\t\t\t<div class=\"elementor-widget-wrap elementor-element-populated\">\n\t\t\t\t\t\t<div class=\"elementor-element elementor-element-3d3a90d elementor-widget elementor-widget-image\" data-id=\"3d3a90d\" data-element_type=\"widget\" data-e-type=\"widget\" data-widget_type=\"image.default\">\n\t\t\t\t<div class=\"elementor-widget-container\">\n\t\t\t\t\t\t\t\t\t\t\t\t\t\t\t<img fetchpriority=\"high\" decoding=\"async\" width=\"1024\" height=\"682\" src=\"https:\/\/five2oneestate.com\/wp-content\/uploads\/2025\/10\/Billede-1-1024x682.jpg\" class=\"attachment-large size-large wp-image-23059\" alt=\"\" srcset=\"https:\/\/five2oneestate.com\/wp-content\/uploads\/2025\/10\/Billede-1-1024x682.jpg 1024w, https:\/\/five2oneestate.com\/wp-content\/uploads\/2025\/10\/Billede-1-300x200.jpg 300w, https:\/\/five2oneestate.com\/wp-content\/uploads\/2025\/10\/Billede-1-768x512.jpg 768w, https:\/\/five2oneestate.com\/wp-content\/uploads\/2025\/10\/Billede-1-1536x1024.jpg 1536w, https:\/\/five2oneestate.com\/wp-content\/uploads\/2025\/10\/Billede-1-2048x1365.jpg 2048w, https:\/\/five2oneestate.com\/wp-content\/uploads\/2025\/10\/Billede-1-900x600.jpg 900w, https:\/\/five2oneestate.com\/wp-content\/uploads\/2025\/10\/Billede-1-496x331.jpg 496w\" sizes=\"(max-width: 1024px) 100vw, 1024px\" \/>\t\t\t\t\t\t\t\t\t\t\t\t\t\t\t<\/div>\n\t\t\t\t<\/div>\n\t\t\t\t<div class=\"elementor-element elementor-element-5690188 elementor-widget elementor-widget-heading\" data-id=\"5690188\" data-element_type=\"widget\" data-e-type=\"widget\" data-widget_type=\"heading.default\">\n\t\t\t\t<div class=\"elementor-widget-container\">\n\t\t\t\t\t<h2 class=\"elementor-heading-title elementor-size-default\">Ahorra hasta un 80% en la compra de tu nueva casa de lujo<\/h2>\t\t\t\t<\/div>\n\t\t\t\t<\/div>\n\t\t\t\t<div class=\"elementor-element elementor-element-a38fff2 elementor-widget elementor-widget-text-editor\" data-id=\"a38fff2\" data-element_type=\"widget\" data-e-type=\"widget\" data-widget_type=\"text-editor.default\">\n\t\t\t\t<div class=\"elementor-widget-container\">\n\t\t\t\t\t\t\t\t\t<p>Ya hemos ayudado a muchas familias danesas a hacer realidad su sue\u00f1o de una casa de lujo en el sur de Espa\u00f1a, por una fracci\u00f3n del coste.<\/p><p>\u00bfT\u00fa tambi\u00e9n sue\u00f1as con comprar una vivienda en la Costa del Sol? Entonces <strong>rellena el siguiente formulario<\/strong> y charlemos sin compromiso sobre c\u00f3mo podemos hacer realidad tus sue\u00f1os inmobiliarios. <\/p>\t\t\t\t\t\t\t\t<\/div>\n\t\t\t\t<\/div>\n\t\t\t\t<div class=\"elementor-element elementor-element-b808595 elementor-widget elementor-widget-shortcode\" data-id=\"b808595\" data-element_type=\"widget\" data-e-type=\"widget\" data-widget_type=\"shortcode.default\">\n\t\t\t\t<div class=\"elementor-widget-container\">\n\t\t\t\t\t\t\t<div class=\"elementor-shortcode\"><div class='fluentform ff-default fluentform_wrapper_33 ffs_default_wrap'><form data-form_id=\"33\" id=\"fluentform_33\" class=\"frm-fluent-form fluent_form_33 ff-el-form-top ff_form_instance_33_1 ff-form-loading ffs_default\" data-form_instance=\"ff_form_instance_33_1\" method=\"POST\" ><fieldset  style=\"border: none!important;margin: 0!important;padding: 0!important;background-color: transparent!important;box-shadow: none!important;outline: none!important; min-inline-size: 100%;\">\n                    <legend class=\"ff_screen_reader_title\" style=\"display: block; margin: 0!important;padding: 0!important;height: 0!important;text-indent: -999999px;width: 0!important;overflow:hidden;\">Lokale partnere<\/legend><input type='hidden' name='__fluent_form_embded_post_id' value='23058' \/><input type=\"hidden\" id=\"_fluentform_33_fluentformnonce\" name=\"_fluentform_33_fluentformnonce\" value=\"631def8a74\" \/><input type=\"hidden\" name=\"_wp_http_referer\" value=\"\/es\/wp-json\/wp\/v2\/pages\/23058\" \/><div data-type=\"name-element\" data-name=\"names\" class=\" ff-field_container ff-name-field-wrapper\" ><div class='ff-t-container'><div class='ff-t-cell '><div class='ff-el-group ff-el-form-top'><div class=\"ff-el-input--label asterisk-right\"><label for='ff_33_names_first_name_' id='label_ff_33_names_first_name_' >Fornavn<\/label><\/div><div class='ff-el-input--content'><input type=\"text\" name=\"names[first_name]\" id=\"ff_33_names_first_name_\" class=\"ff-el-form-control\" placeholder=\"Skriv dit fornavn her\" aria-invalid=\"false\" aria-required=false><\/div><\/div><\/div><div class='ff-t-cell '><div class='ff-el-group ff-el-form-top'><div class=\"ff-el-input--label asterisk-right\"><label for='ff_33_names_last_name_' id='label_ff_33_names_last_name_' >Efternavn<\/label><\/div><div class='ff-el-input--content'><input type=\"text\" name=\"names[last_name]\" id=\"ff_33_names_last_name_\" class=\"ff-el-form-control\" placeholder=\"Skriv dit efternavn her\" aria-invalid=\"false\" aria-required=false><\/div><\/div><\/div><\/div><\/div><div data-name=\"ff_cn_id_1\"  class='ff-t-container ff-column-container ff_columns_total_2 '><div class='ff-t-cell ff-t-column-1' style='flex-basis: 50%;'><div class='ff-el-group'><div class=\"ff-el-input--label ff-el-is-required asterisk-right\"><label for='ff_33_email' id='label_ff_33_email' aria-label=\"E-mail adresse\">E-mail adresse<\/label><\/div><div class='ff-el-input--content'><input type=\"email\" name=\"email\" id=\"ff_33_email\" class=\"ff-el-form-control\" placeholder=\"Indtast din e-mail adresse\" data-name=\"email\"  aria-invalid=\"false\" aria-required=true><\/div><\/div><\/div><div class='ff-t-cell ff-t-column-2' style='flex-basis: 50%;'><div class='ff-el-group'><div class=\"ff-el-input--label ff-el-is-required asterisk-right\"><label for='ff_33_numeric_field' id='label_ff_33_numeric_field' aria-label=\"Telefon nummer\">Telefon nummer<\/label><\/div><div class='ff-el-input--content'><input type=\"number\" name=\"numeric_field\" id=\"ff_33_numeric_field\" class=\"ff-el-form-control\" placeholder=\"Indtast dit telefon nummer\" data-name=\"numeric_field\" inputmode=\"numeric\" step=\"any\"  aria-invalid=\"false\" aria-required=true><\/div><\/div><\/div><\/div><div class='ff-el-group'><div class=\"ff-el-input--label ff-el-is-required asterisk-right\"><label for='ff_33_dropdown' id='label_ff_33_dropdown' aria-label=\"Hvor har du h\u00f8rt om os?\">Hvor har du h\u00f8rt om os?<\/label><\/div><div class='ff-el-input--content'><select name=\"dropdown\" id=\"ff_33_dropdown\" class=\"ff-el-form-control\" data-name=\"dropdown\" data-calc_value=\"0\"  aria-invalid=\"false\" aria-required=\"true\" aria-labelledby=\"label_ff_33_dropdown\"><option value=\"\">- V\u00e6lg venligst her -<\/option><option value=\"Your Home Styling\"  >Your Home Styling<\/option><option value=\"Higuer\u00f3n Padel\"  >Higuer\u00f3n Padel<\/option><option value=\"Google\"  >Google<\/option><option value=\"Facebook\"  >Facebook<\/option><option value=\"Vithas\"  >Vithas<\/option><option value=\"Obrador\"  >Obrador<\/option><option value=\"Clinica Dental Escandinava\"  >Clinica Dental Escandinava<\/option><option value=\"LEW HOAD Tennis\/padel club\"  >LEW HOAD Tennis\/padel club<\/option><\/select><\/div><\/div><div class='ff-el-group'><div class=\"ff-el-input--label asterisk-right\"><label for='ff_33_datetime' id='label_ff_33_datetime' aria-label=\"Hvorn\u00e5r skal vi kontakte dig?\">Hvorn\u00e5r skal vi kontakte dig?<\/label><\/div><div class='ff-el-input--content'><input  aria-label='Hvorn\u00e5r skal vi kontakte dig? Use arrow keys to navigate dates. Press enter to select a date.'  aria-haspopup='dialog' data-type-datepicker data-format='d\/m\/Y' type=\"text\" name=\"datetime\" id=\"ff_33_datetime\" class=\"ff-el-form-control ff-el-datepicker\" placeholder=\"V\u00e6lg dato\" data-name=\"datetime\"  aria-invalid='false' aria-required=false><\/div><\/div><div class='ff-el-group    ff-el-input--content'><div class='ff-el-form-check ff-el-tc'><label aria-label='Terms and Conditions: Ved at udfylde denne formularer, accepterer du herved at modtage nyheder samt tilbud fra Five2one ApS og Five2one Estate SL via e-mail, SMS og\/eller tlf. Se vores cookiepolitik\u00a0og\u00a0privatlivspolitik. Contains 2 links. Use tab navigation to review.' class='ff-el-form-check-label ff_tc_label' for=terms-n-condition_b1dc7f429a2db9e060856d2e597ea56c> <div class='ff_t_c'><p><span style=\"font-size: 12px\">Ved at udfylde denne formularer, accepterer du herved at modtage nyheder samt tilbud fra Five2one ApS og Five2one Estate SL via e-mail, SMS og\/eller tlf. Se vores <strong><a href=\"https:\/\/five2oneestate.com\/cookiepolitik\/\" target=\"_blank\" rel=\"noopener\">cookiepolitik<\/a>\u00a0<\/strong>og\u00a0<strong><a href=\"https:\/\/five2oneestate.com\/persondatapolitik\/\" target=\"_blank\" rel=\"noopener\">privatlivspolitik<\/a><\/strong>.<\/span><\/p><\/div><\/label><\/div><\/div><div class='ff-el-group ff-text-left ff_submit_btn_wrapper'><button type=\"submit\" class=\"ff-btn ff-btn-submit ff-btn-md ff_btn_style\"  aria-label=\"Bliv kontaktet\">Bliv kontaktet<\/button><\/div><\/fieldset><\/form><div id='fluentform_33_errors' class='ff-errors-in-stack ff_form_instance_33_1 ff-form-loading_errors ff_form_instance_33_1_errors'><\/div><\/div>            <script type=\"text\/javascript\">\n                window.fluent_form_ff_form_instance_33_1 = {\"id\":\"33\",\"settings\":{\"layout\":{\"labelPlacement\":\"top\",\"helpMessagePlacement\":\"with_label\",\"errorMessagePlacement\":\"inline\"},\"restrictions\":{\"denyEmptySubmission\":{\"enabled\":false}}},\"form_instance\":\"ff_form_instance_33_1\",\"form_id_selector\":\"fluentform_33\",\"rules\":{\"names[first_name]\":{\"required\":{\"value\":false,\"message\":\"Dette felt er p\\u00e5kr\\u00e6vet\",\"global_message\":\"Dette felt er p\\u00e5kr\\u00e6vet\",\"global\":true}},\"names[middle_name]\":{\"required\":{\"value\":false,\"message\":\"Dette felt er p\\u00e5kr\\u00e6vet\",\"global_message\":\"Dette felt er p\\u00e5kr\\u00e6vet\",\"global\":true}},\"names[last_name]\":{\"required\":{\"value\":false,\"message\":\"Dette felt er p\\u00e5kr\\u00e6vet\",\"global_message\":\"Dette felt er p\\u00e5kr\\u00e6vet\",\"global\":true}},\"email\":{\"required\":{\"value\":true,\"message\":\"Dette felt er p\\u00e5kr\\u00e6vet\",\"global_message\":\"Dette felt er p\\u00e5kr\\u00e6vet\",\"global\":true},\"email\":{\"value\":true,\"message\":\"This field must contain a valid email\",\"global_message\":\"This field must contain a valid email\",\"global\":true}},\"numeric_field\":{\"required\":{\"value\":true,\"message\":\"Dette felt er p\\u00e5kr\\u00e6vet\",\"global_message\":\"Dette felt er p\\u00e5kr\\u00e6vet\",\"global\":true},\"numeric\":{\"value\":true,\"message\":\"This field must contain numeric value\",\"global_message\":\"This field must contain numeric value\",\"global\":true},\"min\":{\"value\":\"\",\"message\":\"Validation fails for minimum value\",\"global_message\":\"Validation fails for minimum value\",\"global\":true},\"max\":{\"value\":\"\",\"message\":\"Validation fails for maximum value\",\"global_message\":\"Validation fails for maximum value\",\"global\":true},\"digits\":{\"value\":\"\",\"message\":\"Validation fails for limited digits\",\"global_message\":\"Validation fails for limited digits\",\"global\":true}},\"dropdown\":{\"required\":{\"value\":true,\"message\":\"Dette felt er p\\u00e5kr\\u00e6vet\",\"global_message\":\"Dette felt er p\\u00e5kr\\u00e6vet\",\"global\":true}},\"datetime\":{\"required\":{\"value\":false,\"message\":\"Dette felt er p\\u00e5kr\\u00e6vet\",\"global_message\":\"Dette felt er p\\u00e5kr\\u00e6vet\",\"global\":true}},\"terms-n-condition\":{\"required\":{\"value\":false,\"message\":\"Dette felt er p\\u00e5kr\\u00e6vet\",\"global_message\":\"Dette felt er p\\u00e5kr\\u00e6vet\",\"global\":true}}},\"debounce_time\":300};\n                            <\/script>\n            <\/div>\n\t\t\t\t\t\t<\/div>\n\t\t\t\t<\/div>\n\t\t\t\t<div class=\"elementor-element elementor-element-10b3c2e elementor-widget elementor-widget-spacer\" data-id=\"10b3c2e\" data-element_type=\"widget\" data-e-type=\"widget\" data-widget_type=\"spacer.default\">\n\t\t\t\t<div class=\"elementor-widget-container\">\n\t\t\t\t\t\t\t<div class=\"elementor-spacer\">\n\t\t\t<div class=\"elementor-spacer-inner\"><\/div>\n\t\t<\/div>\n\t\t\t\t\t\t<\/div>\n\t\t\t\t<\/div>\n\t\t\t\t\t<\/div>\n\t\t<\/div>\n\t\t\t\t\t<\/div>\n\t\t<\/section>\n\t\t\t\t<\/div>\n\t\t","protected":false},"excerpt":{"rendered":"<p>Ahorra hasta un 80% en la compra de tu nueva casa de lujo Ya hemos ayudado a muchas familias danesas a hacer realidad su sue\u00f1o de una casa de lujo en el sur de Espa\u00f1a, por una fracci\u00f3n del coste. \u00bfT\u00fa tambi\u00e9n sue\u00f1as con comprar una vivienda en la Costa del Sol? Entonces rellena el [&hellip;]<\/p>\n","protected":false},"author":9,"featured_media":0,"parent":0,"menu_order":0,"comment_status":"closed","ping_status":"closed","template":"elementor_header_footer","meta":{"content-type":"","footnotes":""},"class_list":["post-23058","page","type-page","status-publish","hentry"],"yoast_head":"<!-- This site is optimized with the Yoast SEO Premium plugin v22.3 (Yoast SEO v27.4) - https:\/\/yoast.com\/product\/yoast-seo-premium-wordpress\/ -->\n<title>Socios locales - Five2one Estate<\/title>\n<meta name=\"robots\" content=\"index, follow, max-snippet:-1, max-image-preview:large, max-video-preview:-1\" \/>\n<link rel=\"canonical\" href=\"https:\/\/five2oneestate.com\/es\/socios-locales\/\" \/>\n<meta property=\"og:locale\" content=\"es_ES\" \/>\n<meta property=\"og:type\" content=\"article\" \/>\n<meta property=\"og:title\" content=\"Socios locales\" \/>\n<meta property=\"og:description\" content=\"Ahorra hasta un 80% en la compra de tu nueva casa de lujo Ya hemos ayudado a muchas familias danesas a hacer realidad su sue\u00f1o de una casa de lujo en el sur de Espa\u00f1a, por una fracci\u00f3n del coste. \u00bfT\u00fa tambi\u00e9n sue\u00f1as con comprar una vivienda en la Costa del Sol? Entonces rellena el [&hellip;]\" \/>\n<meta property=\"og:url\" content=\"https:\/\/five2oneestate.com\/es\/socios-locales\/\" \/>\n<meta property=\"og:site_name\" content=\"Five2one Estate\" \/>\n<meta property=\"article:publisher\" content=\"https:\/\/www.facebook.com\/five2oneestate\" \/>\n<meta property=\"article:modified_time\" content=\"2025-11-24T10:14:08+00:00\" \/>\n<meta property=\"og:image\" content=\"https:\/\/five2oneestate.com\/wp-content\/uploads\/2025\/10\/Billede-1-1024x682.jpg\" \/>\n\t<meta property=\"og:image:width\" content=\"1024\" \/>\n\t<meta property=\"og:image:height\" content=\"682\" \/>\n\t<meta property=\"og:image:type\" content=\"image\/jpeg\" \/>\n<meta name=\"twitter:card\" content=\"summary_large_image\" \/>\n<script type=\"application\/ld+json\" class=\"yoast-schema-graph\">{\"@context\":\"https:\\\/\\\/schema.org\",\"@graph\":[{\"@type\":\"WebPage\",\"@id\":\"https:\\\/\\\/five2oneestate.com\\\/es\\\/socios-locales\\\/\",\"url\":\"https:\\\/\\\/five2oneestate.com\\\/es\\\/socios-locales\\\/\",\"name\":\"Socios locales - Five2one Estate\",\"isPartOf\":{\"@id\":\"https:\\\/\\\/five2oneestate.com\\\/es\\\/#website\"},\"primaryImageOfPage\":{\"@id\":\"https:\\\/\\\/five2oneestate.com\\\/es\\\/socios-locales\\\/#primaryimage\"},\"image\":{\"@id\":\"https:\\\/\\\/five2oneestate.com\\\/es\\\/socios-locales\\\/#primaryimage\"},\"thumbnailUrl\":\"https:\\\/\\\/five2oneestate.com\\\/wp-content\\\/uploads\\\/2025\\\/10\\\/Billede-1-1024x682.jpg\",\"datePublished\":\"2025-10-10T10:04:16+00:00\",\"dateModified\":\"2025-11-24T10:14:08+00:00\",\"breadcrumb\":{\"@id\":\"https:\\\/\\\/five2oneestate.com\\\/es\\\/socios-locales\\\/#breadcrumb\"},\"inLanguage\":\"es\",\"potentialAction\":[{\"@type\":\"ReadAction\",\"target\":[\"https:\\\/\\\/five2oneestate.com\\\/es\\\/socios-locales\\\/\"]}]},{\"@type\":\"ImageObject\",\"inLanguage\":\"es\",\"@id\":\"https:\\\/\\\/five2oneestate.com\\\/es\\\/socios-locales\\\/#primaryimage\",\"url\":\"https:\\\/\\\/five2oneestate.com\\\/wp-content\\\/uploads\\\/2025\\\/10\\\/Billede-1-1024x682.jpg\",\"contentUrl\":\"https:\\\/\\\/five2oneestate.com\\\/wp-content\\\/uploads\\\/2025\\\/10\\\/Billede-1-1024x682.jpg\"},{\"@type\":\"BreadcrumbList\",\"@id\":\"https:\\\/\\\/five2oneestate.com\\\/es\\\/socios-locales\\\/#breadcrumb\",\"itemListElement\":[{\"@type\":\"ListItem\",\"position\":1,\"name\":\"Hjem\",\"item\":\"https:\\\/\\\/five2oneestate.com\\\/es\\\/comprar-casa-de-vacaciones-de-lujo\\\/\"},{\"@type\":\"ListItem\",\"position\":2,\"name\":\"Socios locales\"}]},{\"@type\":\"WebSite\",\"@id\":\"https:\\\/\\\/five2oneestate.com\\\/es\\\/#website\",\"url\":\"https:\\\/\\\/five2oneestate.com\\\/es\\\/\",\"name\":\"Five2one Estate\",\"description\":\"Vi g\u00f8r dr\u00f8mme til virkelighed\",\"publisher\":{\"@id\":\"https:\\\/\\\/five2oneestate.com\\\/es\\\/#organization\"},\"potentialAction\":[{\"@type\":\"SearchAction\",\"target\":{\"@type\":\"EntryPoint\",\"urlTemplate\":\"https:\\\/\\\/five2oneestate.com\\\/es\\\/?s={search_term_string}\"},\"query-input\":{\"@type\":\"PropertyValueSpecification\",\"valueRequired\":true,\"valueName\":\"search_term_string\"}}],\"inLanguage\":\"es\"},{\"@type\":\"Organization\",\"@id\":\"https:\\\/\\\/five2oneestate.com\\\/es\\\/#organization\",\"name\":\"Five2one Estate\",\"url\":\"https:\\\/\\\/five2oneestate.com\\\/es\\\/\",\"logo\":{\"@type\":\"ImageObject\",\"inLanguage\":\"es\",\"@id\":\"https:\\\/\\\/five2oneestate.com\\\/es\\\/#\\\/schema\\\/logo\\\/image\\\/\",\"url\":\"https:\\\/\\\/five2oneestate.com\\\/wp-content\\\/uploads\\\/2022\\\/10\\\/Skaermbillede-2022-10-27-kl.-11.10.45-1024x572.png\",\"contentUrl\":\"https:\\\/\\\/five2oneestate.com\\\/wp-content\\\/uploads\\\/2022\\\/10\\\/Skaermbillede-2022-10-27-kl.-11.10.45-1024x572.png\",\"width\":1024,\"height\":572,\"caption\":\"Five2one Estate\"},\"image\":{\"@id\":\"https:\\\/\\\/five2oneestate.com\\\/es\\\/#\\\/schema\\\/logo\\\/image\\\/\"},\"sameAs\":[\"https:\\\/\\\/www.facebook.com\\\/five2oneestate\",\"https:\\\/\\\/www.linkedin.com\\\/company\\\/five2one-estate\",\"https:\\\/\\\/www.instagram.com\\\/five2one.estate\\\/\"]}]}<\/script>\n<!-- \/ Yoast SEO Premium plugin. -->","yoast_head_json":{"title":"Socios locales - Five2one Estate","robots":{"index":"index","follow":"follow","max-snippet":"max-snippet:-1","max-image-preview":"max-image-preview:large","max-video-preview":"max-video-preview:-1"},"canonical":"https:\/\/five2oneestate.com\/es\/socios-locales\/","og_locale":"es_ES","og_type":"article","og_title":"Socios locales","og_description":"Ahorra hasta un 80% en la compra de tu nueva casa de lujo Ya hemos ayudado a muchas familias danesas a hacer realidad su sue\u00f1o de una casa de lujo en el sur de Espa\u00f1a, por una fracci\u00f3n del coste. \u00bfT\u00fa tambi\u00e9n sue\u00f1as con comprar una vivienda en la Costa del Sol? Entonces rellena el [&hellip;]","og_url":"https:\/\/five2oneestate.com\/es\/socios-locales\/","og_site_name":"Five2one Estate","article_publisher":"https:\/\/www.facebook.com\/five2oneestate","article_modified_time":"2025-11-24T10:14:08+00:00","og_image":[{"width":1024,"height":682,"url":"https:\/\/five2oneestate.com\/wp-content\/uploads\/2025\/10\/Billede-1-1024x682.jpg","type":"image\/jpeg"}],"twitter_card":"summary_large_image","schema":{"@context":"https:\/\/schema.org","@graph":[{"@type":"WebPage","@id":"https:\/\/five2oneestate.com\/es\/socios-locales\/","url":"https:\/\/five2oneestate.com\/es\/socios-locales\/","name":"Socios locales - Five2one Estate","isPartOf":{"@id":"https:\/\/five2oneestate.com\/es\/#website"},"primaryImageOfPage":{"@id":"https:\/\/five2oneestate.com\/es\/socios-locales\/#primaryimage"},"image":{"@id":"https:\/\/five2oneestate.com\/es\/socios-locales\/#primaryimage"},"thumbnailUrl":"https:\/\/five2oneestate.com\/wp-content\/uploads\/2025\/10\/Billede-1-1024x682.jpg","datePublished":"2025-10-10T10:04:16+00:00","dateModified":"2025-11-24T10:14:08+00:00","breadcrumb":{"@id":"https:\/\/five2oneestate.com\/es\/socios-locales\/#breadcrumb"},"inLanguage":"es","potentialAction":[{"@type":"ReadAction","target":["https:\/\/five2oneestate.com\/es\/socios-locales\/"]}]},{"@type":"ImageObject","inLanguage":"es","@id":"https:\/\/five2oneestate.com\/es\/socios-locales\/#primaryimage","url":"https:\/\/five2oneestate.com\/wp-content\/uploads\/2025\/10\/Billede-1-1024x682.jpg","contentUrl":"https:\/\/five2oneestate.com\/wp-content\/uploads\/2025\/10\/Billede-1-1024x682.jpg"},{"@type":"BreadcrumbList","@id":"https:\/\/five2oneestate.com\/es\/socios-locales\/#breadcrumb","itemListElement":[{"@type":"ListItem","position":1,"name":"Hjem","item":"https:\/\/five2oneestate.com\/es\/comprar-casa-de-vacaciones-de-lujo\/"},{"@type":"ListItem","position":2,"name":"Socios locales"}]},{"@type":"WebSite","@id":"https:\/\/five2oneestate.com\/es\/#website","url":"https:\/\/five2oneestate.com\/es\/","name":"Five2one Estate","description":"Vi g\u00f8r dr\u00f8mme til virkelighed","publisher":{"@id":"https:\/\/five2oneestate.com\/es\/#organization"},"potentialAction":[{"@type":"SearchAction","target":{"@type":"EntryPoint","urlTemplate":"https:\/\/five2oneestate.com\/es\/?s={search_term_string}"},"query-input":{"@type":"PropertyValueSpecification","valueRequired":true,"valueName":"search_term_string"}}],"inLanguage":"es"},{"@type":"Organization","@id":"https:\/\/five2oneestate.com\/es\/#organization","name":"Five2one Estate","url":"https:\/\/five2oneestate.com\/es\/","logo":{"@type":"ImageObject","inLanguage":"es","@id":"https:\/\/five2oneestate.com\/es\/#\/schema\/logo\/image\/","url":"https:\/\/five2oneestate.com\/wp-content\/uploads\/2022\/10\/Skaermbillede-2022-10-27-kl.-11.10.45-1024x572.png","contentUrl":"https:\/\/five2oneestate.com\/wp-content\/uploads\/2022\/10\/Skaermbillede-2022-10-27-kl.-11.10.45-1024x572.png","width":1024,"height":572,"caption":"Five2one Estate"},"image":{"@id":"https:\/\/five2oneestate.com\/es\/#\/schema\/logo\/image\/"},"sameAs":["https:\/\/www.facebook.com\/five2oneestate","https:\/\/www.linkedin.com\/company\/five2one-estate","https:\/\/www.instagram.com\/five2one.estate\/"]}]}},"_links":{"self":[{"href":"https:\/\/five2oneestate.com\/es\/wp-json\/wp\/v2\/pages\/23058","targetHints":{"allow":["GET"]}}],"collection":[{"href":"https:\/\/five2oneestate.com\/es\/wp-json\/wp\/v2\/pages"}],"about":[{"href":"https:\/\/five2oneestate.com\/es\/wp-json\/wp\/v2\/types\/page"}],"author":[{"embeddable":true,"href":"https:\/\/five2oneestate.com\/es\/wp-json\/wp\/v2\/users\/9"}],"replies":[{"embeddable":true,"href":"https:\/\/five2oneestate.com\/es\/wp-json\/wp\/v2\/comments?post=23058"}],"version-history":[{"count":0,"href":"https:\/\/five2oneestate.com\/es\/wp-json\/wp\/v2\/pages\/23058\/revisions"}],"wp:attachment":[{"href":"https:\/\/five2oneestate.com\/es\/wp-json\/wp\/v2\/media?parent=23058"}],"curies":[{"name":"wp","href":"https:\/\/api.w.org\/{rel}","templated":true}]}}