{"id":22441,"date":"2024-07-04T16:18:07","date_gmt":"2024-07-04T14:18:07","guid":{"rendered":"https:\/\/five2oneestate.com\/empleo-en-five2one\/"},"modified":"2025-11-24T11:10:00","modified_gmt":"2025-11-24T10:10:00","slug":"empleo-en-five2one","status":"publish","type":"page","link":"https:\/\/five2oneestate.com\/es\/empleo-en-five2one\/","title":{"rendered":"Empleo en Five2one"},"content":{"rendered":"\t\t<div data-elementor-type=\"wp-page\" data-elementor-id=\"22441\" class=\"elementor elementor-22441 elementor-20806\" data-elementor-post-type=\"page\">\n\t\t\t\t\t\t<section class=\"elementor-section elementor-top-section elementor-element elementor-element-7a34aa11 elementor-section-content-space-between elementor-section-boxed elementor-section-height-default elementor-section-height-default\" data-id=\"7a34aa11\" data-element_type=\"section\" data-e-type=\"section\" data-settings=\"{&quot;background_background&quot;:&quot;classic&quot;}\">\n\t\t\t\t\t\t<div class=\"elementor-container elementor-column-gap-no\">\n\t\t\t\t\t<div class=\"elementor-column elementor-col-100 elementor-top-column elementor-element elementor-element-464730bb\" data-id=\"464730bb\" data-element_type=\"column\" data-e-type=\"column\">\n\t\t\t<div class=\"elementor-widget-wrap elementor-element-populated\">\n\t\t\t\t\t\t<div class=\"elementor-element elementor-element-75de28b elementor-widget elementor-widget-heading\" data-id=\"75de28b\" data-element_type=\"widget\" data-e-type=\"widget\" data-widget_type=\"heading.default\">\n\t\t\t\t<div class=\"elementor-widget-container\">\n\t\t\t\t\t<h3 class=\"elementor-heading-title elementor-size-default\">Forma parte de la historia de \u00e9xito de Five2one<\/h3>\t\t\t\t<\/div>\n\t\t\t\t<\/div>\n\t\t\t\t<div class=\"elementor-element elementor-element-4074fc4 elementor-widget elementor-widget-text-editor\" data-id=\"4074fc4\" data-element_type=\"widget\" data-e-type=\"widget\" data-widget_type=\"text-editor.default\">\n\t\t\t\t<div class=\"elementor-widget-container\">\n\t\t\t\t\t\t\t\t\t<p style=\"text-align: center;\">\u00bfEst\u00e1s preparado para participar en un apasionante viaje en el sector inmobiliario? \u00a1Five2one est\u00e1 buscando nuevos talentos para unirse a nuestro creciente equipo! <\/p>\t\t\t\t\t\t\t\t<\/div>\n\t\t\t\t<\/div>\n\t\t\t\t\t<\/div>\n\t\t<\/div>\n\t\t\t\t\t<\/div>\n\t\t<\/section>\n\t\t\t\t<section class=\"elementor-section elementor-top-section elementor-element elementor-element-bf873be elementor-section-full_width elementor-section-height-default elementor-section-height-default\" data-id=\"bf873be\" data-element_type=\"section\" data-e-type=\"section\" data-settings=\"{&quot;background_background&quot;:&quot;classic&quot;}\">\n\t\t\t\t\t\t<div class=\"elementor-container elementor-column-gap-default\">\n\t\t\t\t\t<div class=\"elementor-column elementor-col-100 elementor-top-column elementor-element elementor-element-35774a6\" data-id=\"35774a6\" data-element_type=\"column\" data-e-type=\"column\">\n\t\t\t<div class=\"elementor-widget-wrap\">\n\t\t\t\t\t\t\t<\/div>\n\t\t<\/div>\n\t\t\t\t\t<\/div>\n\t\t<\/section>\n\t\t\t\t<section class=\"elementor-section elementor-top-section elementor-element elementor-element-0bfd554 elementor-section-boxed elementor-section-height-default elementor-section-height-default\" data-id=\"0bfd554\" data-element_type=\"section\" data-e-type=\"section\">\n\t\t\t\t\t\t<div class=\"elementor-container elementor-column-gap-default\">\n\t\t\t\t\t<div class=\"elementor-column elementor-col-100 elementor-top-column elementor-element elementor-element-8ef9196\" data-id=\"8ef9196\" data-element_type=\"column\" data-e-type=\"column\">\n\t\t\t<div class=\"elementor-widget-wrap elementor-element-populated\">\n\t\t\t\t\t\t<div class=\"elementor-element elementor-element-ffb73bc elementor-widget elementor-widget-heading\" data-id=\"ffb73bc\" data-element_type=\"widget\" data-e-type=\"widget\" data-widget_type=\"heading.default\">\n\t\t\t\t<div class=\"elementor-widget-container\">\n\t\t\t\t\t<h3 class=\"elementor-heading-title elementor-size-default\">Empleos disponibles en Five2one<\/h3>\t\t\t\t<\/div>\n\t\t\t\t<\/div>\n\t\t\t\t<div class=\"elementor-element elementor-element-20b14a5 elementor-widget elementor-widget-text-editor\" data-id=\"20b14a5\" data-element_type=\"widget\" data-e-type=\"widget\" data-widget_type=\"text-editor.default\">\n\t\t\t\t<div class=\"elementor-widget-container\">\n\t\t\t\t\t\t\t\t\t<p style=\"text-align: center;\">\u00bfEst\u00e1s preparado para dar el siguiente paso en tu carrera profesional en una empresa de r\u00e1pido crecimiento? Entonces Five2one puede ser el lugar adecuado para ti. <\/p><p style=\"text-align: center;\">Explora nuestras vacantes a continuaci\u00f3n y \u00fanete a nuestro emocionante viaje hacia la cima del mercado inmobiliario de la Costa del Sol.<\/p>\t\t\t\t\t\t\t\t<\/div>\n\t\t\t\t<\/div>\n\t\t\t\t\t<\/div>\n\t\t<\/div>\n\t\t\t\t\t<\/div>\n\t\t<\/section>\n\t\t\t\t<section class=\"elementor-section elementor-top-section elementor-element elementor-element-3ab203f elementor-section-boxed elementor-section-height-default elementor-section-height-default\" data-id=\"3ab203f\" data-element_type=\"section\" data-e-type=\"section\">\n\t\t\t\t\t\t<div class=\"elementor-container elementor-column-gap-default\">\n\t\t\t\t\t<div class=\"elementor-column elementor-col-25 elementor-top-column elementor-element elementor-element-e7776d6\" data-id=\"e7776d6\" data-element_type=\"column\" data-e-type=\"column\">\n\t\t\t<div class=\"elementor-widget-wrap\">\n\t\t\t\t\t\t\t<\/div>\n\t\t<\/div>\n\t\t\t\t<div class=\"elementor-column elementor-col-25 elementor-top-column elementor-element elementor-element-83f8dbe\" data-id=\"83f8dbe\" data-element_type=\"column\" data-e-type=\"column\">\n\t\t\t<div class=\"elementor-widget-wrap elementor-element-populated\">\n\t\t\t\t\t\t<div class=\"elementor-element elementor-element-1a7293a elementor-widget elementor-widget-image\" data-id=\"1a7293a\" data-element_type=\"widget\" data-e-type=\"widget\" data-widget_type=\"image.default\">\n\t\t\t\t<div class=\"elementor-widget-container\">\n\t\t\t\t\t\t\t\t\t\t\t\t\t\t\t<img fetchpriority=\"high\" decoding=\"async\" width=\"1024\" height=\"547\" src=\"https:\/\/five2oneestate.com\/wp-content\/uploads\/2024\/12\/servicekoordinator-1024x547.jpg\" class=\"attachment-large size-large wp-image-22447\" alt=\"\" srcset=\"https:\/\/five2oneestate.com\/wp-content\/uploads\/2024\/12\/servicekoordinator-1024x547.jpg 1024w, https:\/\/five2oneestate.com\/wp-content\/uploads\/2024\/12\/servicekoordinator-300x160.jpg 300w, https:\/\/five2oneestate.com\/wp-content\/uploads\/2024\/12\/servicekoordinator-768x410.jpg 768w, https:\/\/five2oneestate.com\/wp-content\/uploads\/2024\/12\/servicekoordinator-1536x820.jpg 1536w, https:\/\/five2oneestate.com\/wp-content\/uploads\/2024\/12\/servicekoordinator-1123x600.jpg 1123w, https:\/\/five2oneestate.com\/wp-content\/uploads\/2024\/12\/servicekoordinator-496x265.jpg 496w, https:\/\/five2oneestate.com\/wp-content\/uploads\/2024\/12\/servicekoordinator.jpg 1771w\" sizes=\"(max-width: 1024px) 100vw, 1024px\" \/>\t\t\t\t\t\t\t\t\t\t\t\t\t\t\t<\/div>\n\t\t\t\t<\/div>\n\t\t\t\t<div class=\"elementor-element elementor-element-993e8b6 elementor-widget elementor-widget-text-editor\" data-id=\"993e8b6\" data-element_type=\"widget\" data-e-type=\"widget\" data-widget_type=\"text-editor.default\">\n\t\t\t\t<div class=\"elementor-widget-container\">\n\t\t\t\t\t\t\t\t\t<p style=\"text-align: center;\"><strong>Coordinadora de Servicios en Five2one<\/strong><\/p>\t\t\t\t\t\t\t\t<\/div>\n\t\t\t\t<\/div>\n\t\t\t\t<div class=\"elementor-element elementor-element-47444fd elementor-widget elementor-widget-text-editor\" data-id=\"47444fd\" data-element_type=\"widget\" data-e-type=\"widget\" data-widget_type=\"text-editor.default\">\n\t\t\t\t<div class=\"elementor-widget-container\">\n\t\t\t\t\t\t\t\t\t<p>Si eres un solucionador de problemas con un buen ojo para los detalles y te encanta coordinar y crear clientes felices a trav\u00e9s de un gran servicio, entonces este podr\u00eda ser el trabajo para ti.<\/p>\t\t\t\t\t\t\t\t<\/div>\n\t\t\t\t<\/div>\n\t\t\t\t<div class=\"elementor-element elementor-element-c06c35a elementor-align-center elementor-widget elementor-widget-button\" data-id=\"c06c35a\" data-element_type=\"widget\" data-e-type=\"widget\" data-widget_type=\"button.default\">\n\t\t\t\t<div class=\"elementor-widget-container\">\n\t\t\t\t\t\t\t\t\t<div class=\"elementor-button-wrapper\">\n\t\t\t\t\t<a class=\"elementor-button elementor-button-link elementor-size-sm\" href=\"https:\/\/five2oneestate.com\/job-hos-five2one\/bliv-servicekoordinator-hos-five2one\/\">\n\t\t\t\t\t\t<span class=\"elementor-button-content-wrapper\">\n\t\t\t\t\t\t\t\t\t<span class=\"elementor-button-text\">M\u00e1s informaci\u00f3n y solicitud aqu\u00ed<\/span>\n\t\t\t\t\t<\/span>\n\t\t\t\t\t<\/a>\n\t\t\t\t<\/div>\n\t\t\t\t\t\t\t\t<\/div>\n\t\t\t\t<\/div>\n\t\t\t\t\t<\/div>\n\t\t<\/div>\n\t\t\t\t<div class=\"elementor-column elementor-col-25 elementor-top-column elementor-element elementor-element-6af5007\" data-id=\"6af5007\" data-element_type=\"column\" data-e-type=\"column\">\n\t\t\t<div class=\"elementor-widget-wrap elementor-element-populated\">\n\t\t\t\t\t\t<div class=\"elementor-element elementor-element-42b1489 elementor-widget elementor-widget-image\" data-id=\"42b1489\" data-element_type=\"widget\" data-e-type=\"widget\" data-widget_type=\"image.default\">\n\t\t\t\t<div class=\"elementor-widget-container\">\n\t\t\t\t\t\t\t\t\t\t\t\t\t\t\t<img decoding=\"async\" width=\"1024\" height=\"547\" src=\"https:\/\/five2oneestate.com\/wp-content\/uploads\/2024\/07\/JOB2-1024x547.jpg\" class=\"attachment-large size-large wp-image-22442\" alt=\"\" srcset=\"https:\/\/five2oneestate.com\/wp-content\/uploads\/2024\/07\/JOB2-1024x547.jpg 1024w, https:\/\/five2oneestate.com\/wp-content\/uploads\/2024\/07\/JOB2-300x160.jpg 300w, https:\/\/five2oneestate.com\/wp-content\/uploads\/2024\/07\/JOB2-768x410.jpg 768w, https:\/\/five2oneestate.com\/wp-content\/uploads\/2024\/07\/JOB2-1536x820.jpg 1536w, https:\/\/five2oneestate.com\/wp-content\/uploads\/2024\/07\/JOB2-1123x600.jpg 1123w, https:\/\/five2oneestate.com\/wp-content\/uploads\/2024\/07\/JOB2-496x265.jpg 496w, https:\/\/five2oneestate.com\/wp-content\/uploads\/2024\/07\/JOB2.jpg 1771w\" sizes=\"(max-width: 1024px) 100vw, 1024px\" \/>\t\t\t\t\t\t\t\t\t\t\t\t\t\t\t<\/div>\n\t\t\t\t<\/div>\n\t\t\t\t<div class=\"elementor-element elementor-element-4f3d8ec elementor-widget elementor-widget-text-editor\" data-id=\"4f3d8ec\" data-element_type=\"widget\" data-e-type=\"widget\" data-widget_type=\"text-editor.default\">\n\t\t\t\t<div class=\"elementor-widget-container\">\n\t\t\t\t\t\t\t\t\t<p style=\"text-align: center;\"><strong>Agente inmobiliario en Five2one<\/strong><\/p>\t\t\t\t\t\t\t\t<\/div>\n\t\t\t\t<\/div>\n\t\t\t\t<div class=\"elementor-element elementor-element-765b46f elementor-widget elementor-widget-text-editor\" data-id=\"765b46f\" data-element_type=\"widget\" data-e-type=\"widget\" data-widget_type=\"text-editor.default\">\n\t\t\t\t<div class=\"elementor-widget-container\">\n\t\t\t\t\t\t\t\t\t<p>Si te apasiona el sector inmobiliario y sue\u00f1as con ayudar a los escandinavos a hacer realidad su sue\u00f1o de tener una casa de vacaciones en Espa\u00f1a, \u00e9sta es tu oportunidad.<\/p>\t\t\t\t\t\t\t\t<\/div>\n\t\t\t\t<\/div>\n\t\t\t\t<div class=\"elementor-element elementor-element-dc2ecdc elementor-align-center elementor-widget elementor-widget-button\" data-id=\"dc2ecdc\" data-element_type=\"widget\" data-e-type=\"widget\" data-widget_type=\"button.default\">\n\t\t\t\t<div class=\"elementor-widget-container\">\n\t\t\t\t\t\t\t\t\t<div class=\"elementor-button-wrapper\">\n\t\t\t\t\t<a class=\"elementor-button elementor-button-link elementor-size-sm\" href=\"https:\/\/five2oneestate.com\/es\/conviertete-en-agente-de-vivienda-con-five2one\/\">\n\t\t\t\t\t\t<span class=\"elementor-button-content-wrapper\">\n\t\t\t\t\t\t\t\t\t<span class=\"elementor-button-text\">M\u00e1s informaci\u00f3n y solicitud aqu\u00ed<\/span>\n\t\t\t\t\t<\/span>\n\t\t\t\t\t<\/a>\n\t\t\t\t<\/div>\n\t\t\t\t\t\t\t\t<\/div>\n\t\t\t\t<\/div>\n\t\t\t\t\t<\/div>\n\t\t<\/div>\n\t\t\t\t<div class=\"elementor-column elementor-col-25 elementor-top-column elementor-element elementor-element-5b2836b\" data-id=\"5b2836b\" data-element_type=\"column\" data-e-type=\"column\">\n\t\t\t<div class=\"elementor-widget-wrap\">\n\t\t\t\t\t\t\t<\/div>\n\t\t<\/div>\n\t\t\t\t\t<\/div>\n\t\t<\/section>\n\t\t\t\t<section class=\"elementor-section elementor-top-section elementor-element elementor-element-80eebfd elementor-section-boxed elementor-section-height-default elementor-section-height-default\" data-id=\"80eebfd\" data-element_type=\"section\" data-e-type=\"section\">\n\t\t\t\t\t\t<div class=\"elementor-container elementor-column-gap-default\">\n\t\t\t\t\t<div class=\"elementor-column elementor-col-100 elementor-top-column elementor-element elementor-element-060ba39\" data-id=\"060ba39\" data-element_type=\"column\" data-e-type=\"column\">\n\t\t\t<div class=\"elementor-widget-wrap elementor-element-populated\">\n\t\t\t\t\t\t<div class=\"elementor-element elementor-element-7f9af0f elementor-widget elementor-widget-spacer\" data-id=\"7f9af0f\" data-element_type=\"widget\" data-e-type=\"widget\" data-widget_type=\"spacer.default\">\n\t\t\t\t<div class=\"elementor-widget-container\">\n\t\t\t\t\t\t\t<div class=\"elementor-spacer\">\n\t\t\t<div class=\"elementor-spacer-inner\"><\/div>\n\t\t<\/div>\n\t\t\t\t\t\t<\/div>\n\t\t\t\t<\/div>\n\t\t\t\t<div class=\"elementor-element elementor-element-12b9d9d elementor-widget elementor-widget-text-editor\" data-id=\"12b9d9d\" data-element_type=\"widget\" data-e-type=\"widget\" data-widget_type=\"text-editor.default\">\n\t\t\t\t<div class=\"elementor-widget-container\">\n\t\t\t\t\t\t\t\t\t<p style=\"text-align: center;\">\u00bfNo has encontrado el trabajo que buscabas? Tenemos nuevas ofertas de trabajo continuamente.<br>Env\u00eda una solicitud espont\u00e1nea a nuestro Director de Oficina a <a style=\"background-color: #f8f8f8;\" href=\"mailto:info@five2oneestate.com\">info@five2oneestate.com<\/a>. <\/p>\t\t\t\t\t\t\t\t<\/div>\n\t\t\t\t<\/div>\n\t\t\t\t\t<\/div>\n\t\t<\/div>\n\t\t\t\t\t<\/div>\n\t\t<\/section>\n\t\t\t\t<section class=\"elementor-section elementor-top-section elementor-element elementor-element-4a9bda7 elementor-section-boxed elementor-section-height-default elementor-section-height-default\" data-id=\"4a9bda7\" data-element_type=\"section\" data-e-type=\"section\">\n\t\t\t\t\t\t<div class=\"elementor-container elementor-column-gap-default\">\n\t\t\t\t\t<div class=\"elementor-column elementor-col-100 elementor-top-column elementor-element elementor-element-49ef1ba\" data-id=\"49ef1ba\" data-element_type=\"column\" data-e-type=\"column\">\n\t\t\t<div class=\"elementor-widget-wrap elementor-element-populated\">\n\t\t\t\t\t\t<div class=\"elementor-element elementor-element-4fb7636 elementor-widget elementor-widget-spacer\" data-id=\"4fb7636\" data-element_type=\"widget\" data-e-type=\"widget\" data-widget_type=\"spacer.default\">\n\t\t\t\t<div class=\"elementor-widget-container\">\n\t\t\t\t\t\t\t<div class=\"elementor-spacer\">\n\t\t\t<div class=\"elementor-spacer-inner\"><\/div>\n\t\t<\/div>\n\t\t\t\t\t\t<\/div>\n\t\t\t\t<\/div>\n\t\t\t\t\t<\/div>\n\t\t<\/div>\n\t\t\t\t\t<\/div>\n\t\t<\/section>\n\t\t\t\t<\/div>\n\t\t","protected":false},"excerpt":{"rendered":"<p>Forma parte de la historia de \u00e9xito de Five2one \u00bfEst\u00e1s preparado para participar en un apasionante viaje en el sector inmobiliario? \u00a1Five2one est\u00e1 buscando nuevos talentos para unirse a nuestro creciente equipo! Empleos disponibles en Five2one \u00bfEst\u00e1s preparado para dar el siguiente paso en tu carrera profesional en una empresa de r\u00e1pido crecimiento? Entonces Five2one [&hellip;]<\/p>\n","protected":false},"author":9,"featured_media":0,"parent":0,"menu_order":0,"comment_status":"closed","ping_status":"closed","template":"elementor_header_footer","meta":{"content-type":"","footnotes":""},"class_list":["post-22441","page","type-page","status-publish","hentry"],"yoast_head":"<!-- This site is optimized with the Yoast SEO Premium plugin v22.3 (Yoast SEO v27.4) - https:\/\/yoast.com\/product\/yoast-seo-premium-wordpress\/ -->\n<title>Empleos disponibles en Five2one<\/title>\n<meta name=\"description\" content=\"Explora nuestras vacantes a continuaci\u00f3n y \u00fanete a nuestro emocionante viaje hacia la cima del mercado inmobiliario de la Costa del Sol.\" \/>\n<meta name=\"robots\" content=\"index, follow, max-snippet:-1, max-image-preview:large, max-video-preview:-1\" \/>\n<link rel=\"canonical\" href=\"https:\/\/five2oneestate.com\/es\/empleo-en-five2one\/\" \/>\n<meta property=\"og:locale\" content=\"es_ES\" \/>\n<meta property=\"og:type\" content=\"article\" \/>\n<meta property=\"og:title\" content=\"Empleo en Five2one\" \/>\n<meta property=\"og:description\" content=\"Explora nuestras vacantes a continuaci\u00f3n y \u00fanete a nuestro emocionante viaje hacia la cima del mercado inmobiliario de la Costa del Sol.\" \/>\n<meta property=\"og:url\" content=\"https:\/\/five2oneestate.com\/es\/empleo-en-five2one\/\" \/>\n<meta property=\"og:site_name\" content=\"Five2one Estate\" \/>\n<meta property=\"article:publisher\" content=\"https:\/\/www.facebook.com\/five2oneestate\" \/>\n<meta property=\"article:modified_time\" content=\"2025-11-24T10:10:00+00:00\" \/>\n<meta property=\"og:image\" content=\"https:\/\/five2oneestate.com\/wp-content\/uploads\/2024\/12\/servicekoordinator.jpg\" \/>\n\t<meta property=\"og:image:width\" content=\"1771\" \/>\n\t<meta property=\"og:image:height\" content=\"946\" \/>\n\t<meta property=\"og:image:type\" content=\"image\/jpeg\" \/>\n<meta name=\"twitter:card\" content=\"summary_large_image\" \/>\n<meta name=\"twitter:label1\" content=\"Est. reading time\" \/>\n\t<meta name=\"twitter:data1\" content=\"1 minuto\" \/>\n<script type=\"application\/ld+json\" class=\"yoast-schema-graph\">{\"@context\":\"https:\\\/\\\/schema.org\",\"@graph\":[{\"@type\":\"WebPage\",\"@id\":\"https:\\\/\\\/five2oneestate.com\\\/es\\\/empleo-en-five2one\\\/\",\"url\":\"https:\\\/\\\/five2oneestate.com\\\/es\\\/empleo-en-five2one\\\/\",\"name\":\"Empleos disponibles en Five2one\",\"isPartOf\":{\"@id\":\"https:\\\/\\\/five2oneestate.com\\\/es\\\/#website\"},\"primaryImageOfPage\":{\"@id\":\"https:\\\/\\\/five2oneestate.com\\\/es\\\/empleo-en-five2one\\\/#primaryimage\"},\"image\":{\"@id\":\"https:\\\/\\\/five2oneestate.com\\\/es\\\/empleo-en-five2one\\\/#primaryimage\"},\"thumbnailUrl\":\"https:\\\/\\\/five2oneestate.com\\\/wp-content\\\/uploads\\\/2024\\\/12\\\/servicekoordinator-1024x547.jpg\",\"datePublished\":\"2024-07-04T14:18:07+00:00\",\"dateModified\":\"2025-11-24T10:10:00+00:00\",\"description\":\"Explora nuestras vacantes a continuaci\u00f3n y \u00fanete a nuestro emocionante viaje hacia la cima del mercado inmobiliario de la Costa del Sol.\",\"breadcrumb\":{\"@id\":\"https:\\\/\\\/five2oneestate.com\\\/es\\\/empleo-en-five2one\\\/#breadcrumb\"},\"inLanguage\":\"es\",\"potentialAction\":[{\"@type\":\"ReadAction\",\"target\":[\"https:\\\/\\\/five2oneestate.com\\\/es\\\/empleo-en-five2one\\\/\"]}]},{\"@type\":\"ImageObject\",\"inLanguage\":\"es\",\"@id\":\"https:\\\/\\\/five2oneestate.com\\\/es\\\/empleo-en-five2one\\\/#primaryimage\",\"url\":\"https:\\\/\\\/five2oneestate.com\\\/wp-content\\\/uploads\\\/2024\\\/12\\\/servicekoordinator-1024x547.jpg\",\"contentUrl\":\"https:\\\/\\\/five2oneestate.com\\\/wp-content\\\/uploads\\\/2024\\\/12\\\/servicekoordinator-1024x547.jpg\"},{\"@type\":\"BreadcrumbList\",\"@id\":\"https:\\\/\\\/five2oneestate.com\\\/es\\\/empleo-en-five2one\\\/#breadcrumb\",\"itemListElement\":[{\"@type\":\"ListItem\",\"position\":1,\"name\":\"Hjem\",\"item\":\"https:\\\/\\\/five2oneestate.com\\\/es\\\/comprar-casa-de-vacaciones-de-lujo\\\/\"},{\"@type\":\"ListItem\",\"position\":2,\"name\":\"Empleo en Five2one\"}]},{\"@type\":\"WebSite\",\"@id\":\"https:\\\/\\\/five2oneestate.com\\\/es\\\/#website\",\"url\":\"https:\\\/\\\/five2oneestate.com\\\/es\\\/\",\"name\":\"Five2one Estate\",\"description\":\"Vi g\u00f8r dr\u00f8mme til virkelighed\",\"publisher\":{\"@id\":\"https:\\\/\\\/five2oneestate.com\\\/es\\\/#organization\"},\"potentialAction\":[{\"@type\":\"SearchAction\",\"target\":{\"@type\":\"EntryPoint\",\"urlTemplate\":\"https:\\\/\\\/five2oneestate.com\\\/es\\\/?s={search_term_string}\"},\"query-input\":{\"@type\":\"PropertyValueSpecification\",\"valueRequired\":true,\"valueName\":\"search_term_string\"}}],\"inLanguage\":\"es\"},{\"@type\":\"Organization\",\"@id\":\"https:\\\/\\\/five2oneestate.com\\\/es\\\/#organization\",\"name\":\"Five2one Estate\",\"url\":\"https:\\\/\\\/five2oneestate.com\\\/es\\\/\",\"logo\":{\"@type\":\"ImageObject\",\"inLanguage\":\"es\",\"@id\":\"https:\\\/\\\/five2oneestate.com\\\/es\\\/#\\\/schema\\\/logo\\\/image\\\/\",\"url\":\"https:\\\/\\\/five2oneestate.com\\\/wp-content\\\/uploads\\\/2022\\\/10\\\/Skaermbillede-2022-10-27-kl.-11.10.45-1024x572.png\",\"contentUrl\":\"https:\\\/\\\/five2oneestate.com\\\/wp-content\\\/uploads\\\/2022\\\/10\\\/Skaermbillede-2022-10-27-kl.-11.10.45-1024x572.png\",\"width\":1024,\"height\":572,\"caption\":\"Five2one Estate\"},\"image\":{\"@id\":\"https:\\\/\\\/five2oneestate.com\\\/es\\\/#\\\/schema\\\/logo\\\/image\\\/\"},\"sameAs\":[\"https:\\\/\\\/www.facebook.com\\\/five2oneestate\",\"https:\\\/\\\/www.linkedin.com\\\/company\\\/five2one-estate\",\"https:\\\/\\\/www.instagram.com\\\/five2one.estate\\\/\"]}]}<\/script>\n<!-- \/ Yoast SEO Premium plugin. -->","yoast_head_json":{"title":"Empleos disponibles en Five2one","description":"Explora nuestras vacantes a continuaci\u00f3n y \u00fanete a nuestro emocionante viaje hacia la cima del mercado inmobiliario de la Costa del Sol.","robots":{"index":"index","follow":"follow","max-snippet":"max-snippet:-1","max-image-preview":"max-image-preview:large","max-video-preview":"max-video-preview:-1"},"canonical":"https:\/\/five2oneestate.com\/es\/empleo-en-five2one\/","og_locale":"es_ES","og_type":"article","og_title":"Empleo en Five2one","og_description":"Explora nuestras vacantes a continuaci\u00f3n y \u00fanete a nuestro emocionante viaje hacia la cima del mercado inmobiliario de la Costa del Sol.","og_url":"https:\/\/five2oneestate.com\/es\/empleo-en-five2one\/","og_site_name":"Five2one Estate","article_publisher":"https:\/\/www.facebook.com\/five2oneestate","article_modified_time":"2025-11-24T10:10:00+00:00","og_image":[{"width":1771,"height":946,"url":"https:\/\/five2oneestate.com\/wp-content\/uploads\/2024\/12\/servicekoordinator.jpg","type":"image\/jpeg"}],"twitter_card":"summary_large_image","twitter_misc":{"Est. reading time":"1 minuto"},"schema":{"@context":"https:\/\/schema.org","@graph":[{"@type":"WebPage","@id":"https:\/\/five2oneestate.com\/es\/empleo-en-five2one\/","url":"https:\/\/five2oneestate.com\/es\/empleo-en-five2one\/","name":"Empleos disponibles en Five2one","isPartOf":{"@id":"https:\/\/five2oneestate.com\/es\/#website"},"primaryImageOfPage":{"@id":"https:\/\/five2oneestate.com\/es\/empleo-en-five2one\/#primaryimage"},"image":{"@id":"https:\/\/five2oneestate.com\/es\/empleo-en-five2one\/#primaryimage"},"thumbnailUrl":"https:\/\/five2oneestate.com\/wp-content\/uploads\/2024\/12\/servicekoordinator-1024x547.jpg","datePublished":"2024-07-04T14:18:07+00:00","dateModified":"2025-11-24T10:10:00+00:00","description":"Explora nuestras vacantes a continuaci\u00f3n y \u00fanete a nuestro emocionante viaje hacia la cima del mercado inmobiliario de la Costa del Sol.","breadcrumb":{"@id":"https:\/\/five2oneestate.com\/es\/empleo-en-five2one\/#breadcrumb"},"inLanguage":"es","potentialAction":[{"@type":"ReadAction","target":["https:\/\/five2oneestate.com\/es\/empleo-en-five2one\/"]}]},{"@type":"ImageObject","inLanguage":"es","@id":"https:\/\/five2oneestate.com\/es\/empleo-en-five2one\/#primaryimage","url":"https:\/\/five2oneestate.com\/wp-content\/uploads\/2024\/12\/servicekoordinator-1024x547.jpg","contentUrl":"https:\/\/five2oneestate.com\/wp-content\/uploads\/2024\/12\/servicekoordinator-1024x547.jpg"},{"@type":"BreadcrumbList","@id":"https:\/\/five2oneestate.com\/es\/empleo-en-five2one\/#breadcrumb","itemListElement":[{"@type":"ListItem","position":1,"name":"Hjem","item":"https:\/\/five2oneestate.com\/es\/comprar-casa-de-vacaciones-de-lujo\/"},{"@type":"ListItem","position":2,"name":"Empleo en Five2one"}]},{"@type":"WebSite","@id":"https:\/\/five2oneestate.com\/es\/#website","url":"https:\/\/five2oneestate.com\/es\/","name":"Five2one Estate","description":"Vi g\u00f8r dr\u00f8mme til virkelighed","publisher":{"@id":"https:\/\/five2oneestate.com\/es\/#organization"},"potentialAction":[{"@type":"SearchAction","target":{"@type":"EntryPoint","urlTemplate":"https:\/\/five2oneestate.com\/es\/?s={search_term_string}"},"query-input":{"@type":"PropertyValueSpecification","valueRequired":true,"valueName":"search_term_string"}}],"inLanguage":"es"},{"@type":"Organization","@id":"https:\/\/five2oneestate.com\/es\/#organization","name":"Five2one Estate","url":"https:\/\/five2oneestate.com\/es\/","logo":{"@type":"ImageObject","inLanguage":"es","@id":"https:\/\/five2oneestate.com\/es\/#\/schema\/logo\/image\/","url":"https:\/\/five2oneestate.com\/wp-content\/uploads\/2022\/10\/Skaermbillede-2022-10-27-kl.-11.10.45-1024x572.png","contentUrl":"https:\/\/five2oneestate.com\/wp-content\/uploads\/2022\/10\/Skaermbillede-2022-10-27-kl.-11.10.45-1024x572.png","width":1024,"height":572,"caption":"Five2one Estate"},"image":{"@id":"https:\/\/five2oneestate.com\/es\/#\/schema\/logo\/image\/"},"sameAs":["https:\/\/www.facebook.com\/five2oneestate","https:\/\/www.linkedin.com\/company\/five2one-estate","https:\/\/www.instagram.com\/five2one.estate\/"]}]}},"_links":{"self":[{"href":"https:\/\/five2oneestate.com\/es\/wp-json\/wp\/v2\/pages\/22441","targetHints":{"allow":["GET"]}}],"collection":[{"href":"https:\/\/five2oneestate.com\/es\/wp-json\/wp\/v2\/pages"}],"about":[{"href":"https:\/\/five2oneestate.com\/es\/wp-json\/wp\/v2\/types\/page"}],"author":[{"embeddable":true,"href":"https:\/\/five2oneestate.com\/es\/wp-json\/wp\/v2\/users\/9"}],"replies":[{"embeddable":true,"href":"https:\/\/five2oneestate.com\/es\/wp-json\/wp\/v2\/comments?post=22441"}],"version-history":[{"count":0,"href":"https:\/\/five2oneestate.com\/es\/wp-json\/wp\/v2\/pages\/22441\/revisions"}],"wp:attachment":[{"href":"https:\/\/five2oneestate.com\/es\/wp-json\/wp\/v2\/media?parent=22441"}],"curies":[{"name":"wp","href":"https:\/\/api.w.org\/{rel}","templated":true}]}}