{"id":22227,"date":"2022-10-02T00:45:06","date_gmt":"2022-10-01T22:45:06","guid":{"rendered":"https:\/\/five2oneestate.com\/politica-de-cookies\/"},"modified":"2025-11-24T11:09:27","modified_gmt":"2025-11-24T10:09:27","slug":"politica-de-cookies","status":"publish","type":"page","link":"https:\/\/five2oneestate.com\/es\/politica-de-cookies\/","title":{"rendered":"Pol\u00edtica de cookies"},"content":{"rendered":"\t\t<div data-elementor-type=\"wp-page\" data-elementor-id=\"22227\" class=\"elementor elementor-22227 elementor-17620\" data-elementor-post-type=\"page\">\n\t\t\t\t\t\t<section class=\"elementor-section elementor-top-section elementor-element elementor-element-45115ca0 elementor-section-height-min-height animated-slow elementor-section-boxed elementor-section-height-default elementor-section-items-middle elementor-invisible\" data-id=\"45115ca0\" data-element_type=\"section\" data-e-type=\"section\" data-settings=\"{&quot;background_background&quot;:&quot;classic&quot;,&quot;animation&quot;:&quot;fadeIn&quot;}\">\n\t\t\t\t\t\t\t<div class=\"elementor-background-overlay\"><\/div>\n\t\t\t\t\t\t\t<div class=\"elementor-container elementor-column-gap-default\">\n\t\t\t\t\t<div class=\"elementor-column elementor-col-100 elementor-top-column elementor-element elementor-element-1526ac2f\" data-id=\"1526ac2f\" data-element_type=\"column\" data-e-type=\"column\">\n\t\t\t<div class=\"elementor-widget-wrap elementor-element-populated\">\n\t\t\t\t\t\t<div class=\"elementor-element elementor-element-537676f elementor-widget elementor-widget-heading\" data-id=\"537676f\" data-element_type=\"widget\" data-e-type=\"widget\" data-widget_type=\"heading.default\">\n\t\t\t\t<div class=\"elementor-widget-container\">\n\t\t\t\t\t<h1 class=\"elementor-heading-title elementor-size-default\">Pol\u00edtica de cookies\n <\/h1>\t\t\t\t<\/div>\n\t\t\t\t<\/div>\n\t\t\t\t\t<\/div>\n\t\t<\/div>\n\t\t\t\t\t<\/div>\n\t\t<\/section>\n\t\t\t\t<section class=\"elementor-section elementor-top-section elementor-element elementor-element-83a69e9 elementor-section-boxed elementor-section-height-default elementor-section-height-default\" data-id=\"83a69e9\" data-element_type=\"section\" data-e-type=\"section\">\n\t\t\t\t\t\t<div class=\"elementor-container elementor-column-gap-default\">\n\t\t\t\t\t<div class=\"elementor-column elementor-col-100 elementor-top-column elementor-element elementor-element-aad4cc6\" data-id=\"aad4cc6\" data-element_type=\"column\" data-e-type=\"column\">\n\t\t\t<div class=\"elementor-widget-wrap\">\n\t\t\t\t\t\t\t<\/div>\n\t\t<\/div>\n\t\t\t\t\t<\/div>\n\t\t<\/section>\n\t\t\t\t<section class=\"elementor-section elementor-top-section elementor-element elementor-element-a9fa2cf elementor-section-boxed elementor-section-height-default elementor-section-height-default\" data-id=\"a9fa2cf\" data-element_type=\"section\" data-e-type=\"section\">\n\t\t\t\t\t\t<div class=\"elementor-container elementor-column-gap-default\">\n\t\t\t\t\t<div class=\"elementor-column elementor-col-100 elementor-top-column elementor-element elementor-element-68449a0\" data-id=\"68449a0\" data-element_type=\"column\" data-e-type=\"column\">\n\t\t\t<div class=\"elementor-widget-wrap\">\n\t\t\t\t\t\t\t<\/div>\n\t\t<\/div>\n\t\t\t\t\t<\/div>\n\t\t<\/section>\n\t\t\t\t<section class=\"elementor-section elementor-top-section elementor-element elementor-element-a450f72 elementor-section-boxed elementor-section-height-default elementor-section-height-default\" data-id=\"a450f72\" data-element_type=\"section\" data-e-type=\"section\">\n\t\t\t\t\t\t<div class=\"elementor-container elementor-column-gap-default\">\n\t\t\t\t\t<div class=\"elementor-column elementor-col-100 elementor-top-column elementor-element elementor-element-0a63f36\" data-id=\"0a63f36\" data-element_type=\"column\" data-e-type=\"column\">\n\t\t\t<div class=\"elementor-widget-wrap elementor-element-populated\">\n\t\t\t\t\t\t<div class=\"elementor-element elementor-element-1304d24 elementor-widget elementor-widget-text-editor\" data-id=\"1304d24\" data-element_type=\"widget\" data-e-type=\"widget\" data-widget_type=\"text-editor.default\">\n\t\t\t\t<div class=\"elementor-widget-container\">\n\t\t\t\t\t\t\t\t\t<p><strong>La finalidad y la base jur\u00eddica de nuestro tratamiento de tus datos personales<\/strong><br>Five2one Estate procesa datos personales de nuestro sitio web, de las redes sociales y de los motores de b\u00fasqueda para comercializar nuestros servicios a clientes existentes y nuevos.<\/p><p>Basamos nuestros esfuerzos de marketing en el consentimiento. Nos aseguramos de que no se rastree a los visitantes de nuestro sitio web antes de que hayan dado su consentimiento. <\/p><p>Cuando nos anunciamos en medios sociales y motores de b\u00fasqueda, incluidos LinkedIn, Facebook e Instagram, dependemos t\u00e9cnicamente de que el medio social y el motor de b\u00fasqueda hayan obtenido el consentimiento de los usuarios que pueden ver nuestros mensajes y de que el consentimiento cumpla realmente los requisitos de ser voluntario, espec\u00edfico, informado y una expresi\u00f3n inequ\u00edvoca de intenci\u00f3n.<\/p><p>Puedes encontrar la base para nuestro tratamiento de datos personales en relaci\u00f3n con nuestro marketing en el Art\u00edculo 6(1)(a) del Reglamento General de Protecci\u00f3n de Datos.<\/p><p><strong>Categor\u00edas de datos personales<\/strong><br>S\u00f3lo tratamos datos personales generales cuando visitas nuestro sitio web o comercializamos nuestros servicios a trav\u00e9s de motores de b\u00fasqueda y medios sociales. Cuando utilizamos las redes sociales o los motores de b\u00fasqueda para el marketing, nos aseguramos de no procesar datos sensibles. S\u00f3lo tratamos la ubicaci\u00f3n geogr\u00e1fica, la edad, el sexo, el lugar de trabajo, la educaci\u00f3n y otros datos personales generales similares.  <\/p><p><strong>Destinatarios y categor\u00edas de destinatarios <\/strong><br>Revelamos o transferimos tus datos personales a los siguientes destinatarios cuando es necesario:<\/p><ul><li>Autoridades, si estamos obligados a hacerlo<\/li><li>Los proveedores de nuestro sitio web y sus subprocesadores<\/li><\/ul><p>Por \u00faltimo, compartimos datos personales de los que somos responsables con las redes sociales y los motores de b\u00fasqueda que utilizamos en nuestro marketing.<\/p><p><strong>Transferencia a destinatarios en terceros pa\u00edses, incluidas organizaciones internacionales<\/strong><br>En la medida de lo posible, no revelamos ni transferimos datos personales a destinatarios fuera de la UE\/EEE. Sin embargo, las bases de datos de las redes sociales est\u00e1n ubicadas en todo el mundo. Por ejemplo, no podemos garantizar que LinkedIn no env\u00ede datos personales a Estados Unidos. Lo mismo se aplica a los datos personales recogidos por el motor de b\u00fasqueda Google, que utilizamos y del que somos responsables en nuestro marketing. Con el paso de los a\u00f1os, esperamos que las bases de datos de las redes sociales se ubiquen en la UE junto con los datos personales atribuibles a ciudadanos de la UE.    <\/p><p><strong>Fuentes de los datos personales recogidos<\/strong><br>Los datos personales proceden de los visitantes de nuestro sitio web y de los usuarios que tienen una cuenta en las redes sociales donde aparecen nuestros anuncios y publicaciones. Cuando visitas Five2one Estate.dk, recogemos datos personales a trav\u00e9s de cookies. Five2one Estate puede utilizar todo tipo de cookies. Lee a continuaci\u00f3n los diferentes tipos de cookies y tu consentimiento para que las utilicemos.   <\/p><p><strong>Qu\u00e9 es una cookie<\/strong><br>Pr\u00e1cticamente todos los sitios web utilizan cookies. Existen b\u00e1sicamente 4 tipos de cookies: <\/p><ol><li>Cookies t\u00e9cnicas: Las cookies t\u00e9cnicas son necesarias para que la gran mayor\u00eda de los sitios web funcionen correctamente. Tambi\u00e9n se aseguran de que no sigas abandonando el sitio web que est\u00e1s visitando. El uso de cookies t\u00e9cnicas no requiere consentimiento.  <\/li><li>Cookies estad\u00edsticas: Las cookies estad\u00edsticas se utilizan para optimizar el dise\u00f1o, la usabilidad y la eficacia de un sitio web.<\/li><\/ol><p>La informaci\u00f3n recogida se utiliza, por ejemplo, para analizar qu\u00e9 informaci\u00f3n es m\u00e1s popular en el sitio y, por tanto, f\u00e1cil de encontrar, con el fin de mejorar la facilidad de uso. Las cookies estad\u00edsticas tambi\u00e9n pueden utilizarse para recopilar estad\u00edsticas de visitas mediante un simple recuento del n\u00famero de visitas a un sitio web. Las cookies estad\u00edsticas suelen tener poco o ning\u00fan impacto en la privacidad, ya que no registran lo que se busca en otros sitios web. Sin embargo, es un requisito que el propietario del sitio web informe y pida consentimiento cuando utilice cookies estad\u00edsticas.   <\/p><ol start=\"3\"><li>Cookies personalizadas: Las cookies personalizadas recopilan informaci\u00f3n sigui\u00e9ndonos por un sitio web, recogiendo nuestra huella digital. Por ello, tambi\u00e9n se denominan &#8220;cookies de seguimiento&#8221;. <\/li><\/ol><p>Las cookies personalizadas se utilizan para ofrecer contenidos m\u00e1s espec\u00edficos y relevantes en el sitio web, por ejemplo, en forma de informaci\u00f3n y art\u00edculos sugeridos. A otros usuarios se les muestran contenidos diferentes en el sitio web porque est\u00e1n interesados en otra cosa. El contenido se selecciona bas\u00e1ndose en la informaci\u00f3n que las cookies personalizadas han recopilado sobre tus b\u00fasquedas, intereses y clics en la web. Por tanto, las cookies personalizadas pueden considerarse como un servicio que te ofrece contenidos relevantes cuando te mueves por la web.   <\/p><p>Un sitio web que recopila informaci\u00f3n utilizando cookies para crear contenido personalizado debe informar sobre ello y obtener el consentimiento.<\/p><ol start=\"4\"><li>Cookies de marketing: Cuando las cookies se utilizan en un contexto comercial para dirigirte anuncios, se trata de cookies de marketing.<\/li><\/ol><p>Las cookies de marketing recopilan informaci\u00f3n sigui\u00e9ndonos en sitios web individuales de la misma forma que las cookies personalizadas. Por lo tanto, las cookies de marketing son tambi\u00e9n &#8220;cookies de seguimiento&#8221;. La informaci\u00f3n recopilada se utiliza para crear una visi\u00f3n general de nuestros intereses, h\u00e1bitos y actividades con el fin de mostrar anuncios relevantes basados en lo que hemos mirado anteriormente. Un sitio web debe informar y obtener el consentimiento cuando utilice cookies de marketing.   <\/p><p><strong>Evitar las cookies<\/strong><br>Si quieres evitar las cookies por completo, tienes que desactivarlas en tu navegador. La configuraci\u00f3n depende del navegador que utilices. Sin embargo, debes tener en cuenta que si haces esto, hay funciones y servicios que no podr\u00e1s utilizar porque requieren que el sitio web recuerde las elecciones que has hecho. Todos los navegadores te permiten eliminar las cookies individualmente o todas a la vez de tu ordenador. La forma de hacerlo depende del navegador que utilices.    <\/p><p><strong>Almacenamiento de tus datos personales<\/strong><br>Tenemos directrices internas sobre el periodo de conservaci\u00f3n de todas las categor\u00edas de datos personales. La documentaci\u00f3n del consentimiento se almacena durante al menos 2 a\u00f1os despu\u00e9s de la \u00faltima vez que se utiliz\u00f3 el consentimiento. Los datos personales de las cookies de nuestro sitio web se almacenan durante distintos periodos de tiempo. Algunos datos de las cookies se eliminan cuando dejas de utilizar nuestro sitio web (fin de sesi\u00f3n). Otros datos de las cookies se almacenan durante varios a\u00f1os. Los datos personales de las redes sociales se almacenan durante todo el tiempo que estemos haciendo marketing en esas redes sociales, a menos que se solicite su eliminaci\u00f3n.     <\/p><p><strong>Decisiones automatizadas, incluida la elaboraci\u00f3n de perfiles<\/strong><br>Nos anunciamos en redes sociales, por ejemplo en Facebook y LinkedIn, y a trav\u00e9s de motores de b\u00fasqueda, incluido Google. En este sentido, entendemos que se produce la elaboraci\u00f3n de perfiles. La l\u00f3gica de la elaboraci\u00f3n de perfiles es que nuestros mensajes se env\u00edan a las personas que los medios sociales en cuesti\u00f3n consideran que tienen m\u00e1s probabilidades de estar interesadas en ellos.  <\/p><p><strong>Tus derechos<\/strong><br>Si quieres ejercer tus derechos, ponte en contacto con nosotros.<\/p><p><strong>Derecho a ver la informaci\u00f3n (derecho de acceso)<\/strong><br>Tienes derecho a acceder a la informaci\u00f3n que procesamos sobre ti.<\/p><p><strong>Derecho de rectificaci\u00f3n (correcci\u00f3n)<\/strong><br>Tienes derecho a que se corrija la informaci\u00f3n incorrecta sobre ti.<\/p><p><strong>Derecho de supresi\u00f3n<\/strong><br>En casos especiales, tienes derecho a que se supriman los datos sobre ti antes de que se produzca nuestra supresi\u00f3n general. Cuando se solicite la supresi\u00f3n, nos aseguraremos, en la medida de lo posible, de que los datos personales se supriman de los sistemas inform\u00e1ticos de los que disponemos t\u00e9cnicamente y que utilizamos en nuestro marketing. Si deseas eliminar datos personales de los que somos responsables conjuntamente nosotros y el medio social correspondiente, te remitimos al sitio web del medio social donde puedes solicitar la eliminaci\u00f3n, incluida la eliminaci\u00f3n de tu propia cuenta.  <\/p><p><strong>Derecho a la limitaci\u00f3n del tratamiento<\/strong><br>En determinados casos, tienes derecho a que se limite el tratamiento de tus datos personales. Si tienes derecho a que se restrinja el tratamiento, en el futuro s\u00f3lo podremos tratar los datos -salvo para su conservaci\u00f3n- con tu consentimiento, o para el reconocimiento, ejercicio o defensa de reclamaciones judiciales, o para proteger a una persona o intereses p\u00fablicos importantes. <\/p><p><strong>Derecho de oposici\u00f3n<\/strong><br>En determinados casos, tienes derecho a oponerte a que procesemos tus datos personales de forma l\u00edcita.<\/p><p><strong>Derecho a transmitir datos (portabilidad de datos)<\/strong><br>En determinados casos, tienes derecho a recibir tus datos personales en un formato estructurado, de uso com\u00fan y legible por m\u00e1quina, y a que estos datos personales se transmitan de un responsable del tratamiento de datos a otro sin impedimentos. Puedes leer m\u00e1s sobre tus derechos en la gu\u00eda de la Agencia Danesa de Protecci\u00f3n de Datos sobre los derechos de los interesados, que encontrar\u00e1s en <a href=\"https:\/\/www.datatilsynet.dk\/\">www.datatilsynet.dk.<\/a> <\/p><p><strong>Reclamaci\u00f3n a la <\/strong> Agencia Danesa de Protecci\u00f3n de Datos<br>Tienes derecho a presentar una reclamaci\u00f3n ante la Agencia Danesa de Protecci\u00f3n de Datos si no est\u00e1s satisfecho con la forma en que procesamos tus datos personales. Puedes encontrar los datos de contacto de la Agencia Danesa de Protecci\u00f3n de Datos en <a href=\"https:\/\/www.datatilsynet.dk\/\">www.datatilsynet.dk.<\/a> <\/p><p><strong>El responsable del tratamiento &#8211; c\u00f3mo ponerse en contacto con nosotros<\/strong><br>www.five2oneestate.dk es Five2one ApS, cvr. n\u00ba 42284548 y puedes ponerte en contacto con el responsable del cumplimiento de las normas sobre datos personales, Jakob Skram-Jensen en <a href=\"mailto:jakob@five2oneestate.dk\">jakob@five2oneestate.dk.<\/a> <\/p><p>.<\/p>\t\t\t\t\t\t\t\t<\/div>\n\t\t\t\t<\/div>\n\t\t\t\t\t<\/div>\n\t\t<\/div>\n\t\t\t\t\t<\/div>\n\t\t<\/section>\n\t\t\t\t<\/div>\n\t\t","protected":false},"excerpt":{"rendered":"<p>Pol\u00edtica de cookies La finalidad y la base jur\u00eddica de nuestro tratamiento de tus datos personalesFive2one Estate procesa datos personales de nuestro sitio web, de las redes sociales y de los motores de b\u00fasqueda para comercializar nuestros servicios a clientes existentes y nuevos. Basamos nuestros esfuerzos de marketing en el consentimiento. Nos aseguramos de que [&hellip;]<\/p>\n","protected":false},"author":1,"featured_media":0,"parent":0,"menu_order":0,"comment_status":"closed","ping_status":"closed","template":"template\/template-homepage.php","meta":{"content-type":"","footnotes":""},"class_list":["post-22227","page","type-page","status-publish","hentry"],"yoast_head":"<!-- This site is optimized with the Yoast SEO Premium plugin v22.3 (Yoast SEO v27.4) - https:\/\/yoast.com\/product\/yoast-seo-premium-wordpress\/ -->\n<title>Pol\u00edtica de cookies - Five2one Estate<\/title>\n<meta name=\"description\" content=\"Five2one Estate trata tus datos personales de forma confidencial y profesional. Basamos nuestros esfuerzos de marketing en el consentimiento.\" \/>\n<meta name=\"robots\" content=\"index, follow, max-snippet:-1, max-image-preview:large, max-video-preview:-1\" \/>\n<link rel=\"canonical\" href=\"https:\/\/five2oneestate.com\/es\/politica-de-cookies\/\" \/>\n<meta property=\"og:locale\" content=\"es_ES\" \/>\n<meta property=\"og:type\" content=\"article\" \/>\n<meta property=\"og:title\" content=\"Pol\u00edtica de cookies\" \/>\n<meta property=\"og:description\" content=\"Five2one Estate trata tus datos personales de forma confidencial y profesional. Basamos nuestros esfuerzos de marketing en el consentimiento.\" \/>\n<meta property=\"og:url\" content=\"https:\/\/five2oneestate.com\/es\/politica-de-cookies\/\" \/>\n<meta property=\"og:site_name\" content=\"Five2one Estate\" \/>\n<meta property=\"article:publisher\" content=\"https:\/\/www.facebook.com\/five2oneestate\" \/>\n<meta property=\"article:modified_time\" content=\"2025-11-24T10:09:27+00:00\" \/>\n<meta name=\"twitter:card\" content=\"summary_large_image\" \/>\n<meta name=\"twitter:label1\" content=\"Est. reading time\" \/>\n\t<meta name=\"twitter:data1\" content=\"8 minutos\" \/>\n<script type=\"application\/ld+json\" class=\"yoast-schema-graph\">{\"@context\":\"https:\\\/\\\/schema.org\",\"@graph\":[{\"@type\":\"WebPage\",\"@id\":\"https:\\\/\\\/five2oneestate.com\\\/es\\\/politica-de-cookies\\\/\",\"url\":\"https:\\\/\\\/five2oneestate.com\\\/es\\\/politica-de-cookies\\\/\",\"name\":\"Pol\u00edtica de cookies - Five2one Estate\",\"isPartOf\":{\"@id\":\"https:\\\/\\\/five2oneestate.com\\\/es\\\/#website\"},\"datePublished\":\"2022-10-01T22:45:06+00:00\",\"dateModified\":\"2025-11-24T10:09:27+00:00\",\"description\":\"Five2one Estate trata tus datos personales de forma confidencial y profesional. Basamos nuestros esfuerzos de marketing en el consentimiento.\",\"breadcrumb\":{\"@id\":\"https:\\\/\\\/five2oneestate.com\\\/es\\\/politica-de-cookies\\\/#breadcrumb\"},\"inLanguage\":\"es\",\"potentialAction\":[{\"@type\":\"ReadAction\",\"target\":[\"https:\\\/\\\/five2oneestate.com\\\/es\\\/politica-de-cookies\\\/\"]}]},{\"@type\":\"BreadcrumbList\",\"@id\":\"https:\\\/\\\/five2oneestate.com\\\/es\\\/politica-de-cookies\\\/#breadcrumb\",\"itemListElement\":[{\"@type\":\"ListItem\",\"position\":1,\"name\":\"Hjem\",\"item\":\"https:\\\/\\\/five2oneestate.com\\\/es\\\/comprar-casa-de-vacaciones-de-lujo\\\/\"},{\"@type\":\"ListItem\",\"position\":2,\"name\":\"Pol\u00edtica de cookies\"}]},{\"@type\":\"WebSite\",\"@id\":\"https:\\\/\\\/five2oneestate.com\\\/es\\\/#website\",\"url\":\"https:\\\/\\\/five2oneestate.com\\\/es\\\/\",\"name\":\"Five2one Estate\",\"description\":\"Vi g\u00f8r dr\u00f8mme til virkelighed\",\"publisher\":{\"@id\":\"https:\\\/\\\/five2oneestate.com\\\/es\\\/#organization\"},\"potentialAction\":[{\"@type\":\"SearchAction\",\"target\":{\"@type\":\"EntryPoint\",\"urlTemplate\":\"https:\\\/\\\/five2oneestate.com\\\/es\\\/?s={search_term_string}\"},\"query-input\":{\"@type\":\"PropertyValueSpecification\",\"valueRequired\":true,\"valueName\":\"search_term_string\"}}],\"inLanguage\":\"es\"},{\"@type\":\"Organization\",\"@id\":\"https:\\\/\\\/five2oneestate.com\\\/es\\\/#organization\",\"name\":\"Five2one Estate\",\"url\":\"https:\\\/\\\/five2oneestate.com\\\/es\\\/\",\"logo\":{\"@type\":\"ImageObject\",\"inLanguage\":\"es\",\"@id\":\"https:\\\/\\\/five2oneestate.com\\\/es\\\/#\\\/schema\\\/logo\\\/image\\\/\",\"url\":\"https:\\\/\\\/five2oneestate.com\\\/wp-content\\\/uploads\\\/2022\\\/10\\\/Skaermbillede-2022-10-27-kl.-11.10.45-1024x572.png\",\"contentUrl\":\"https:\\\/\\\/five2oneestate.com\\\/wp-content\\\/uploads\\\/2022\\\/10\\\/Skaermbillede-2022-10-27-kl.-11.10.45-1024x572.png\",\"width\":1024,\"height\":572,\"caption\":\"Five2one Estate\"},\"image\":{\"@id\":\"https:\\\/\\\/five2oneestate.com\\\/es\\\/#\\\/schema\\\/logo\\\/image\\\/\"},\"sameAs\":[\"https:\\\/\\\/www.facebook.com\\\/five2oneestate\",\"https:\\\/\\\/www.linkedin.com\\\/company\\\/five2one-estate\",\"https:\\\/\\\/www.instagram.com\\\/five2one.estate\\\/\"]}]}<\/script>\n<!-- \/ Yoast SEO Premium plugin. -->","yoast_head_json":{"title":"Pol\u00edtica de cookies - Five2one Estate","description":"Five2one Estate trata tus datos personales de forma confidencial y profesional. Basamos nuestros esfuerzos de marketing en el consentimiento.","robots":{"index":"index","follow":"follow","max-snippet":"max-snippet:-1","max-image-preview":"max-image-preview:large","max-video-preview":"max-video-preview:-1"},"canonical":"https:\/\/five2oneestate.com\/es\/politica-de-cookies\/","og_locale":"es_ES","og_type":"article","og_title":"Pol\u00edtica de cookies","og_description":"Five2one Estate trata tus datos personales de forma confidencial y profesional. Basamos nuestros esfuerzos de marketing en el consentimiento.","og_url":"https:\/\/five2oneestate.com\/es\/politica-de-cookies\/","og_site_name":"Five2one Estate","article_publisher":"https:\/\/www.facebook.com\/five2oneestate","article_modified_time":"2025-11-24T10:09:27+00:00","twitter_card":"summary_large_image","twitter_misc":{"Est. reading time":"8 minutos"},"schema":{"@context":"https:\/\/schema.org","@graph":[{"@type":"WebPage","@id":"https:\/\/five2oneestate.com\/es\/politica-de-cookies\/","url":"https:\/\/five2oneestate.com\/es\/politica-de-cookies\/","name":"Pol\u00edtica de cookies - Five2one Estate","isPartOf":{"@id":"https:\/\/five2oneestate.com\/es\/#website"},"datePublished":"2022-10-01T22:45:06+00:00","dateModified":"2025-11-24T10:09:27+00:00","description":"Five2one Estate trata tus datos personales de forma confidencial y profesional. Basamos nuestros esfuerzos de marketing en el consentimiento.","breadcrumb":{"@id":"https:\/\/five2oneestate.com\/es\/politica-de-cookies\/#breadcrumb"},"inLanguage":"es","potentialAction":[{"@type":"ReadAction","target":["https:\/\/five2oneestate.com\/es\/politica-de-cookies\/"]}]},{"@type":"BreadcrumbList","@id":"https:\/\/five2oneestate.com\/es\/politica-de-cookies\/#breadcrumb","itemListElement":[{"@type":"ListItem","position":1,"name":"Hjem","item":"https:\/\/five2oneestate.com\/es\/comprar-casa-de-vacaciones-de-lujo\/"},{"@type":"ListItem","position":2,"name":"Pol\u00edtica de cookies"}]},{"@type":"WebSite","@id":"https:\/\/five2oneestate.com\/es\/#website","url":"https:\/\/five2oneestate.com\/es\/","name":"Five2one Estate","description":"Vi g\u00f8r dr\u00f8mme til virkelighed","publisher":{"@id":"https:\/\/five2oneestate.com\/es\/#organization"},"potentialAction":[{"@type":"SearchAction","target":{"@type":"EntryPoint","urlTemplate":"https:\/\/five2oneestate.com\/es\/?s={search_term_string}"},"query-input":{"@type":"PropertyValueSpecification","valueRequired":true,"valueName":"search_term_string"}}],"inLanguage":"es"},{"@type":"Organization","@id":"https:\/\/five2oneestate.com\/es\/#organization","name":"Five2one Estate","url":"https:\/\/five2oneestate.com\/es\/","logo":{"@type":"ImageObject","inLanguage":"es","@id":"https:\/\/five2oneestate.com\/es\/#\/schema\/logo\/image\/","url":"https:\/\/five2oneestate.com\/wp-content\/uploads\/2022\/10\/Skaermbillede-2022-10-27-kl.-11.10.45-1024x572.png","contentUrl":"https:\/\/five2oneestate.com\/wp-content\/uploads\/2022\/10\/Skaermbillede-2022-10-27-kl.-11.10.45-1024x572.png","width":1024,"height":572,"caption":"Five2one Estate"},"image":{"@id":"https:\/\/five2oneestate.com\/es\/#\/schema\/logo\/image\/"},"sameAs":["https:\/\/www.facebook.com\/five2oneestate","https:\/\/www.linkedin.com\/company\/five2one-estate","https:\/\/www.instagram.com\/five2one.estate\/"]}]}},"_links":{"self":[{"href":"https:\/\/five2oneestate.com\/es\/wp-json\/wp\/v2\/pages\/22227","targetHints":{"allow":["GET"]}}],"collection":[{"href":"https:\/\/five2oneestate.com\/es\/wp-json\/wp\/v2\/pages"}],"about":[{"href":"https:\/\/five2oneestate.com\/es\/wp-json\/wp\/v2\/types\/page"}],"author":[{"embeddable":true,"href":"https:\/\/five2oneestate.com\/es\/wp-json\/wp\/v2\/users\/1"}],"replies":[{"embeddable":true,"href":"https:\/\/five2oneestate.com\/es\/wp-json\/wp\/v2\/comments?post=22227"}],"version-history":[{"count":0,"href":"https:\/\/five2oneestate.com\/es\/wp-json\/wp\/v2\/pages\/22227\/revisions"}],"wp:attachment":[{"href":"https:\/\/five2oneestate.com\/es\/wp-json\/wp\/v2\/media?parent=22227"}],"curies":[{"name":"wp","href":"https:\/\/api.w.org\/{rel}","templated":true}]}}